{"id":5456,"date":"2020-08-18T11:37:21","date_gmt":"2020-08-18T08:37:21","guid":{"rendered":"https:\/\/www.linofleks.com\/?page_id=5456"},"modified":"2020-08-18T11:37:21","modified_gmt":"2020-08-18T08:37:21","slug":"naturalflex-karo-hali-tutkali","status":"publish","type":"page","link":"https:\/\/www.linofleks.com\/ru\/naturalflex-karo-hali-tutkali\/","title":{"rendered":"\u041a\u043b\u0435\u0439 \u0434\u043b\u044f \u043a\u043e\u0432\u0440\u043e\u0432\u043e\u0439 \u043f\u043b\u0438\u0442\u043a\u0438 Naturalflex"},"content":{"rendered":"<section class=\"wpb_row vc_row-fluid\"><div class=\"container\"><div class=\"row\"><div class=\"wpb_column vc_column_container vc_col-sm-12\"><div class=\"vc_column-inner\"><div class=\"wpb_wrapper\"  ><h2 style=\"text-align: center;font-family:Open Sans;font-weight:600;font-style:normal\" class=\"vc_custom_heading\" >\u041a\u043b\u0435\u0439 \u0434\u043b\u044f \u043a\u043e\u0432\u0440\u043e\u0432\u043e\u0439 \u043f\u043b\u0438\u0442\u043a\u0438 Naturalflex<\/h2><\/div><\/div><\/div><\/div><\/div><\/section><section class=\"wpb_row vc_row-fluid\"><div class=\"container\"><div class=\"row\"><div class=\"wpb_column vc_column_container vc_col-sm-6\"><div class=\"vc_column-inner\"><div class=\"wpb_wrapper\"  ><h4 style=\"text-align: center;font-family:Open Sans;font-weight:400;font-style:normal\" class=\"vc_custom_heading\" >\u041f\u043e\u0434 \u0440\u043e\u0432\u043d\u044b\u043c \u043f\u043e\u043b\u043e\u043c \u041c\u042b \u0412\u0421\u0415\u0413\u0414\u0410 \u0417\u0414\u0415\u0421\u042c<\/h4>\n\t<div  class=\"wpb_single_image wpb_content_element vc_align_center\">\n\t\t\n\t\t<figure class=\"wpb_wrapper vc_figure\">\n\t\t\t<div class=\"vc_single_image-wrapper   vc_box_border_grey\"><img loading=\"lazy\" decoding=\"async\" width=\"169\" height=\"300\" src=\"https:\/\/www.linofleks.com\/wp-content\/uploads\/2019\/04\/556-169x300.jpeg\" class=\"vc_single_image-img attachment-medium\" alt=\"\" srcset=\"https:\/\/www.linofleks.com\/wp-content\/uploads\/2019\/04\/556-169x300.jpeg 169w, https:\/\/www.linofleks.com\/wp-content\/uploads\/2019\/04\/556.jpeg 578w\" sizes=\"auto, (max-width: 169px) 100vw, 169px\" \/><\/div>\n\t\t<\/figure>\n\t<\/div>\n<\/div><\/div><\/div><div class=\"wpb_column vc_column_container vc_col-sm-6\"><div class=\"vc_column-inner\"><div class=\"wpb_wrapper\"  ><div class=\"vc_separator wpb_content_element vc_separator_align_center vc_sep_width_100 vc_sep_pos_align_center vc_sep_color_green vc_separator-has-text\" ><span class=\"vc_sep_holder vc_sep_holder_l\"><span  class=\"vc_sep_line\"><\/span><\/span><h4>\u00d6ZELL\u0130KLER<\/h4><span class=\"vc_sep_holder vc_sep_holder_r\"><span  class=\"vc_sep_line\"><\/span><\/span>\n<\/div>\n\t<div class=\"wpb_text_column wpb_content_element\" >\n\t\t<div class=\"wpb_wrapper\">\n\t\t\t<p>Teknik \u00d6zellikler<\/p>\n<p>Karo hal\u0131lar\u0131 zemin \u00fczerinde sabitleyerek kaymas\u0131n\u0131 \u00f6nleyen ve gerekti\u011finde s\u00f6k\u00fclmesini sa\u011flayan \u00f6zel yap\u0131\u015ft\u0131rma \u00fcr\u00fcn\u00fcd\u00fcr. PVC, PU ve bitumen tabanl\u0131 karo hal\u0131lar i\u00e7in, emici ve emici olmayan zeminler \u00fczerinde, evsel ve ticari alanlar i\u00e7in kullan\u0131labilir.<\/p>\n<p>Solvent i\u00e7ermez.<\/p>\n<p>&nbsp;<\/p>\n<p>Ambalaj\u00a0\u00a0\u00a0\u00a0\u00a0\u00a0\u00a0\u00a0\u00a0 : 10 kg<\/p>\n<p>Sarfiyat\u00a0\u00a0\u00a0\u00a0\u00a0\u00a0\u00a0\u00a0\u00a0\u00a0\u00a0 : 50 gr\/m2 &#8211; 100 gr\/m2<\/p>\n\n\t\t<\/div>\n\t<\/div>\n<\/div><\/div><\/div><\/div><\/div><\/section><section class=\"wpb_row vc_row-fluid\"><div class=\"container\"><div class=\"row\"><div class=\"wpb_column vc_column_container vc_col-sm-12\"><div class=\"vc_column-inner\"><div class=\"wpb_wrapper\"  >\n\t<div class=\"wpb_text_column wpb_content_element\" >\n\t\t<div class=\"wpb_wrapper\">\n\t\t\t<p><strong>Naturalfleks Karo Hal\u0131 Tutkal\u0131<\/strong> Karo hal\u0131 yap\u0131\u015ft\u0131r\u0131c\u0131 dispersiyon esasl\u0131 yap\u0131\u015ft\u0131rma \u00f6zelli\u011fini s\u00fcrekli koruyan yap\u0131\u015ft\u0131r\u0131c\u0131d\u0131r. PVC, Loose Lay, y\u00fcn, ke\u00e7e, s\u0131rtl\u0131 hal\u0131 karolar\u0131n\u0131n ve serbest PVC karolar\u0131n\u0131n yap\u0131\u015ft\u0131r\u0131lmas\u0131nda kullan\u0131l\u0131r.<\/p>\n\n\t\t<\/div>\n\t<\/div>\n<\/div><\/div><\/div><\/div><\/div><\/section>","protected":false},"excerpt":{"rendered":"Naturalflex Karo Hal\u0131 Tutkal\u0131P\u00fcr\u00fczs\u00fcz bir zeminin alt\u0131nda MUTLAKA B\u0130Z VARIZ! \u00d6ZELL\u0130KLER Teknik \u00d6zellikler Karo hal\u0131lar\u0131 zemin \u00fczerinde sabitleyerek kaymas\u0131n\u0131 \u00f6nleyen ve gerekti\u011finde s\u00f6k\u00fclmesini sa\u011flayan \u00f6zel yap\u0131\u015ft\u0131rma \u00fcr\u00fcn\u00fcd\u00fcr. PVC, PU ve bitumen tabanl\u0131 karo hal\u0131lar i\u00e7in, emici ve emici olmayan zeminler \u00fczerinde, evsel ve ticari alanlar i\u00e7in kullan\u0131labilir. Solvent i\u00e7ermez. &nbsp; Ambalaj\u00a0\u00a0\u00a0\u00a0\u00a0\u00a0\u00a0\u00a0\u00a0 : 10 kg Sarfiyat\u00a0\u00a0\u00a0\u00a0\u00a0\u00a0\u00a0\u00a0\u00a0\u00a0\u00a0 [...]","protected":false},"author":1,"featured_media":0,"parent":0,"menu_order":0,"comment_status":"closed","ping_status":"closed","template":"","meta":{"footnotes":""},"class_list":["post-5456","page","type-page","status-publish","hentry"],"_links":{"self":[{"href":"https:\/\/www.linofleks.com\/ru\/wp-json\/wp\/v2\/pages\/5456","targetHints":{"allow":["GET"]}}],"collection":[{"href":"https:\/\/www.linofleks.com\/ru\/wp-json\/wp\/v2\/pages"}],"about":[{"href":"https:\/\/www.linofleks.com\/ru\/wp-json\/wp\/v2\/types\/page"}],"author":[{"embeddable":true,"href":"https:\/\/www.linofleks.com\/ru\/wp-json\/wp\/v2\/users\/1"}],"replies":[{"embeddable":true,"href":"https:\/\/www.linofleks.com\/ru\/wp-json\/wp\/v2\/comments?post=5456"}],"version-history":[{"count":1,"href":"https:\/\/www.linofleks.com\/ru\/wp-json\/wp\/v2\/pages\/5456\/revisions"}],"predecessor-version":[{"id":5457,"href":"https:\/\/www.linofleks.com\/ru\/wp-json\/wp\/v2\/pages\/5456\/revisions\/5457"}],"wp:attachment":[{"href":"https:\/\/www.linofleks.com\/ru\/wp-json\/wp\/v2\/media?parent=5456"}],"curies":[{"name":"wp","href":"https:\/\/api.w.org\/{rel}","templated":true}]}}