{"id":5453,"date":"2020-08-18T11:34:40","date_gmt":"2020-08-18T08:34:40","guid":{"rendered":"https:\/\/www.linofleks.com\/?page_id=5453"},"modified":"2020-08-18T11:35:41","modified_gmt":"2020-08-18T08:35:41","slug":"naturalfleks-pvc-tutkali","status":"publish","type":"page","link":"https:\/\/www.linofleks.com\/ru\/naturalfleks-pvc-tutkali\/","title":{"rendered":"Naturalfleks PVC Tutkal\u0131"},"content":{"rendered":"<section class=\"wpb_row vc_row-fluid\"><div class=\"container\"><div class=\"row\"><div class=\"wpb_column vc_column_container vc_col-sm-12\"><div class=\"vc_column-inner\"><div class=\"wpb_wrapper\"  ><h2 style=\"text-align: center;font-family:Open Sans;font-weight:600;font-style:normal\" class=\"vc_custom_heading\" >Naturalfleks PVC Tutkal\u0131<\/h2><\/div><\/div><\/div><\/div><\/div><\/section><section class=\"wpb_row vc_row-fluid\"><div class=\"container\"><div class=\"row\"><div class=\"wpb_column vc_column_container vc_col-sm-6\"><div class=\"vc_column-inner\"><div class=\"wpb_wrapper\"  ><h4 style=\"text-align: center;font-family:Open Sans;font-weight:400;font-style:normal\" class=\"vc_custom_heading\" >\u041f\u043e\u0434 \u0440\u043e\u0432\u043d\u044b\u043c \u043f\u043e\u043b\u043e\u043c \u041c\u042b \u0412\u0421\u0415\u0413\u0414\u0410 \u0417\u0414\u0415\u0421\u042c<\/h4>\n\t<div  class=\"wpb_single_image wpb_content_element vc_align_center\">\n\t\t\n\t\t<figure class=\"wpb_wrapper vc_figure\">\n\t\t\t<div class=\"vc_single_image-wrapper   vc_box_border_grey\"><img loading=\"lazy\" decoding=\"async\" width=\"169\" height=\"300\" src=\"https:\/\/www.linofleks.com\/wp-content\/uploads\/2019\/04\/556-169x300.jpeg\" class=\"vc_single_image-img attachment-medium\" alt=\"\" srcset=\"https:\/\/www.linofleks.com\/wp-content\/uploads\/2019\/04\/556-169x300.jpeg 169w, https:\/\/www.linofleks.com\/wp-content\/uploads\/2019\/04\/556.jpeg 578w\" sizes=\"auto, (max-width: 169px) 100vw, 169px\" \/><\/div>\n\t\t<\/figure>\n\t<\/div>\n<\/div><\/div><\/div><div class=\"wpb_column vc_column_container vc_col-sm-6\"><div class=\"vc_column-inner\"><div class=\"wpb_wrapper\"  ><div class=\"vc_separator wpb_content_element vc_separator_align_center vc_sep_width_100 vc_sep_pos_align_center vc_sep_color_green vc_separator-has-text\" ><span class=\"vc_sep_holder vc_sep_holder_l\"><span  class=\"vc_sep_line\"><\/span><\/span><h4>\u00d6ZELL\u0130KLER<\/h4><span class=\"vc_sep_holder vc_sep_holder_r\"><span  class=\"vc_sep_line\"><\/span><\/span>\n<\/div>\n\t<div class=\"wpb_text_column wpb_content_element\" >\n\t\t<div class=\"wpb_wrapper\">\n\t\t\t<p>Teknik \u00d6zellikler<\/p>\n<p>PVC, vinil ve tekstil zemin kaplamalar\u0131 i\u00e7in \u00fcretilmi\u015f solvent i\u00e7ermeyen dispersiyon yap\u0131\u015ft\u0131r\u0131c\u0131d\u0131r. \u0130\u00e7 mekanlarda, d\u00fc\u015f\u00fck katk\u0131 i\u00e7eri\u011fi sayesinde, ince uygulamalar i\u00e7in \u00fcretilmi\u015f dispersiyon yap\u0131\u015ft\u0131r\u0131c\u0131d\u0131r. Homojen ve heterojen PVC zemin kaplamalar\u0131 yap\u0131\u015ft\u0131rmas\u0131nda, PVC, k\u00f6p\u00fck ve latex arkal\u0131\u011f\u0131 bulunan hal\u0131lar\u0131n yap\u0131\u015fmas\u0131nda, tesviye edilmi\u015f, emici y\u00fczeylerde, evsel ve ticari zeminlerde kullan\u0131labilir.<\/p>\n<p>Solvent i\u00e7ermez.<\/p>\n<p>&nbsp;<\/p>\n<p>Ambalaj\u00a0\u00a0\u00a0\u00a0\u00a0\u00a0\u00a0\u00a0\u00a0 : 20 kg<\/p>\n<p>Sarfiyat\u00a0\u00a0\u00a0\u00a0\u00a0\u00a0\u00a0\u00a0\u00a0\u00a0\u00a0 : 300 gr\/m2 &#8211; 350 gr\/m2<\/p>\n\n\t\t<\/div>\n\t<\/div>\n<\/div><\/div><\/div><\/div><\/div><\/section><section class=\"wpb_row vc_row-fluid\"><div class=\"container\"><div class=\"row\"><div class=\"wpb_column vc_column_container vc_col-sm-12\"><div class=\"vc_column-inner\"><div class=\"wpb_wrapper\"  >\n\t<div class=\"wpb_text_column wpb_content_element\" >\n\t\t<div class=\"wpb_wrapper\">\n\t\t\t<p>PVC\u2019den mam\u00fcl kaplama malzemelerinin, taban\u0131 PVC, PU ve lateks kapl\u0131 tekstil yer d\u00f6\u015femelerinin yap\u0131\u015ft\u0131r\u0131lmas\u0131nda kullan\u0131l\u0131r.<\/p>\n\n\t\t<\/div>\n\t<\/div>\n<\/div><\/div><\/div><\/div><\/div><\/section>","protected":false},"excerpt":{"rendered":"Naturalfleks PVC Tutkal\u0131P\u00fcr\u00fczs\u00fcz bir zeminin alt\u0131nda MUTLAKA B\u0130Z VARIZ! \u00d6ZELL\u0130KLER Teknik \u00d6zellikler PVC, vinil ve tekstil zemin kaplamalar\u0131 i\u00e7in \u00fcretilmi\u015f solvent i\u00e7ermeyen dispersiyon yap\u0131\u015ft\u0131r\u0131c\u0131d\u0131r. \u0130\u00e7 mekanlarda, d\u00fc\u015f\u00fck katk\u0131 i\u00e7eri\u011fi sayesinde, ince uygulamalar i\u00e7in \u00fcretilmi\u015f dispersiyon yap\u0131\u015ft\u0131r\u0131c\u0131d\u0131r. Homojen ve heterojen PVC zemin kaplamalar\u0131 yap\u0131\u015ft\u0131rmas\u0131nda, PVC, k\u00f6p\u00fck ve latex arkal\u0131\u011f\u0131 bulunan hal\u0131lar\u0131n yap\u0131\u015fmas\u0131nda, tesviye edilmi\u015f, emici y\u00fczeylerde, [...]","protected":false},"author":1,"featured_media":0,"parent":0,"menu_order":0,"comment_status":"closed","ping_status":"closed","template":"page-templates\/template-fullwidth.php","meta":{"footnotes":""},"class_list":["post-5453","page","type-page","status-publish","hentry"],"_links":{"self":[{"href":"https:\/\/www.linofleks.com\/ru\/wp-json\/wp\/v2\/pages\/5453","targetHints":{"allow":["GET"]}}],"collection":[{"href":"https:\/\/www.linofleks.com\/ru\/wp-json\/wp\/v2\/pages"}],"about":[{"href":"https:\/\/www.linofleks.com\/ru\/wp-json\/wp\/v2\/types\/page"}],"author":[{"embeddable":true,"href":"https:\/\/www.linofleks.com\/ru\/wp-json\/wp\/v2\/users\/1"}],"replies":[{"embeddable":true,"href":"https:\/\/www.linofleks.com\/ru\/wp-json\/wp\/v2\/comments?post=5453"}],"version-history":[{"count":1,"href":"https:\/\/www.linofleks.com\/ru\/wp-json\/wp\/v2\/pages\/5453\/revisions"}],"predecessor-version":[{"id":5454,"href":"https:\/\/www.linofleks.com\/ru\/wp-json\/wp\/v2\/pages\/5453\/revisions\/5454"}],"wp:attachment":[{"href":"https:\/\/www.linofleks.com\/ru\/wp-json\/wp\/v2\/media?parent=5453"}],"curies":[{"name":"wp","href":"https:\/\/api.w.org\/{rel}","templated":true}]}}