{"id":5448,"date":"2020-08-18T11:31:48","date_gmt":"2020-08-18T08:31:48","guid":{"rendered":"https:\/\/www.linofleks.com\/?page_id=5448"},"modified":"2020-08-18T11:32:52","modified_gmt":"2020-08-18T08:32:52","slug":"naturalflex-primer","status":"publish","type":"page","link":"https:\/\/www.linofleks.com\/ru\/naturalflex-primer\/","title":{"rendered":"\u041f\u0440\u0430\u0439\u043c\u0435\u0440 Naturalflex"},"content":{"rendered":"<section class=\"wpb_row vc_row-fluid\"><div class=\"container\"><div class=\"row\"><div class=\"wpb_column vc_column_container vc_col-sm-12\"><div class=\"vc_column-inner\"><div class=\"wpb_wrapper\"  ><h2 style=\"text-align: center;font-family:Open Sans;font-weight:600;font-style:normal\" class=\"vc_custom_heading\" >\u041f\u0440\u0430\u0439\u043c\u0435\u0440 Naturalflex<\/h2><\/div><\/div><\/div><\/div><\/div><\/section><section class=\"wpb_row vc_row-fluid\"><div class=\"container\"><div class=\"row\"><div class=\"wpb_column vc_column_container vc_col-sm-6\"><div class=\"vc_column-inner\"><div class=\"wpb_wrapper\"  ><h4 style=\"text-align: center;font-family:Open Sans;font-weight:400;font-style:normal\" class=\"vc_custom_heading\" >\u041f\u043e\u0434 \u0440\u043e\u0432\u043d\u044b\u043c \u043f\u043e\u043b\u043e\u043c \u041c\u042b \u0412\u0421\u0415\u0413\u0414\u0410 \u0417\u0414\u0415\u0421\u042c<\/h4>\n\t<div  class=\"wpb_single_image wpb_content_element vc_align_center\">\n\t\t\n\t\t<figure class=\"wpb_wrapper vc_figure\">\n\t\t\t<div class=\"vc_single_image-wrapper   vc_box_border_grey\"><img loading=\"lazy\" decoding=\"async\" width=\"169\" height=\"300\" src=\"https:\/\/www.linofleks.com\/wp-content\/uploads\/2019\/04\/556-169x300.jpeg\" class=\"vc_single_image-img attachment-medium\" alt=\"\" srcset=\"https:\/\/www.linofleks.com\/wp-content\/uploads\/2019\/04\/556-169x300.jpeg 169w, https:\/\/www.linofleks.com\/wp-content\/uploads\/2019\/04\/556.jpeg 578w\" sizes=\"auto, (max-width: 169px) 100vw, 169px\" \/><\/div>\n\t\t<\/figure>\n\t<\/div>\n<\/div><\/div><\/div><div class=\"wpb_column vc_column_container vc_col-sm-6\"><div class=\"vc_column-inner\"><div class=\"wpb_wrapper\"  ><div class=\"vc_separator wpb_content_element vc_separator_align_center vc_sep_width_100 vc_sep_pos_align_center vc_sep_color_green vc_separator-has-text\" ><span class=\"vc_sep_holder vc_sep_holder_l\"><span  class=\"vc_sep_line\"><\/span><\/span><h4>\u00d6ZELL\u0130KLER<\/h4><span class=\"vc_sep_holder vc_sep_holder_r\"><span  class=\"vc_sep_line\"><\/span><\/span>\n<\/div>\n\t<div class=\"wpb_text_column wpb_content_element\" >\n\t\t<div class=\"wpb_wrapper\">\n\t\t\t<p>Teknik \u00d6zellikler<\/p>\n<p>Yeni ve eski zeminler i\u00e7in uygundur. Yeni beton d\u00f6k\u00fclm\u00fc\u015f, emici veya \u00fczerinde yap\u0131\u015ft\u0131r\u0131c\u0131 ve daha \u00f6nceden uygulanm\u0131\u015f tesviye \u015fap\u0131 art\u0131\u011f\u0131 bulunan zeminler i\u00e7in uygun bir dispersiyon Kuruma s\u00fcresi k\u0131sad\u0131r ve zaman kazand\u0131r\u0131r. Kullan\u0131ma haz\u0131r bir \u00fcr\u00fcnd\u00fcr ve bu sayede kar\u0131\u015ft\u0131rma hatalar\u0131n\u0131n \u00f6nler. Tesviye \u015fap\u0131n\u0131n yere ba\u011flanma g\u00fcc\u00fcn\u00fc artt\u0131r\u0131r.<\/p>\n<p>\u015eeffaf, p\u00fcr\u00fczs\u00fcz, bir film tabakas\u0131 olu\u015funcaya kadar kurumaya b\u0131rak\u0131n\u0131z.<\/p>\n<p>Ambalaj\u00a0\u00a0\u00a0\u00a0\u00a0\u00a0\u00a0\u00a0\u00a0 : 20 kg<\/p>\n<p>Sarfiyat\u00a0\u00a0\u00a0\u00a0\u00a0\u00a0\u00a0\u00a0\u00a0\u00a0\u00a0 : 100 gr\/m2 &#8211; 150 gr\/m2<\/p>\n\n\t\t<\/div>\n\t<\/div>\n<\/div><\/div><\/div><\/div><\/div><\/section><section class=\"wpb_row vc_row-fluid\"><div class=\"container\"><div class=\"row\"><div class=\"wpb_column vc_column_container vc_col-sm-12\"><div class=\"vc_column-inner\"><div class=\"wpb_wrapper\"  >\n\t<div class=\"wpb_text_column wpb_content_element\" >\n\t\t<div class=\"wpb_wrapper\">\n\t\t\t<p><strong>Naturalfleks Primer<\/strong> \u042d\u0442\u043e \u0434\u0438\u0441\u043f\u0435\u0440\u0441\u0438\u043e\u043d\u043d\u0430\u044f \u0433\u0440\u0443\u043d\u0442\u043e\u0432\u043a\u0430 \u0434\u043b\u044f \u0432\u043f\u0438\u0442\u044b\u0432\u0430\u044e\u0449\u0438\u0445 \u0438 \u043d\u0435 \u0432\u043f\u0438\u0442\u044b\u0432\u0430\u044e\u0449\u0438\u0445 \u043f\u043e\u043b\u043e\u0432 \u0438 \u0441\u0442\u0435\u043d, \u043a\u043e\u0442\u043e\u0440\u0443\u044e \u043c\u043e\u0436\u043d\u043e \u043d\u0430\u043d\u043e\u0441\u0438\u0442\u044c \u043a\u0430\u043a \u0432\u043d\u0443\u0442\u0440\u0438, \u0442\u0430\u043a \u0438 \u0441\u043d\u0430\u0440\u0443\u0436\u0438 \u043f\u043e\u043c\u0435\u0449\u0435\u043d\u0438\u0439. \u0418\u0441\u043f\u043e\u043b\u044c\u0437\u0443\u0435\u0442\u0441\u044f \u0434\u043b\u044f \u0443\u043b\u0443\u0447\u0448\u0435\u043d\u0438\u044f \u0441\u0446\u0435\u043f\u043b\u0435\u043d\u0438\u044f \u043f\u0435\u0440\u0435\u0434 \u0441\u0442\u044f\u0436\u043a\u043e\u0439 \u0438 \u043f\u0440\u0435\u0434\u043e\u0442\u0432\u0440\u0430\u0449\u0435\u043d\u0438\u044f \u043f\u044b\u043b\u0435\u043d\u0438\u044f.<\/p>\n\n\t\t<\/div>\n\t<\/div>\n<\/div><\/div><\/div><\/div><\/div><\/section>","protected":false},"excerpt":{"rendered":"Naturalflex PrimerP\u00fcr\u00fczs\u00fcz bir zeminin alt\u0131nda MUTLAKA B\u0130Z VARIZ! \u00d6ZELL\u0130KLER Teknik \u00d6zellikler Yeni ve eski zeminler i\u00e7in uygundur. Yeni beton d\u00f6k\u00fclm\u00fc\u015f, emici veya \u00fczerinde yap\u0131\u015ft\u0131r\u0131c\u0131 ve daha \u00f6nceden uygulanm\u0131\u015f tesviye \u015fap\u0131 art\u0131\u011f\u0131 bulunan zeminler i\u00e7in uygun bir dispersiyon Kuruma s\u00fcresi k\u0131sad\u0131r ve zaman kazand\u0131r\u0131r. Kullan\u0131ma haz\u0131r bir \u00fcr\u00fcnd\u00fcr ve bu sayede kar\u0131\u015ft\u0131rma hatalar\u0131n\u0131n \u00f6nler. Tesviye \u015fap\u0131n\u0131n [...]","protected":false},"author":1,"featured_media":0,"parent":0,"menu_order":0,"comment_status":"closed","ping_status":"closed","template":"page-templates\/template-fullwidth.php","meta":{"footnotes":""},"class_list":["post-5448","page","type-page","status-publish","hentry"],"_links":{"self":[{"href":"https:\/\/www.linofleks.com\/ru\/wp-json\/wp\/v2\/pages\/5448","targetHints":{"allow":["GET"]}}],"collection":[{"href":"https:\/\/www.linofleks.com\/ru\/wp-json\/wp\/v2\/pages"}],"about":[{"href":"https:\/\/www.linofleks.com\/ru\/wp-json\/wp\/v2\/types\/page"}],"author":[{"embeddable":true,"href":"https:\/\/www.linofleks.com\/ru\/wp-json\/wp\/v2\/users\/1"}],"replies":[{"embeddable":true,"href":"https:\/\/www.linofleks.com\/ru\/wp-json\/wp\/v2\/comments?post=5448"}],"version-history":[{"count":3,"href":"https:\/\/www.linofleks.com\/ru\/wp-json\/wp\/v2\/pages\/5448\/revisions"}],"predecessor-version":[{"id":5451,"href":"https:\/\/www.linofleks.com\/ru\/wp-json\/wp\/v2\/pages\/5448\/revisions\/5451"}],"wp:attachment":[{"href":"https:\/\/www.linofleks.com\/ru\/wp-json\/wp\/v2\/media?parent=5448"}],"curies":[{"name":"wp","href":"https:\/\/api.w.org\/{rel}","templated":true}]}}