{"id":5369,"date":"2019-10-30T16:18:54","date_gmt":"2019-10-30T13:18:54","guid":{"rendered":"https:\/\/www.linofleks.com\/?page_id=5369"},"modified":"2021-02-04T14:49:05","modified_gmt":"2021-02-04T11:49:05","slug":"pvc-paneller","status":"publish","type":"page","link":"https:\/\/www.linofleks.com\/ru\/pvc-paneller\/","title":{"rendered":"\u041f\u0430\u043d\u0435\u043b\u0438 \u041f\u0412\u0425"},"content":{"rendered":"<section class=\"wpb_row vc_row-fluid\"><div class=\"container\"><div class=\"row\"><div class=\"wpb_column vc_column_container vc_col-sm-2\"><div class=\"vc_column-inner\"><div class=\"wpb_wrapper\"  ><\/div><\/div><\/div><div class=\"wpb_column vc_column_container vc_col-sm-8\"><div class=\"vc_column-inner\"><div class=\"wpb_wrapper\"  >\n\t<div class=\"wpb_text_column wpb_content_element\" >\n\t\t<div class=\"wpb_wrapper\">\n\t\t\t<h2>\u041f\u0430\u043d\u0435\u043b\u0438 \u041f\u0412\u0425<\/h2>\n<p><strong><img loading=\"lazy\" decoding=\"async\" class=\"alignnone wp-image-5793 size-medium\" src=\"https:\/\/www.linofleks.com\/wp-content\/uploads\/2021\/02\/PPG_LF30_patlamis-300x300.jpg\" alt=\"\" width=\"300\" height=\"300\" srcset=\"https:\/\/www.linofleks.com\/wp-content\/uploads\/2021\/02\/PPG_LF30_patlamis-300x300.jpg 300w, https:\/\/www.linofleks.com\/wp-content\/uploads\/2021\/02\/PPG_LF30_patlamis-1024x1024.jpg 1024w, https:\/\/www.linofleks.com\/wp-content\/uploads\/2021\/02\/PPG_LF30_patlamis-150x150.jpg 150w, https:\/\/www.linofleks.com\/wp-content\/uploads\/2021\/02\/PPG_LF30_patlamis-768x768.jpg 768w, https:\/\/www.linofleks.com\/wp-content\/uploads\/2021\/02\/PPG_LF30_patlamis-1536x1536.jpg 1536w, https:\/\/www.linofleks.com\/wp-content\/uploads\/2021\/02\/PPG_LF30_patlamis-2048x2048.jpg 2048w\" sizes=\"auto, (max-width: 300px) 100vw, 300px\" \/><\/strong><\/p>\n<p><strong>PPF-LF30<\/strong><\/p>\n<p>600x600x30 \u043c\u043c. \u041e\u0441\u043d\u043e\u0432\u043d\u044b\u0435 \u043f\u0430\u043d\u0435\u043b\u0438 \u0438\u0437 \u0414\u0421\u041f \u0432\u044b\u0441\u043e\u043a\u043e\u0439 \u043f\u043b\u043e\u0442\u043d\u043e\u0441\u0442\u0438 \u043f\u043e\u043a\u0440\u044b\u0442\u044b \u0430\u043b\u044e\u043c\u0438\u043d\u0438\u0435\u043c \u0442\u043e\u043b\u0449\u0438\u043d\u043e\u0439 0,1 \u043c\u043c \u0441\u043d\u0438\u0437\u0443, 2 \u043c\u043c \u0430\u043d\u0442\u0438\u0441\u0442\u0430\u0442\u0438\u0447\u0435\u0441\u043a\u0438\u043c \u043a\u043e\u043c\u043f\u0430\u043a\u0442\u043d\u044b\u043c \u041f\u0412\u0425 \u0441\u0432\u0435\u0440\u0445\u0443 \u0438 \u0436\u0435\u0441\u0442\u043a\u0438\u043c\u0438 \u043a\u0440\u043e\u043c\u043e\u0447\u043d\u044b\u043c\u0438 \u043f\u043e\u043b\u043e\u0441\u0430\u043c\u0438 \u0438\u0437 \u041f\u0412\u0425 \u043d\u0430 \u0431\u043e\u043a\u043e\u0432\u044b\u0445 \u043f\u043e\u0432\u0435\u0440\u0445\u043d\u043e\u0441\u0442\u044f\u0445 \u043f\u0430\u043d\u0435\u043b\u0438.<\/p>\n<p><strong>\u041e\u0421\u041e\u0411\u0415\u041d\u041d\u041e\u0421\u0422\u0418 \u041f\u0410\u041d\u0415\u041b\u0418 PPF-LF30<\/strong><\/p>\n<table width=\"100%\">\n<tbody>\n<tr>\n<td>\u0420\u0430\u0437\u043c\u0435\u0440\u044b \u043f\u0430\u043d\u0435\u043b\u0438<\/td>\n<td>: 600X600X30 \u043c\u043c<\/td>\n<\/tr>\n<tr>\n<td>\u0412\u0435\u0440\u0445\u043d\u044f\u044f \u043f\u043e\u0432\u0435\u0440\u0445\u043d\u043e\u0441\u0442\u044c<\/td>\n<td>: 2 \u043c\u043c \u043a\u043e\u043c\u043f\u0430\u043a\u0442\u043d\u044b\u0439 \u041f\u0412\u0425<\/td>\n<\/tr>\n<tr>\n<td>\u041f\u043e\u0434\u043f\u043e\u0432\u0435\u0440\u0445\u043d\u043e\u0441\u0442\u044c<\/td>\n<td>: \u0410\u043b\u044e\u043c\u0438\u043d\u0438\u0435\u0432\u0430\u044f \u0444\u043e\u043b\u044c\u0433\u0430<\/td>\n<\/tr>\n<tr>\n<td>\u041a\u0440\u0430\u0435\u0432\u043e\u0435 \u043f\u043e\u043a\u0440\u044b\u0442\u0438\u0435<\/td>\n<td>: \u0416\u0435\u0441\u0442\u043a\u0430\u044f \u043a\u0440\u043e\u043c\u043e\u0447\u043d\u0430\u044f \u043b\u0435\u043d\u0442\u0430 \u0438\u0437 \u041f\u0412\u0425<\/td>\n<\/tr>\n<tr>\n<td>\u0412\u0435\u0441 \u043f\u0430\u043d\u0435\u043b\u0438<\/td>\n<td>: 7,6 \u043a\u0433 \/ \u043f\u0430\u043d\u0435\u043b\u044c<\/td>\n<\/tr>\n<tr>\n<td>\u042d\u043a\u0441\u0442\u0440\u0430\u043a\u0442 \u043f\u0430\u043d\u0435\u043b\u0438<\/td>\n<td>: \u0414\u0421\u041f \u0432\u044b\u0441\u043e\u043a\u043e\u0439 \u043f\u043b\u043e\u0442\u043d\u043e\u0441\u0442\u0438<\/td>\n<\/tr>\n<tr>\n<td>\u0420\u0430\u0431\u043e\u0447\u0430\u044f \u043d\u0430\u0433\u0440\u0443\u0437\u043a\u0430<\/td>\n<td>: 2,06 kN<\/td>\n<\/tr>\n<tr>\n<td>\u041c\u0430\u043a\u0441\u0438\u043c\u0430\u043b\u044c\u043d\u0430\u044f \u0437\u0430\u0433\u0440\u0443\u0437\u043a\u0430<\/td>\n<td>: 6,2 kN<\/td>\n<\/tr>\n<tr>\n<td>\u041a\u043b\u0430\u0441\u0441 \u043f\u043e\u0436\u0430\u0440\u0430<\/td>\n<td>: Bfl-S1<\/td>\n<\/tr>\n<tr>\n<td>\u041a\u043b\u0430\u0441\u0441 \u043f\u0440\u043e\u0433\u0438\u0431\u0430 \u043f\u0430\u043d\u0435\u043b\u044c\u043d\u043e\u0439 \u043d\u0430\u0433\u0440\u0443\u0437\u043a\u0438<\/td>\n<td>: 2C<\/td>\n<\/tr>\n<\/tbody>\n<\/table>\n\n\t\t<\/div>\n\t<\/div>\n\n\t<div class=\"wpb_text_column wpb_content_element\" >\n\t\t<div class=\"wpb_wrapper\">\n\t\t\t<p><strong>PPG-LF40<\/strong><\/p>\n<p>\u0412\u043d\u0443\u0442\u0440\u0435\u043d\u043d\u0438\u0435 \u043f\u0430\u043d\u0435\u043b\u0438 \u0438\u0437 \u0414\u0421\u041f \u0432\u044b\u0441\u043e\u043a\u043e\u0439 \u043f\u043b\u043e\u0442\u043d\u043e\u0441\u0442\u0438 \u0440\u0430\u0437\u043c\u0435\u0440\u043e\u043c 600x600x40 \u043c\u043c \u043f\u043e\u043a\u0440\u044b\u0442\u044b \u043e\u0446\u0438\u043d\u043a\u043e\u0432\u0430\u043d\u043d\u043e\u0439 \u0441\u0442\u0430\u043b\u044c\u044e \u0442\u043e\u043b\u0449\u0438\u043d\u043e\u0439 0,05 \u043c\u043c \u0441\u043d\u0438\u0437\u0443, 2 \u043c\u043c \u0430\u043d\u0442\u0438\u0441\u0442\u0430\u0442\u0438\u0447\u0435\u0441\u043a\u0438\u043c \u043a\u043e\u043c\u043f\u0430\u043a\u0442\u043d\u044b\u043c \u041f\u0412\u0425 \u0441\u0432\u0435\u0440\u0445\u0443 \u0438 \u043a\u0440\u043e\u043c\u043a\u043e\u0439 \u0438\u0437 \u0436\u0435\u0441\u0442\u043a\u043e\u0433\u043e \u041f\u0412\u0425 \u043d\u0430 \u0431\u043e\u043a\u043e\u0432\u044b\u0445 \u043f\u043e\u0432\u0435\u0440\u0445\u043d\u043e\u0441\u0442\u044f\u0445 \u043f\u0430\u043d\u0435\u043b\u0438.<\/p>\n<p><strong>\u041e\u0421\u041e\u0411\u0415\u041d\u041d\u041e\u0421\u0422\u0418 \u041f\u0410\u041d\u0415\u041b\u0418 PPG-LF40<\/strong><\/p>\n<table width=\"100%\">\n<tbody>\n<tr>\n<td><strong>\u0420\u0430\u0437\u043c\u0435\u0440\u044b \u043f\u0430\u043d\u0435\u043b\u0438<\/strong><\/td>\n<td>: 600X600X40MM<\/td>\n<\/tr>\n<tr>\n<td><strong>\u0412\u0435\u0440\u0445\u043d\u044f\u044f \u043f\u043e\u0432\u0435\u0440\u0445\u043d\u043e\u0441\u0442\u044c<\/strong><\/td>\n<td>: 2 \u043c\u043c \u043a\u043e\u043c\u043f\u0430\u043a\u0442\u043d\u044b\u0439 \u041f\u0412\u0425<\/td>\n<\/tr>\n<tr>\n<td><strong>\u041f\u043e\u0434\u043f\u043e\u0432\u0435\u0440\u0445\u043d\u043e\u0441\u0442\u044c<\/strong><\/td>\n<td>: \u041e\u0446\u0438\u043d\u043a\u043e\u0432\u0430\u043d\u043d\u0430\u044f \u0441\u0442\u0430\u043b\u044c<\/td>\n<\/tr>\n<tr>\n<td><strong>\u041a\u0440\u0430\u0435\u0432\u043e\u0435 \u043f\u043e\u043a\u0440\u044b\u0442\u0438\u0435<\/strong><\/td>\n<td>: \u0416\u0435\u0441\u0442\u043a\u0430\u044f \u043a\u0440\u043e\u043c\u043e\u0447\u043d\u0430\u044f \u043b\u0435\u043d\u0442\u0430 \u0438\u0437 \u041f\u0412\u0425<\/td>\n<\/tr>\n<tr>\n<td><strong>\u0412\u0435\u0441 \u043f\u0430\u043d\u0435\u043b\u0438<\/strong><\/td>\n<td>: 10,8 \u043a\u0433 \/ \u043f\u0430\u043d\u0435\u043b\u044c<\/td>\n<\/tr>\n<tr>\n<td><strong>\u042d\u043a\u0441\u0442\u0440\u0430\u043a\u0442 \u043f\u0430\u043d\u0435\u043b\u0438<\/strong><\/td>\n<td>: \u0414\u0421\u041f \u0432\u044b\u0441\u043e\u043a\u043e\u0439 \u043f\u043b\u043e\u0442\u043d\u043e\u0441\u0442\u0438<\/td>\n<\/tr>\n<tr>\n<td><strong>\u0420\u0430\u0431\u043e\u0447\u0430\u044f \u043d\u0430\u0433\u0440\u0443\u0437\u043a\u0430<\/strong><\/td>\n<td>: 4 kN<\/td>\n<\/tr>\n<tr>\n<td><strong>\u041c\u0430\u043a\u0441\u0438\u043c\u0430\u043b\u044c\u043d\u0430\u044f \u0437\u0430\u0433\u0440\u0443\u0437\u043a\u0430<\/strong><\/td>\n<td>: 12 kN<\/td>\n<\/tr>\n<tr>\n<td><strong>\u041a\u043b\u0430\u0441\u0441 \u043f\u043e\u0436\u0430\u0440\u0430<\/strong><\/td>\n<td>: Bfl-S1<\/td>\n<\/tr>\n<tr>\n<td><strong>\u041a\u043b\u0430\u0441\u0441 \u043f\u0440\u043e\u0433\u0438\u0431\u0430 \u043f\u0430\u043d\u0435\u043b\u044c\u043d\u043e\u0439 \u043d\u0430\u0433\u0440\u0443\u0437\u043a\u0438<\/strong><\/td>\n<td>: 6C<\/td>\n<\/tr>\n<\/tbody>\n<\/table>\n\n\t\t<\/div>\n\t<\/div>\n<\/div><\/div><\/div><div class=\"wpb_column vc_column_container vc_col-sm-2\"><div class=\"vc_column-inner\"><div class=\"wpb_wrapper\"  ><\/div><\/div><\/div><\/div><\/div><\/section>","protected":false},"excerpt":{"rendered":"PVC Paneller PPF-LF30 600x600x30 mm ebatlar\u0131nda Y\u00fcksek Yo\u011funluklu Yonga levha \u00f6zl\u00fc paneller, alttan 0,1 mm al\u00fcminyum, \u00fcstten 2mm Antistatik Kompakt PVC ve panel yan y\u00fczeyleri sert PVC kenar band\u0131 ile kaplanmaktad\u0131r. PPF-LF30 PANEL \u00d6ZELL\u0130KLER\u0130 Panel Boyutlar\u0131 : 600X600X30MM \u00dcst Y\u00fczey : 2 mm Kompakt PVC Alt Y\u00fczey : Al\u00fcminyum Folyo Kenar Kaplama : Sert PVC [...]","protected":false},"author":1,"featured_media":0,"parent":0,"menu_order":0,"comment_status":"closed","ping_status":"closed","template":"page-templates\/template-fullwidth.php","meta":{"footnotes":""},"class_list":["post-5369","page","type-page","status-publish","hentry"],"_links":{"self":[{"href":"https:\/\/www.linofleks.com\/ru\/wp-json\/wp\/v2\/pages\/5369","targetHints":{"allow":["GET"]}}],"collection":[{"href":"https:\/\/www.linofleks.com\/ru\/wp-json\/wp\/v2\/pages"}],"about":[{"href":"https:\/\/www.linofleks.com\/ru\/wp-json\/wp\/v2\/types\/page"}],"author":[{"embeddable":true,"href":"https:\/\/www.linofleks.com\/ru\/wp-json\/wp\/v2\/users\/1"}],"replies":[{"embeddable":true,"href":"https:\/\/www.linofleks.com\/ru\/wp-json\/wp\/v2\/comments?post=5369"}],"version-history":[{"count":4,"href":"https:\/\/www.linofleks.com\/ru\/wp-json\/wp\/v2\/pages\/5369\/revisions"}],"predecessor-version":[{"id":5816,"href":"https:\/\/www.linofleks.com\/ru\/wp-json\/wp\/v2\/pages\/5369\/revisions\/5816"}],"wp:attachment":[{"href":"https:\/\/www.linofleks.com\/ru\/wp-json\/wp\/v2\/media?parent=5369"}],"curies":[{"name":"wp","href":"https:\/\/api.w.org\/{rel}","templated":true}]}}