{"id":4973,"date":"2019-05-22T18:47:35","date_gmt":"2019-05-22T15:47:35","guid":{"rendered":"https:\/\/www.linofleks.com\/?page_id=4973"},"modified":"2019-05-23T16:43:16","modified_gmt":"2019-05-23T13:43:16","slug":"marmara","status":"publish","type":"page","link":"https:\/\/www.linofleks.com\/ru\/marmara\/","title":{"rendered":"Marmara"},"content":{"rendered":"<section class=\"wpb_row vc_row-fluid\"><div class=\"container\"><div class=\"row\"><div class=\"wpb_column vc_column_container vc_col-sm-12\"><div class=\"vc_column-inner\"><div class=\"wpb_wrapper\"  ><h2 style=\"text-align: center;font-family:Roboto;font-weight:500;font-style:normal\" class=\"vc_custom_heading\" >\u041f\u043e\u043b\u044b \u0438\u0437 \u041f\u0412\u0425 \u0434\u043b\u044f \u043a\u043e\u043c\u043c\u0435\u0440\u0447\u0435\u0441\u043a\u0438\u0445 \u043f\u043e\u043c\u0435\u0449\u0435\u043d\u0438\u0439 - Marmara<\/h2><\/div><\/div><\/div><\/div><\/div><\/section><section class=\"wpb_row vc_row-fluid\"><div class=\"container\"><div class=\"row\"><div class=\"wpb_column vc_column_container vc_col-sm-8\"><div class=\"vc_column-inner\"><div class=\"wpb_wrapper\"  >\n\t<div class=\"wpb_text_column wpb_content_element\" >\n\t\t<div class=\"wpb_wrapper\">\n\t\t\t\n\t\t<!-- MasterSlider -->\n\t\t<div id=\"P_MS69e1290b59f21\" class=\"master-slider-parent ms-thumbs-template ms-parent-id-119\" style=\"max-width:1000px;\"  >\n\n\t\t\t\n\t\t\t<!-- MasterSlider Main -->\n\t\t\t<div id=\"MS69e1290b59f21\" class=\"master-slider ms-skin-default\" >\n\t\t\t\t \t\t\t\t \n\t\t\t<div  class=\"ms-slide\" data-delay=\"3\" data-fill-mode=\"fill\"  data-id=\"1\"  >\n\t\t\t\t\t<img decoding=\"async\" src=\"https:\/\/www.linofleks.com\/wp-content\/plugins\/masterslider\/public\/assets\/css\/blank.gif\" alt=\"\" title=\"Above-One-743-Brick-\" data-src=\"https:\/\/www.linofleks.com\/wp-content\/uploads\/2019\/05\/GL4012-135.jpg\" \/>\n\n\t\t\t\t\t<div class=\"ms-info\"><h3><span style=\"color: #ffffff;\"><br \/>GL4012-135<\/span><\/h3><\/div>\n\n\n\t<img decoding=\"async\" class=\"ms-thumb\" src=\"https:\/\/www.linofleks.com\/wp-content\/uploads\/2019\/05\/GL4012-135.jpg\" alt=\"\" \/>\n\t\t\t\t<\/div>\n\t\t\t<div  class=\"ms-slide\" data-delay=\"3\" data-fill-mode=\"fill\"  data-id=\"745\"  >\n\t\t\t\t\t<img decoding=\"async\" src=\"https:\/\/www.linofleks.com\/wp-content\/plugins\/masterslider\/public\/assets\/css\/blank.gif\" alt=\"\" title=\"Above-One-743-Brick-\" data-src=\"https:\/\/www.linofleks.com\/wp-content\/uploads\/2019\/05\/GL4012-133.jpg\" \/>\n\n\t\t\t\t\t<div class=\"ms-info\"><h3><span style=\"color: #ffffff;\"><br \/>GL4012-133<\/span><\/h3><\/div>\n\n\n\t<img decoding=\"async\" class=\"ms-thumb\" src=\"https:\/\/www.linofleks.com\/wp-content\/uploads\/2019\/05\/GL4012-133.jpg\" alt=\"\" \/>\n\t\t\t\t<\/div>\n\t\t\t<div  class=\"ms-slide\" data-delay=\"3\" data-fill-mode=\"fill\"  data-id=\"746\"  >\n\t\t\t\t\t<img decoding=\"async\" src=\"https:\/\/www.linofleks.com\/wp-content\/plugins\/masterslider\/public\/assets\/css\/blank.gif\" alt=\"\" title=\"Above-One-755-Brick-\" data-src=\"https:\/\/www.linofleks.com\/wp-content\/uploads\/2019\/05\/GL4012-131.jpg\" \/>\n\n\t\t\t\t\t<div class=\"ms-info\"><h3><span style=\"color: #ffffff;\"><br \/>GL4012-131<\/span><\/h3><\/div>\n\n\n\t<img decoding=\"async\" class=\"ms-thumb\" src=\"https:\/\/www.linofleks.com\/wp-content\/uploads\/2019\/05\/GL4012-131.jpg\" alt=\"\" \/>\n\t\t\t\t<\/div>\n\t\t\t<div  class=\"ms-slide\" data-delay=\"3\" data-fill-mode=\"fill\"  data-id=\"747\"  >\n\t\t\t\t\t<img decoding=\"async\" src=\"https:\/\/www.linofleks.com\/wp-content\/plugins\/masterslider\/public\/assets\/css\/blank.gif\" alt=\"\" title=\"Above-One-777-Brick-\" data-src=\"https:\/\/www.linofleks.com\/wp-content\/uploads\/2019\/05\/GL4012-129.jpg\" \/>\n\n\t\t\t\t\t<div class=\"ms-info\"><h3><span style=\"color: #ffffff;\"><br \/>GL4012-129<\/span><\/h3><\/div>\n\n\n\t<img decoding=\"async\" class=\"ms-thumb\" src=\"https:\/\/www.linofleks.com\/wp-content\/uploads\/2019\/05\/GL4012-129.jpg\" alt=\"\" \/>\n\t\t\t\t<\/div>\n\t\t\t<div  class=\"ms-slide\" data-delay=\"3\" data-fill-mode=\"fill\"  data-id=\"776\"  >\n\t\t\t\t\t<img decoding=\"async\" src=\"https:\/\/www.linofleks.com\/wp-content\/plugins\/masterslider\/public\/assets\/css\/blank.gif\" alt=\"\" title=\"Above-one-749-Brick-\" data-src=\"https:\/\/www.linofleks.com\/wp-content\/uploads\/2019\/05\/GL4012-127.jpg\" \/>\n\n\t\t\t\t\t<div class=\"ms-info\"><h3><span style=\"color: #ffffff;\"><br \/>GL4012-127<\/span><\/h3><\/div>\n\n\n\t<img decoding=\"async\" class=\"ms-thumb\" src=\"https:\/\/www.linofleks.com\/wp-content\/uploads\/2019\/05\/GL4012-127.jpg\" alt=\"\" \/>\n\t\t\t\t<\/div>\n\t\t\t<div  class=\"ms-slide\" data-delay=\"3\" data-fill-mode=\"fill\"  data-id=\"776\"  >\n\t\t\t\t\t<img decoding=\"async\" src=\"https:\/\/www.linofleks.com\/wp-content\/plugins\/masterslider\/public\/assets\/css\/blank.gif\" alt=\"\" title=\"Above-one-749-Brick-\" data-src=\"https:\/\/www.linofleks.com\/wp-content\/uploads\/2019\/05\/GL4012-125.jpg\" \/>\n\n\t\t\t\t\t<div class=\"ms-info\"><h3><span style=\"color: #ffffff;\"><br \/>GL4012-125<\/span><\/h3><\/div>\n\n\n\t<img decoding=\"async\" class=\"ms-thumb\" src=\"https:\/\/www.linofleks.com\/wp-content\/uploads\/2019\/05\/GL4012-125.jpg\" alt=\"\" \/>\n\t\t\t\t<\/div>\n\t\t\t<div  class=\"ms-slide\" data-delay=\"3\" data-fill-mode=\"fill\"  data-id=\"776\"  >\n\t\t\t\t\t<img decoding=\"async\" src=\"https:\/\/www.linofleks.com\/wp-content\/plugins\/masterslider\/public\/assets\/css\/blank.gif\" alt=\"\" title=\"Above-one-749-Brick-\" data-src=\"https:\/\/www.linofleks.com\/wp-content\/uploads\/2019\/05\/GL4012-123.jpg\" \/>\n\n\t\t\t\t\t<div class=\"ms-info\"><h3><span style=\"color: #ffffff;\"><br \/>GL4012-123<\/span><\/h3><\/div>\n\n\n\t<img decoding=\"async\" class=\"ms-thumb\" src=\"https:\/\/www.linofleks.com\/wp-content\/uploads\/2019\/05\/GL4012-123.jpg\" alt=\"\" \/>\n\t\t\t\t<\/div>\n\t\t\t<div  class=\"ms-slide\" data-delay=\"3\" data-fill-mode=\"fill\"  data-id=\"776\"  >\n\t\t\t\t\t<img decoding=\"async\" src=\"https:\/\/www.linofleks.com\/wp-content\/plugins\/masterslider\/public\/assets\/css\/blank.gif\" alt=\"\" title=\"Above-one-749-Brick-\" data-src=\"https:\/\/www.linofleks.com\/wp-content\/uploads\/2019\/05\/GL4012-121.jpg\" \/>\n\n\t\t\t\t\t<div class=\"ms-info\"><h3><span style=\"color: #ffffff;\"><br \/>GL4012-121<\/span><\/h3><\/div>\n\n\n\t<img decoding=\"async\" class=\"ms-thumb\" src=\"https:\/\/www.linofleks.com\/wp-content\/uploads\/2019\/05\/GL4012-121.jpg\" alt=\"\" \/>\n\t\t\t\t<\/div>\n\t\t\t<div  class=\"ms-slide\" data-delay=\"3\" data-fill-mode=\"fill\"  data-id=\"776\"  >\n\t\t\t\t\t<img decoding=\"async\" src=\"https:\/\/www.linofleks.com\/wp-content\/plugins\/masterslider\/public\/assets\/css\/blank.gif\" alt=\"\" title=\"Above-one-749-Brick-\" data-src=\"https:\/\/www.linofleks.com\/wp-content\/uploads\/2019\/05\/GL4012-119.jpg\" \/>\n\n\t\t\t\t\t<div class=\"ms-info\"><h3><span style=\"color: #ffffff;\"><br \/>GL4012-119<\/span><\/h3><\/div>\n\n\n\t<img decoding=\"async\" class=\"ms-thumb\" src=\"https:\/\/www.linofleks.com\/wp-content\/uploads\/2019\/05\/GL4012-119.jpg\" alt=\"\" \/>\n\t\t\t\t<\/div>\n\t\t\t<div  class=\"ms-slide\" data-delay=\"3\" data-fill-mode=\"fill\"  data-id=\"776\"  >\n\t\t\t\t\t<img decoding=\"async\" src=\"https:\/\/www.linofleks.com\/wp-content\/plugins\/masterslider\/public\/assets\/css\/blank.gif\" alt=\"\" title=\"Above-one-749-Brick-\" data-src=\"https:\/\/www.linofleks.com\/wp-content\/uploads\/2019\/05\/GL4012-117.jpg\" \/>\n\n\t\t\t\t\t<div class=\"ms-info\"><h3><span style=\"color: #ffffff;\"><br \/>GL4012-117<\/span><\/h3><\/div>\n\n\n\t<img decoding=\"async\" class=\"ms-thumb\" src=\"https:\/\/www.linofleks.com\/wp-content\/uploads\/2019\/05\/GL4012-117.jpg\" alt=\"\" \/>\n\t\t\t\t<\/div>\n\t\t\t<div  class=\"ms-slide\" data-delay=\"3\" data-fill-mode=\"fill\"  data-id=\"776\"  >\n\t\t\t\t\t<img decoding=\"async\" src=\"https:\/\/www.linofleks.com\/wp-content\/plugins\/masterslider\/public\/assets\/css\/blank.gif\" alt=\"\" title=\"Above-one-749-Brick-\" data-src=\"https:\/\/www.linofleks.com\/wp-content\/uploads\/2019\/05\/GL4012-115.jpg\" \/>\n\n\t\t\t\t\t<div class=\"ms-info\"><h3><span style=\"color: #ffffff;\"><br \/>GL4012-115<\/span><\/h3><\/div>\n\n\n\t<img decoding=\"async\" class=\"ms-thumb\" src=\"https:\/\/www.linofleks.com\/wp-content\/uploads\/2019\/05\/GL4012-115.jpg\" alt=\"\" \/>\n\t\t\t\t<\/div>\n\t\t\t<div  class=\"ms-slide\" data-delay=\"3\" data-fill-mode=\"fill\"  data-id=\"776\"  >\n\t\t\t\t\t<img decoding=\"async\" src=\"https:\/\/www.linofleks.com\/wp-content\/plugins\/masterslider\/public\/assets\/css\/blank.gif\" alt=\"\" title=\"Above-one-749-Brick-\" data-src=\"https:\/\/www.linofleks.com\/wp-content\/uploads\/2019\/05\/GL4012-113.jpg\" \/>\n\n\t\t\t\t\t<div class=\"ms-info\"><h3><span style=\"color: #ffffff;\"><br \/>GL4012-113<\/span><\/h3><\/div>\n\n\n\t<img decoding=\"async\" class=\"ms-thumb\" src=\"https:\/\/www.linofleks.com\/wp-content\/uploads\/2019\/05\/GL4012-113.jpg\" alt=\"\" \/>\n\t\t\t\t<\/div>\n\t\t\t<div  class=\"ms-slide\" data-delay=\"3\" data-fill-mode=\"fill\"  data-id=\"776\"  >\n\t\t\t\t\t<img decoding=\"async\" src=\"https:\/\/www.linofleks.com\/wp-content\/plugins\/masterslider\/public\/assets\/css\/blank.gif\" alt=\"\" title=\"Above-one-749-Brick-\" data-src=\"https:\/\/www.linofleks.com\/wp-content\/uploads\/2019\/05\/GL4012-111.jpg\" \/>\n\n\t\t\t\t\t<div class=\"ms-info\"><h1><span style=\"color: #ffffff;\"><br \/>111<\/span><\/h1><\/div>\n\n\n\t<img decoding=\"async\" class=\"ms-thumb\" src=\"https:\/\/www.linofleks.com\/wp-content\/uploads\/2019\/05\/GL4012-111.jpg\" alt=\"\" \/>\n\t\t\t\t<\/div>\n\n\t\t\t<\/div>\n\t\t\t<!-- END MasterSlider Main -->\n\n\t\t\t \n\t\t<\/div>\n\t\t<!-- END MasterSlider -->\n\n\t\t<script>\n\t\t( window.MSReady = window.MSReady || [] ).push( function( $ ) {\n\n\t\t\t\"use strict\";\n\t\t\tvar masterslider_9f21 = new MasterSlider();\n\n\t\t\t\/\/ slider controls\n\t\t\tmasterslider_9f21.control('arrows'     ,{ autohide:true, overVideo:true  });\n\t\t\tmasterslider_9f21.control('thumblist'  ,{ autohide:false, overVideo:false, dir:'h', speed:17, inset:false, arrows:true, hover:false, customClass:'', align:'bottom',type:'thumbs', margin:5, width:127, height:130, space:5, fillMode:'fill'  });\n\t\t\tmasterslider_9f21.control('slideinfo'  ,{ autohide:false, overVideo:false, dir:'v', align:'right',inset:true , margin:10   });\n\t\t\t\/\/ slider setup\n\t\t\tmasterslider_9f21.setup(\"MS69e1290b59f21\", {\n\t\t\t\twidth           : 1000,\n\t\t\t\theight          : 500,\n\t\t\t\tminHeight       : 0,\n\t\t\t\tspace           : 0,\n\t\t\t\tstart           : 1,\n\t\t\t\tgrabCursor      : true,\n\t\t\t\tswipe           : true,\n\t\t\t\tmouse           : true,\n\t\t\t\tkeyboard        : false,\n\t\t\t\tlayout          : \"boxed\",\n\t\t\t\twheel           : false,\n\t\t\t\tautoplay        : true,\n                instantStartLayers:false,\n\t\t\t\tmobileBGVideo:false,\n\t\t\t\tloop            : false,\n\t\t\t\tshuffle         : false,\n\t\t\t\tpreload         : 0,\n\t\t\t\theightLimit     : true,\n\t\t\t\tautoHeight      : false,\n\t\t\t\tsmoothHeight    : true,\n\t\t\t\tendPause        : false,\n\t\t\t\toverPause       : false,\n\t\t\t\tfillMode        : \"fill\",\n\t\t\t\tcenterControls  : true,\n\t\t\t\tstartOnAppear   : false,\n\t\t\t\tlayersMode      : \"center\",\n\t\t\t\tautofillTarget  : \"\",\n\t\t\t\thideLayers      : false,\n\t\t\t\tfullscreenMargin: 0,\n\t\t\t\tspeed           : 20,\n\t\t\t\tdir             : \"h\",\n\t\t\t\tview            : \"mask\"\n\t\t\t});\n\n\t\t\t\n\t\t\twindow.masterslider_instances = window.masterslider_instances || [];\n\t\t\twindow.masterslider_instances.push( masterslider_9f21 );\n\t\t});\n\t\t<\/script>\n\n\n\n\t\t<\/div>\n\t<\/div>\n<\/div><\/div><\/div><div class=\"wpb_column vc_column_container vc_col-sm-4\"><div class=\"vc_column-inner\"><div class=\"wpb_wrapper\"  ><h4 style=\"text-align: left;font-family:Roboto;font-weight:500;font-style:normal\" class=\"vc_custom_heading\" >\u0423\u0421\u0422\u041e\u0419\u0427\u0418\u0412\u041e\u0421\u0422\u042c \u041a \u0412\u042b\u0421\u041e\u041a\u041e\u041c\u0423 \u041f\u0415\u0428\u0415\u0425\u041e\u0414\u041d\u041e\u041c\u0423 \u0414\u0412\u0418\u0416\u0415\u041d\u0418\u042e<\/h4>\n\t<div class=\"wpb_text_column wpb_content_element\" >\n\t\t<div class=\"wpb_wrapper\">\n\t\t\t<p>\u0421\u0435\u0440\u0438\u044f Marmara \u0431\u044b\u043b\u0430 \u0440\u0430\u0437\u0440\u0430\u0431\u043e\u0442\u0430\u043d\u0430 \u0434\u043b\u044f \u043f\u0435\u0448\u0435\u0445\u043e\u0434\u043e\u0432, \u0432\u044b\u0437\u0432\u0430\u043d\u043d\u044b\u0445 \u0431\u043e\u043b\u044c\u0448\u043e\u0439 \u043d\u0430\u0433\u0440\u0443\u0437\u043a\u043e\u0439.<br \/>\n\u0411\u043b\u0430\u0433\u043e\u0434\u0430\u0440\u044f \u0441\u0432\u043e\u0438\u043c \u0438\u0441\u043a\u043b\u044e\u0447\u0438\u0442\u0435\u043b\u044c\u043d\u044b\u043c \u0445\u0430\u0440\u0430\u043a\u0442\u0435\u0440\u0438\u0441\u0442\u0438\u043a\u0430\u043c \u0432 \u043b\u044e\u0431\u043e\u0435 \u0432\u0440\u0435\u043c\u044f \u0438 \u043f\u0440\u0438 \u043f\u043e\u0432\u0441\u0435\u0434\u043d\u0435\u0432\u043d\u043e\u043c \u0438\u0441\u043f\u043e\u043b\u044c\u0437\u043e\u0432\u0430\u043d\u0438\u0438 \u043e\u043d \u043e\u0431\u0435\u0441\u043f\u0435\u0447\u0438\u0432\u0430\u0435\u0442 \u0434\u043e\u043b\u0433\u043e\u0432\u0435\u0447\u043d\u043e\u0441\u0442\u044c \u0432 \u0442\u0435\u0447\u0435\u043d\u0438\u0435 \u043c\u043d\u043e\u0433\u0438\u0445 \u043b\u0435\u0442.<\/p>\n\n\t\t<\/div>\n\t<\/div>\n\n\t<div class=\"wpb_text_column wpb_content_element\" >\n\t\t<div class=\"wpb_wrapper\">\n\t\t\t<p><img loading=\"lazy\" decoding=\"async\" class=\"size-full wp-image-5016 alignleft\" src=\"https:\/\/www.linofleks.com\/wp-content\/uploads\/2019\/05\/walk.png\" alt=\"\" width=\"64\" height=\"64\" \/>\u0411\u043b\u0430\u0433\u043e\u0434\u0430\u0440\u044f \u0438\u0437\u043d\u043e\u0441\u043e\u0441\u0442\u043e\u0439\u043a\u043e\u043c\u0443 \u0441\u043b\u043e\u044e \u043e\u043d \u043e\u0431\u0435\u0441\u043f\u0435\u0447\u0438\u0432\u0430\u0435\u0442 \u043f\u0440\u0435\u0432\u043e\u0441\u0445\u043e\u0434\u043d\u0443\u044e \u0443\u0441\u0442\u043e\u0439\u0447\u0438\u0432\u043e\u0441\u0442\u044c \u043a \u0446\u0430\u0440\u0430\u043f\u0438\u043d\u0430\u043c. \u0423\u0441\u0442\u043e\u0439\u0447\u0438\u0432 \u043a \u043f\u0435\u0448\u0435\u0445\u043e\u0434\u043d\u043e\u043c\u0443 \u0434\u0432\u0438\u0436\u0435\u043d\u0438\u044e, \u0438\u043d\u0432\u0430\u043b\u0438\u0434\u043d\u043e\u043c\u0443 \u043a\u0440\u0435\u0441\u043b\u0443 \u0438 \u0442. \u0414.<\/p>\n\n\t\t<\/div>\n\t<\/div>\n\n\t<div class=\"wpb_text_column wpb_content_element\" >\n\t\t<div class=\"wpb_wrapper\">\n\t\t\t<p><img loading=\"lazy\" decoding=\"async\" class=\"size-full wp-image-5019 alignleft\" src=\"https:\/\/www.linofleks.com\/wp-content\/uploads\/2019\/05\/boxes2.png\" alt=\"\" width=\"64\" height=\"64\" \/>\u0412\u043d\u0443\u0442\u0440\u0435\u043d\u043d\u0438\u0439 \u0441\u043b\u043e\u0439 \u0438\u0437 \u0447\u0438\u0441\u0442\u043e\u0433\u043e \u041f\u0412\u0425 \u0441\u0435\u0440\u0438\u0438 Marmara \u043e\u0431\u0435\u0441\u043f\u0435\u0447\u0438\u0432\u0430\u0435\u0442 \u0434\u043e\u043b\u0433\u043e\u0432\u0435\u0447\u043d\u043e\u0441\u0442\u044c \u0432 \u0442\u0435\u0447\u0435\u043d\u0438\u0435 \u043c\u043d\u043e\u0433\u0438\u0445 \u043b\u0435\u0442 \u0431\u043b\u0430\u0433\u043e\u0434\u0430\u0440\u044f \u0441\u0432\u043e\u0438\u043c \u0443\u0441\u0438\u043b\u0435\u043d\u043d\u044b\u043c \u0432\u044b\u0441\u043e\u043a\u0438\u043c \u0445\u0430\u0440\u0430\u043a\u0442\u0435\u0440\u0438\u0441\u0442\u0438\u043a\u0430\u043c.<\/p>\n\n\t\t<\/div>\n\t<\/div>\n\n\t<div class=\"wpb_text_column wpb_content_element\" >\n\t\t<div class=\"wpb_wrapper\">\n\t\t\t<p><img loading=\"lazy\" decoding=\"async\" class=\"size-full wp-image-5021 alignleft\" src=\"https:\/\/www.linofleks.com\/wp-content\/uploads\/2019\/05\/broom.png\" alt=\"\" width=\"64\" height=\"64\" \/>\u0411\u043b\u0430\u0433\u043e\u0434\u0430\u0440\u044f \u043f\u0440\u043e\u0447\u043d\u043e\u0439 \u0432\u0435\u0440\u0445\u043d\u0435\u0439 \u043f\u043e\u0432\u0435\u0440\u0445\u043d\u043e\u0441\u0442\u0438 Marmara \u043d\u0435 \u043e\u0441\u0442\u0430\u0432\u043b\u044f\u0435\u0442 \u043f\u044f\u0442\u0435\u043d \u0438 \u0433\u0440\u044f\u0437\u0438 \u043d\u0430 \u043d\u0435\u0439, \u043e\u0431\u043b\u0430\u0434\u0430\u0435\u0442 \u0432\u044b\u0441\u043e\u043a\u043e\u0439 \u0443\u0441\u0442\u043e\u0439\u0447\u0438\u0432\u043e\u0441\u0442\u044c\u044e \u043a \u0445\u0438\u043c\u0438\u0447\u0435\u0441\u043a\u0438\u043c \u0432\u0435\u0449\u0435\u0441\u0442\u0432\u0430\u043c, \u043d\u0435 \u0442\u0440\u0435\u0431\u0443\u0435\u0442 \u043f\u043e\u043b\u0438\u0440\u043e\u0432\u043a\u0438, \u043b\u0435\u0433\u043a\u043e \u0447\u0438\u0441\u0442\u0438\u0442\u0441\u044f \u0438 \u0441\u043d\u0438\u0436\u0430\u0435\u0442 \u0437\u0430\u0442\u0440\u0430\u0442\u044b \u043d\u0430 \u043e\u0431\u0441\u043b\u0443\u0436\u0438\u0432\u0430\u043d\u0438\u0435.<\/p>\n\n\t\t<\/div>\n\t<\/div>\n<\/div><\/div><\/div><\/div><\/div><\/section>","protected":false},"excerpt":{"rendered":"Ticari PVC Zemin Kaplama - Marmara GL4012-135 GL4012-133 GL4012-131 GL4012-129 GL4012-127 GL4012-125 GL4012-123 GL4012-121 GL4012-119 GL4012-117 GL4012-115 GL4012-113 111 YO\u011eUN YAYA TRAF\u0130\u011e\u0130NE DAYANIKLI Marmara serisi yo\u011fun i\u015f y\u00fck\u00fcn\u00fcn olu\u015fturdu\u011fu ayak trafi\u011fine g\u00f6re tasarland\u0131. T\u00fcm zamanlarda ve g\u00fcnl\u00fck kullan\u0131mda ola\u011fan\u00fcst\u00fc performans\u0131 sayesinde uzun y\u0131llar dayan\u0131m sa\u011flar. A\u015f\u0131nma tabakas\u0131 sayesinde \u00e7izilmelere kar\u015f\u0131 \u00fcst\u00fcn diren\u00e7 sa\u011flar. Ayak trafi\u011fi, [...]","protected":false},"author":1,"featured_media":0,"parent":0,"menu_order":0,"comment_status":"closed","ping_status":"closed","template":"page-templates\/template-fullwidth.php","meta":{"footnotes":""},"class_list":["post-4973","page","type-page","status-publish","hentry"],"_links":{"self":[{"href":"https:\/\/www.linofleks.com\/ru\/wp-json\/wp\/v2\/pages\/4973","targetHints":{"allow":["GET"]}}],"collection":[{"href":"https:\/\/www.linofleks.com\/ru\/wp-json\/wp\/v2\/pages"}],"about":[{"href":"https:\/\/www.linofleks.com\/ru\/wp-json\/wp\/v2\/types\/page"}],"author":[{"embeddable":true,"href":"https:\/\/www.linofleks.com\/ru\/wp-json\/wp\/v2\/users\/1"}],"replies":[{"embeddable":true,"href":"https:\/\/www.linofleks.com\/ru\/wp-json\/wp\/v2\/comments?post=4973"}],"version-history":[{"count":0,"href":"https:\/\/www.linofleks.com\/ru\/wp-json\/wp\/v2\/pages\/4973\/revisions"}],"wp:attachment":[{"href":"https:\/\/www.linofleks.com\/ru\/wp-json\/wp\/v2\/media?parent=4973"}],"curies":[{"name":"wp","href":"https:\/\/api.w.org\/{rel}","templated":true}]}}