{"id":4928,"date":"2019-05-20T20:09:29","date_gmt":"2019-05-20T17:09:29","guid":{"rendered":"https:\/\/www.linofleks.com\/?page_id=4928"},"modified":"2024-12-17T11:17:32","modified_gmt":"2024-12-17T08:17:32","slug":"ticari-pvc-zemin-kaplama","status":"publish","type":"page","link":"https:\/\/www.linofleks.com\/ru\/ticari-pvc-zemin-kaplama\/","title":{"rendered":"\u041a\u043e\u043c\u043c\u0435\u0440\u0447\u0435\u0441\u043a\u0438\u0435 \u043f\u043e\u043b\u044b \u0438\u0437 \u041f\u0412\u0425"},"content":{"rendered":"<section class=\"wpb_row vc_row-fluid\"><div class=\"container\"><div class=\"row\"><div class=\"wpb_column vc_column_container vc_col-sm-12\"><div class=\"vc_column-inner\"><div class=\"wpb_wrapper\"  ><div class=\"vc_empty_space\"\n\t  style=\"height: 32px\"><span class=\"vc_empty_space_inner\"><\/span><\/div>\n<h1 style=\"color: #848484;text-align: center;font-family:Roboto;font-weight:400;font-style:normal\" class=\"vc_custom_heading vc_custom_1598040673730\" >\u041a\u043e\u043c\u043c\u0435\u0440\u0447\u0435\u0441\u043a\u0438\u0435 \u043f\u043e\u043b\u044b \u0438\u0437 \u041f\u0412\u0425<\/h1>\n\t<div class=\"wpb_text_column wpb_content_element\" >\n\t\t<div class=\"wpb_wrapper\">\n\t\t\t<p>\u041a\u043e\u043c\u043f\u0430\u043a\u0442\u043d\u044b\u0439 \u041f\u0412\u0425 \u043f\u0440\u0435\u0434\u0441\u0442\u0430\u0432\u043b\u044f\u0435\u0442 \u0441\u043e\u0431\u043e\u0439 \u0441\u043f\u0435\u0446\u0438\u0430\u043b\u044c\u043d\u043e\u0435 \u0440\u0435\u0448\u0435\u043d\u0438\u0435 \u0434\u043b\u044f \u043f\u043e\u043b\u043e\u0432, \u043a\u043e\u0442\u043e\u0440\u044b\u0435 \u044f\u0432\u043b\u044f\u044e\u0442\u0441\u044f \u0432\u043e\u0434\u043e\u043d\u0435\u043f\u0440\u043e\u043d\u0438\u0446\u0430\u0435\u043c\u044b\u043c\u0438 \u0438 \u0441\u043e\u043e\u0442\u0432\u0435\u0442\u0441\u0442\u0432\u0443\u044e\u0442 \u043c\u043d\u043e\u0433\u0438\u043c \u043d\u043e\u0440\u043c\u0430\u043c \u0438 \u0441\u0442\u0430\u043d\u0434\u0430\u0440\u0442\u0430\u043c \u0434\u043b\u044f \u043e\u0444\u0438\u0441\u043e\u0432, \u0444\u0430\u0431\u0440\u0438\u043a, \u0431\u043e\u043b\u044c\u043d\u0438\u0446, \u0448\u043a\u043e\u043b, \u043c\u0430\u0441\u0442\u0435\u0440\u0441\u043a\u0438\u0445, \u043a\u043b\u0438\u043d\u0438\u043a, \u043f\u0440\u043e\u043c\u044b\u0448\u043b\u0435\u043d\u043d\u044b\u0445 \u043a\u0443\u0445\u043e\u043d\u044c \u0438 \u0430\u043d\u0430\u043b\u043e\u0433\u0438\u0447\u043d\u044b\u0445 \u0432\u043b\u0430\u0436\u043d\u044b\u0445 \u043f\u043e\u043c\u0435\u0449\u0435\u043d\u0438\u0439 \u0438 \u0437\u043e\u043d \u0441 \u0432\u044b\u0441\u043e\u043a\u043e\u0439 \u043f\u0440\u043e\u0445\u043e\u0434\u0438\u043c\u043e\u0441\u0442\u044c\u044e. \u041a\u0430\u043a \u041e\u0422\u0415\u0427\u0415\u0421\u0422\u0412\u0415\u041d\u041d\u041e\u0415 \u041f\u0420\u041e\u0418\u0417\u0412\u041e\u0414\u0421\u0422\u0412\u041e, \u0432\u0441\u044f \u043f\u0440\u043e\u0434\u0443\u043a\u0446\u0438\u044f, \u043f\u0440\u0435\u0434\u043b\u0430\u0433\u0430\u0435\u043c\u0430\u044f \u0432 \u0440\u0443\u043b\u043e\u043d\u0430\u0445 \u0448\u0438\u0440\u0438\u043d\u043e\u0439 2 \u043c\u0435\u0442\u0440\u0430, \u043f\u043e\u0434\u0445\u043e\u0434\u0438\u0442 \u0434\u043b\u044f \u0441\u0432\u0430\u0440\u043e\u0447\u043d\u044b\u0445 \u0440\u0430\u0431\u043e\u0442. \u042d\u0442\u043e \u043f\u0440\u043e\u0434\u0443\u043a\u0442 \u043f\u0440\u043e\u043c\u044b\u0448\u043b\u0435\u043d\u043d\u043e\u0433\u043e \u043f\u043e\u043b\u0430 \u043d\u0435 \u0442\u043e\u043b\u044c\u043a\u043e \u043a\u0430\u043a \u0434\u0438\u0437\u0430\u0439\u043d, \u043d\u043e \u0438 \u043a\u0430\u043a \u043f\u0440\u043e\u0434\u0443\u043a\u0442 \u0441\u0442\u0430\u0431\u0438\u043b\u044c\u043d\u043e\u0441\u0442\u0438 \u0440\u0430\u0437\u043c\u0435\u0440\u043e\u0432, \u0438\u0437\u043d\u043e\u0441\u0430 \u0438 \u043e\u0431\u0441\u043b\u0443\u0436\u0438\u0432\u0430\u043d\u0438\u044f.<\/p>\n\n\t\t<\/div>\n\t<\/div>\n<h2 style=\"color: #848484;text-align: center;font-family:Roboto;font-weight:400;font-style:normal\" class=\"vc_custom_heading\" >\u041a\u043e\u043c\u043c\u0435\u0440\u0447\u0435\u0441\u043a\u0438\u0435 \u043c\u043e\u0434\u0435\u043b\u0438 \u043f\u043e\u043b\u0430 \u0438\u0437 \u041f\u0412\u0425<\/h2><\/div><\/div><\/div><div class=\"wpb_column vc_column_container vc_col-sm-12\"><div class=\"vc_column-inner\"><div class=\"wpb_wrapper\"  ><div class=\"vc_row wpb_row vc_inner vc_row-fluid\"><div class=\"wpb_column vc_column_container vc_col-sm-3\"><div class=\"vc_column-inner\"><div class=\"wpb_wrapper\"  ><\/div><\/div><\/div><div class=\"wpb_column vc_column_container vc_col-sm-3\"><div class=\"vc_column-inner\"><div class=\"wpb_wrapper\"  >        <style type=\"text\/css\">\r\n            .ih-item.circle .img:before {\r\n                box-shadow:             }\r\n            .title-w-des h2{\r\n             font-family: inherit;\r\n            }\r\n        <\/style>\r\n\r\n\t\t\r\n<style>\r\n.ct-hover9426.ct_icon_effect13 {\r\n  background-color:;\r\n}\r\n.ct-hover9426.ct_icon_effect13 figcaption {\r\n  background-color:rgba(192,10,39,0.62);\r\n}\r\n<\/style>\r\n\r\n<div class=\"\" data-wow-duration=\"\" >\r\n<figure class=\"ct-hover9426 ct_icon_effect13\">\r\n<img decoding=\"async\" src=\"https:\/\/www.linofleks.com\/wp-content\/uploads\/2019\/04\/pvc.jpg\" \/>\r\n  <figcaption>\r\n    <h3 style=\"        font-size:px;        color: ;        \">Marmara<\/h3>\r\n    <h5 style=\"        font-size:px;        color: ;        \">\u041a\u043e\u043c\u043c\u0435\u0440\u0447\u0435\u0441\u043a\u0438\u0435 \u043f\u043e\u043b\u044b \u0438\u0437 \u041f\u0412\u0425<\/h5>\r\n  <\/figcaption>\r\n  <a href=\"https:\/\/www.linofleks.com\/ru\/marmara\/\"><\/a>\r\n<\/figure>\r\n<\/div>\r\n\r\n\r\n\r\n\t\t<\/div><\/div><\/div><div class=\"wpb_column vc_column_container vc_col-sm-3\"><div class=\"vc_column-inner\"><div class=\"wpb_wrapper\"  >        <style type=\"text\/css\">\r\n            .ih-item.circle .img:before {\r\n                box-shadow:             }\r\n            .title-w-des h2{\r\n             font-family: inherit;\r\n            }\r\n        <\/style>\r\n\r\n\t\t\r\n<style>\r\n.ct-hover7626.ct_icon_effect13 {\r\n  background-color:;\r\n}\r\n.ct-hover7626.ct_icon_effect13 figcaption {\r\n  background-color:rgba(192,10,39,0.62);\r\n}\r\n<\/style>\r\n\r\n<div class=\"\" data-wow-duration=\"\" >\r\n<figure class=\"ct-hover7626 ct_icon_effect13\">\r\n<img decoding=\"async\" src=\"https:\/\/www.linofleks.com\/wp-content\/uploads\/2019\/04\/pvc.jpg\" \/>\r\n  <figcaption>\r\n    <h3 style=\"        font-size:px;        color: ;        \">Marmara Un\u0131<\/h3>\r\n    <h5 style=\"        font-size:px;        color: ;        \">\u041a\u043e\u043c\u043c\u0435\u0440\u0447\u0435\u0441\u043a\u0438\u0435 \u043f\u043e\u043b\u044b \u0438\u0437 \u041f\u0412\u0425<\/h5>\r\n  <\/figcaption>\r\n  <a href=\"https:\/\/www.linofleks.com\/ru\/marmara-uni\/\"><\/a>\r\n<\/figure>\r\n<\/div>\r\n\r\n\r\n\r\n\t\t<\/div><\/div><\/div><div class=\"wpb_column vc_column_container vc_col-sm-3\"><div class=\"vc_column-inner\"><div class=\"wpb_wrapper\"  ><\/div><\/div><\/div><\/div><\/div><\/div><\/div><\/div><\/div><\/section><section class=\"wpb_row vc_row-fluid\"><div class=\"container\"><div class=\"row\"><div class=\"wpb_column vc_column_container vc_col-sm-12\"><div class=\"vc_column-inner\"><div class=\"wpb_wrapper\"  ><div class=\"vc_empty_space\"\n\t  style=\"height: 92px\"><span class=\"vc_empty_space_inner\"><\/span><\/div>\n<\/div><\/div><\/div><\/div><\/div><\/section>","protected":false},"excerpt":{"rendered":"Ticari PVC Zemin Kaplama Kompact PVC ofis, fabrika, hastane, okul, at\u00f6lye, klinik, end\u00fcstriyel mutfak ve benzeri \u0131slak hacim ve y\u00fcksek trafik alanlar i\u00e7in hem su ge\u00e7irmez hem de bir\u00e7ok y\u00f6netmelik ve standartlara uygun zeminler i\u00e7in \u00f6zel bir \u00e7\u00f6z\u00fcm sa\u011flar. YERL\u0130 \u00dcRET\u0130M olarak 2 metre eninde ve rulo halinde sunulan \u00fcr\u00fcnlerin tamam\u0131 kaynak uygulamalar\u0131na uygundur. Sadece [...]","protected":false},"author":1,"featured_media":0,"parent":0,"menu_order":0,"comment_status":"closed","ping_status":"closed","template":"page-templates\/template-fullwidth.php","meta":{"footnotes":""},"class_list":["post-4928","page","type-page","status-publish","hentry"],"_links":{"self":[{"href":"https:\/\/www.linofleks.com\/ru\/wp-json\/wp\/v2\/pages\/4928","targetHints":{"allow":["GET"]}}],"collection":[{"href":"https:\/\/www.linofleks.com\/ru\/wp-json\/wp\/v2\/pages"}],"about":[{"href":"https:\/\/www.linofleks.com\/ru\/wp-json\/wp\/v2\/types\/page"}],"author":[{"embeddable":true,"href":"https:\/\/www.linofleks.com\/ru\/wp-json\/wp\/v2\/users\/1"}],"replies":[{"embeddable":true,"href":"https:\/\/www.linofleks.com\/ru\/wp-json\/wp\/v2\/comments?post=4928"}],"version-history":[{"count":5,"href":"https:\/\/www.linofleks.com\/ru\/wp-json\/wp\/v2\/pages\/4928\/revisions"}],"predecessor-version":[{"id":5934,"href":"https:\/\/www.linofleks.com\/ru\/wp-json\/wp\/v2\/pages\/4928\/revisions\/5934"}],"wp:attachment":[{"href":"https:\/\/www.linofleks.com\/ru\/wp-json\/wp\/v2\/media?parent=4928"}],"curies":[{"name":"wp","href":"https:\/\/api.w.org\/{rel}","templated":true}]}}