{"id":4897,"date":"2019-05-20T19:37:03","date_gmt":"2019-05-20T16:37:03","guid":{"rendered":"https:\/\/www.linofleks.com\/?page_id=4897"},"modified":"2024-12-17T11:16:18","modified_gmt":"2024-12-17T08:16:18","slug":"yukseltilmis-doseme","status":"publish","type":"page","link":"https:\/\/www.linofleks.com\/ru\/yukseltilmis-doseme\/","title":{"rendered":"\u0424\u0430\u043b\u044c\u0448\u043f\u043e\u043b"},"content":{"rendered":"<section class=\"wpb_row vc_row-fluid\"><div class=\"container\"><div class=\"row\"><div class=\"wpb_column vc_column_container vc_col-sm-12\"><div class=\"vc_column-inner\"><div class=\"wpb_wrapper\"  ><div class=\"vc_empty_space\"\n\t  style=\"height: 32px\"><span class=\"vc_empty_space_inner\"><\/span><\/div>\n<h1 style=\"color: #848484;text-align: center;font-family:Roboto;font-weight:400;font-style:normal\" class=\"vc_custom_heading vc_custom_1598040595125\" >\u0421\u0438\u0441\u0442\u0435\u043c\u044b \u0444\u0430\u043b\u044c\u0448\u043f\u043e\u043b\u0430<\/h1>\n\t<div class=\"wpb_text_column wpb_content_element\" >\n\t\t<div class=\"wpb_wrapper\">\n\t\t\t<p>\u041e\u0441\u043d\u043e\u0432\u043d\u043e\u0439 \u043c\u0430\u0442\u0435\u0440\u0438\u0430\u043b \u043f\u0430\u043d\u0435\u043b\u0435\u0439 \u0444\u0430\u043b\u044c\u0448\u043f\u043e\u043b\u0430 - \u0414\u0421\u041f \u0441\u043f\u0435\u0446\u0438\u0430\u043b\u044c\u043d\u043e\u0433\u043e \u043f\u0440\u043e\u0438\u0437\u0432\u043e\u0434\u0441\u0442\u0432\u0430 \u0441 \u0432\u044b\u0441\u043e\u043a\u043e\u0439 \u043f\u043b\u043e\u0442\u043d\u043e\u0441\u0442\u044c\u044e \u0438 \u0443\u0441\u0442\u043e\u0439\u0447\u0438\u0432\u043e\u0441\u0442\u044c\u044e \u043a \u0431\u043e\u043b\u044c\u0448\u0438\u043c \u043d\u0430\u0433\u0440\u0443\u0437\u043a\u0430\u043c. \u041f\u0440\u043e\u0438\u0437\u0432\u043e\u0434\u0438\u0442\u0441\u044f \u0438\u0437 \u0434\u0440\u0435\u0432\u0435\u0441\u043d\u043e-\u0441\u0442\u0440\u0443\u0436\u0435\u0447\u043d\u044b\u0445 \u043f\u043b\u0438\u0442 \u0442\u043e\u043b\u0449\u0438\u043d\u043e\u0439 30 \u0438\u043b\u0438 38 \u043c\u043c \u0432 \u0437\u0430\u0432\u0438\u0441\u0438\u043c\u043e\u0441\u0442\u0438 \u043e\u0442 \u043d\u0430\u0437\u043d\u0430\u0447\u0435\u043d\u0438\u044f. \u0421\u0442\u0430\u043d\u0434\u0430\u0440\u0442\u043d\u044b\u0435 \u0440\u0430\u0437\u043c\u0435\u0440\u044b \u043f\u0430\u043d\u0435\u043b\u0435\u0439 - 600 \u0445 600 \u043c\u043c. \u0421 \u043f\u043e\u044f\u0441\u043e\u043c \/ \u0431\u0435\u0437 \u0440\u0435\u043c\u043d\u044f\u00a0<a href=\"https:\/\/formfloor.com.tr\/urunler\/yukseltilmis-doseme-alt-yapi-sistemleri\/\">\u0438\u043d\u0444\u0440\u0430\u0441\u0442\u0440\u0443\u043a\u0442\u0443\u0440\u0430<\/a>\u00a0\u043c\u043e\u0436\u0435\u0442 \u043f\u0440\u043e\u0438\u0437\u0432\u043e\u0434\u0438\u0442\u044c\u0441\u044f \u0441 \u0423\u0433\u043e\u043b, \u0440\u0430\u0441\u043f\u043e\u043b\u043e\u0436\u0435\u043d\u043d\u044b\u0439 \u043f\u043e \u043a\u0440\u0430\u044f\u043c \u043f\u0430\u043d\u0435\u043b\u0435\u0439, \u043d\u0435 \u0442\u043e\u043b\u044c\u043a\u043e \u043e\u0431\u0435\u0441\u043f\u0435\u0447\u0438\u0432\u0430\u0435\u0442 \u0443\u0434\u043e\u0431\u0441\u0442\u0432\u043e \u043c\u043e\u043d\u0442\u0430\u0436\u0430, \u043d\u043e \u0438 \u043e\u0431\u043b\u0435\u0433\u0447\u0430\u0435\u0442 \u0434\u043e\u0441\u0442\u0443\u043f \u043a \u0441\u0438\u0441\u0442\u0435\u043c\u0435 \u043f\u043e\u0434 \u043f\u043e\u043b\u043e\u043c. \u041e\u0434\u043d\u0430 \u0438\u0437 \u043d\u0430\u0438\u0431\u043e\u043b\u0435\u0435 \u0432\u0430\u0436\u043d\u044b\u0445 \u043e\u0441\u043e\u0431\u0435\u043d\u043d\u043e\u0441\u0442\u0435\u0439 \u043f\u0440\u043e\u0438\u0437\u0432\u043e\u0434\u0438\u043c\u044b\u0445 \u043d\u0430\u043c\u0438 \u043f\u043b\u0438\u0442 \u0434\u043b\u044f \u0444\u0430\u043b\u044c\u0448\u043f\u043e\u043b\u043e\u0432 \u0437\u0430\u043a\u043b\u044e\u0447\u0430\u0435\u0442\u0441\u044f \u0432 \u0442\u043e\u043c, \u0447\u0442\u043e \u043e\u043d\u0438 \u043e\u0431\u0435\u0441\u043f\u0435\u0447\u0438\u0432\u0430\u044e\u0442 \u0431\u043e\u0433\u0430\u0442\u043e\u0435 \u0440\u0430\u0437\u043d\u043e\u043e\u0431\u0440\u0430\u0437\u0438\u0435 \u043f\u043e\u043a\u0440\u044b\u0442\u0438\u0439. \u0414\u0421\u041f \u043f\u043e\u043a\u0440\u044b\u0442\u044b \u0440\u0430\u0437\u043b\u0438\u0447\u043d\u044b\u043c\u0438 \u043d\u0430\u043f\u043e\u043b\u044c\u043d\u044b\u043c\u0438 \u043c\u0430\u0442\u0435\u0440\u0438\u0430\u043b\u0430\u043c\u0438, \u0442\u0430\u043a\u0438\u043c\u0438 \u043a\u0430\u043a \u041f\u0412\u0425, \u0430\u043b\u044e\u043c\u0438\u043d\u0438\u0435\u0432\u044b\u0439 \u043b\u0438\u0441\u0442 \u0438\u043b\u0438 \u0444\u043e\u043b\u044c\u0433\u0430, \u043e\u0446\u0438\u043d\u043a\u043e\u0432\u0430\u043d\u043d\u0430\u044f \u0441\u0442\u0430\u043b\u044c, \u043a\u043e\u0432\u0440\u043e\u043b\u0438\u043d, \u0447\u0442\u043e \u043e\u0431\u0435\u0441\u043f\u0435\u0447\u0438\u0432\u0430\u0435\u0442 \u043f\u043e\u043b\u043d\u043e\u0435 \u0443\u0434\u043e\u0432\u043b\u0435\u0442\u0432\u043e\u0440\u0435\u043d\u0438\u0435 \u043f\u043e\u0442\u0440\u0435\u0431\u043d\u043e\u0441\u0442\u0435\u0439 \u0432 \u0438\u0441\u043f\u043e\u043b\u044c\u0437\u043e\u0432\u0430\u043d\u0438\u0438. \u041c\u0430\u0442\u0435\u0440\u0438\u0430\u043b, \u0438\u0441\u043f\u043e\u043b\u044c\u0437\u0443\u0435\u043c\u044b\u0439 \u043f\u043e\u0434 \u043f\u0430\u043d\u0435\u043b\u044f\u043c\u0438 \u0444\u0430\u043b\u044c\u0448\u043f\u043e\u043b\u0430, \u0437\u0430\u0432\u0438\u0441\u0438\u0442 \u043e\u0442 \u0436\u0435\u043b\u0430\u0435\u043c\u043e\u0433\u043e \u043a\u043b\u0430\u0441\u0441\u0430 \u043d\u0430\u0433\u0440\u0443\u0437\u043a\u0438. \u0411\u044b\u0432\u0430\u044e\u0442 \u043e\u0446\u0438\u043d\u043a\u043e\u0432\u0430\u043d\u043d\u043e\u0439 \u0441\u0442\u0430\u043b\u0438 \u0442\u043e\u043b\u0449\u0438\u043d\u043e\u0439 0,5 \u043c\u043c, \u0430\u043b\u044e\u043c\u0438\u043d\u0438\u0435\u0432\u044b\u043c \u043b\u0438\u0441\u0442\u043e\u043c \u0442\u043e\u043b\u0449\u0438\u043d\u043e\u0439 0,1 \u043c\u043c \u0438\u043b\u0438 \u0430\u043b\u044e\u043c\u0438\u043d\u0438\u0435\u0432\u043e\u0439 \u0444\u043e\u043b\u044c\u0433\u043e\u0439 \u0442\u043e\u043b\u0449\u0438\u043d\u043e\u0439 0,05 \u043c\u043c \u0432 \u0437\u0430\u0432\u0438\u0441\u0438\u043c\u043e\u0441\u0442\u0438 \u043e\u0442 \u0435\u0435 \u0432\u044b\u0441\u043e\u043a\u043e\u0439 \u0441\u0442\u043e\u0439\u043a\u043e\u0441\u0442\u0438, \u0437\u0430\u0449\u0438\u0442\u044b \u043e\u0442 \u0432\u043b\u0430\u0433\u0438, \u043f\u0440\u043e\u0432\u043e\u0434\u0438\u043c\u043e\u0441\u0442\u0438 \u0438\u043b\u0438 \u0430\u043d\u0442\u0438\u0441\u0442\u0430\u0442\u0438\u0447\u0435\u0441\u043a\u0438\u0445 \u0441\u0432\u043e\u0439\u0441\u0442\u0432.<\/p>\n\n\t\t<\/div>\n\t<\/div>\n<div class=\"vc_empty_space\"\n\t  style=\"height: 12px\"><span class=\"vc_empty_space_inner\"><\/span><\/div>\n<\/div><\/div><\/div><div class=\"wpb_column vc_column_container vc_col-sm-12\"><div class=\"vc_column-inner\"><div class=\"wpb_wrapper\"  ><div class=\"vc_row wpb_row vc_inner vc_row-fluid\"><div class=\"wpb_column vc_column_container vc_col-sm-4\"><div class=\"vc_column-inner\"><div class=\"wpb_wrapper\"  >        <style type=\"text\/css\">\r\n            .ih-item.circle .img:before {\r\n                box-shadow:             }\r\n            .title-w-des h2{\r\n             font-family: inherit;\r\n            }\r\n        <\/style>\r\n\r\n\t\t\r\n<style>\r\n.ct-hover1744.ct_icon_effect13 {\r\n  background-color:;\r\n}\r\n.ct-hover1744.ct_icon_effect13 figcaption {\r\n  background-color:rgba(192,10,39,0.62);\r\n}\r\n<\/style>\r\n\r\n<div class=\"\" data-wow-duration=\"\" >\r\n<figure class=\"ct-hover1744 ct_icon_effect13\">\r\n<img decoding=\"async\" src=\"https:\/\/www.linofleks.com\/wp-content\/uploads\/2021\/02\/EN_LF30-768x768.jpg\" \/>\r\n  <figcaption>\r\n    <h3 style=\"        font-size:px;        color: ;        \">\u041f\u0430\u043d\u0435\u043b\u044c \u0438\u043d\u043a\u0430\u043f\u0441\u0443\u043b\u044f\u0446\u0438\u0438<\/h3>\r\n    <h5 style=\"        font-size:px;        color: ;        \">\u0421\u0438\u0441\u0442\u0435\u043c\u044b \u0444\u0430\u043b\u044c\u0448\u043f\u043e\u043b\u0430<\/h5>\r\n  <\/figcaption>\r\n  <a href=\"https:\/\/www.linofleks.com\/ru\/enkapsul-paneller\/\"><\/a>\r\n<\/figure>\r\n<\/div>\r\n\r\n\r\n\r\n\t\t<\/div><\/div><\/div><div class=\"wpb_column vc_column_container vc_col-sm-4\"><div class=\"vc_column-inner\"><div class=\"wpb_wrapper\"  >        <style type=\"text\/css\">\r\n            .ih-item.circle .img:before {\r\n                box-shadow:             }\r\n            .title-w-des h2{\r\n             font-family: inherit;\r\n            }\r\n        <\/style>\r\n\r\n\t\t\r\n<style>\r\n.ct-hover3144.ct_icon_effect13 {\r\n  background-color:;\r\n}\r\n.ct-hover3144.ct_icon_effect13 figcaption {\r\n  background-color:rgba(192,10,39,0.62);\r\n}\r\n<\/style>\r\n\r\n<div class=\"\" data-wow-duration=\"\" >\r\n<figure class=\"ct-hover3144 ct_icon_effect13\">\r\n<img decoding=\"async\" src=\"https:\/\/www.linofleks.com\/wp-content\/uploads\/2021\/02\/PPG_LF30-768x768.jpg\" \/>\r\n  <figcaption>\r\n    <h3 style=\"        font-size:px;        color: ;        \">\u041f\u0430\u043d\u0435\u043b\u044c \u0441 \u043f\u043e\u043a\u0440\u044b\u0442\u0438\u0435\u043c \u0438\u0437 \u041f\u0412\u0425<\/h3>\r\n    <h5 style=\"        font-size:px;        color: ;        \">\u0421\u0438\u0441\u0442\u0435\u043c\u044b \u0444\u0430\u043b\u044c\u0448\u043f\u043e\u043b\u0430<\/h5>\r\n  <\/figcaption>\r\n  <a href=\"https:\/\/www.linofleks.com\/ru\/pvc-paneller\/\"><\/a>\r\n<\/figure>\r\n<\/div>\r\n\r\n\r\n\r\n\t\t<\/div><\/div><\/div><div class=\"wpb_column vc_column_container vc_col-sm-4\"><div class=\"vc_column-inner\"><div class=\"wpb_wrapper\"  >        <style type=\"text\/css\">\r\n            .ih-item.circle .img:before {\r\n                box-shadow:             }\r\n            .title-w-des h2{\r\n             font-family: inherit;\r\n            }\r\n        <\/style>\r\n\r\n\t\t\r\n<style>\r\n.ct-hover343.ct_icon_effect13 {\r\n  background-color:;\r\n}\r\n.ct-hover343.ct_icon_effect13 figcaption {\r\n  background-color:rgba(192,10,39,0.62);\r\n}\r\n<\/style>\r\n\r\n<div class=\"\" data-wow-duration=\"\" >\r\n<figure class=\"ct-hover343 ct_icon_effect13\">\r\n<img decoding=\"async\" src=\"https:\/\/www.linofleks.com\/wp-content\/uploads\/2021\/02\/FPF_LF30-768x768.jpg\" \/>\r\n  <figcaption>\r\n    <h3 style=\"        font-size:px;        color: ;        \">\u041f\u043e\u043a\u0440\u044b\u0442\u0430\u044f \u0444\u043e\u043b\u044c\u0433\u043e\u0439 \u043f\u0430\u043d\u0435\u043b\u044c<\/h3>\r\n    <h5 style=\"        font-size:px;        color: ;        \">\u0421\u0438\u0441\u0442\u0435\u043c\u044b \u0444\u0430\u043b\u044c\u0448\u043f\u043e\u043b\u0430<\/h5>\r\n  <\/figcaption>\r\n  <a href=\"https:\/\/www.linofleks.com\/ru\/folyo-kapli-paneller\/\"><\/a>\r\n<\/figure>\r\n<\/div>\r\n\r\n\r\n\r\n\t\t<\/div><\/div><\/div><\/div><\/div><\/div><\/div><\/div><\/div><\/section><section class=\"wpb_row vc_row-fluid\"><div class=\"container\"><div class=\"row\"><div class=\"wpb_column vc_column_container vc_col-sm-4\"><div class=\"vc_column-inner\"><div class=\"wpb_wrapper\"  >        <style type=\"text\/css\">\r\n            .ih-item.circle .img:before {\r\n                box-shadow:             }\r\n            .title-w-des h2{\r\n             font-family: inherit;\r\n            }\r\n        <\/style>\r\n\r\n\t\t\r\n<style>\r\n.ct-hover8128.ct_icon_effect13 {\r\n  background-color:;\r\n}\r\n.ct-hover8128.ct_icon_effect13 figcaption {\r\n  background-color:rgba(192,10,39,0.62);\r\n}\r\n<\/style>\r\n\r\n<div class=\"\" data-wow-duration=\"\" >\r\n<figure class=\"ct-hover8128 ct_icon_effect13\">\r\n<img decoding=\"async\" src=\"https:\/\/www.linofleks.com\/wp-content\/uploads\/2021\/02\/GPG_LF30-768x768.jpg\" \/>\r\n  <figcaption>\r\n    <h3 style=\"        font-size:px;        color: ;        \">\u041e\u0446\u0438\u043d\u043a\u043e\u0432\u0430\u043d\u043d\u0430\u044f \u043f\u0430\u043d\u0435\u043b\u044c \u0441 \u043f\u043e\u043a\u0440\u044b\u0442\u0438\u0435\u043c<\/h3>\r\n    <h5 style=\"        font-size:px;        color: ;        \">\u0421\u0438\u0441\u0442\u0435\u043c\u044b \u0444\u0430\u043b\u044c\u0448\u043f\u043e\u043b\u0430<\/h5>\r\n  <\/figcaption>\r\n  <a href=\"https:\/\/www.linofleks.com\/ru\/galvani\u0307z-kapli-paneller\/\"><\/a>\r\n<\/figure>\r\n<\/div>\r\n\r\n\r\n\r\n\t\t<\/div><\/div><\/div><div class=\"wpb_column vc_column_container vc_col-sm-4\"><div class=\"vc_column-inner\"><div class=\"wpb_wrapper\"  >        <style type=\"text\/css\">\r\n            .ih-item.circle .img:before {\r\n                box-shadow:             }\r\n            .title-w-des h2{\r\n             font-family: inherit;\r\n            }\r\n        <\/style>\r\n\r\n\t\t\r\n<style>\r\n.ct-hover6024.ct_icon_effect13 {\r\n  background-color:;\r\n}\r\n.ct-hover6024.ct_icon_effect13 figcaption {\r\n  background-color:rgba(192,10,39,0.62);\r\n}\r\n<\/style>\r\n\r\n<div class=\"\" data-wow-duration=\"\" >\r\n<figure class=\"ct-hover6024 ct_icon_effect13\">\r\n<img decoding=\"async\" src=\"https:\/\/www.linofleks.com\/wp-content\/uploads\/2021\/02\/altyapi-768x768.jpg\" \/>\r\n  <figcaption>\r\n    <h3 style=\"        font-size:px;        color: ;        \">\u0418\u041d\u0424\u0420\u0410\u0421\u0422\u0420\u0423\u041a\u0422\u0423\u0420\u041d\u042b\u0415 \u0421\u0418\u0421\u0422\u0415\u041c\u042b<\/h3>\r\n    <h5 style=\"        font-size:px;        color: ;        \">\u0421\u0438\u0441\u0442\u0435\u043c\u044b \u0444\u0430\u043b\u044c\u0448\u043f\u043e\u043b\u0430<\/h5>\r\n  <\/figcaption>\r\n  <a href=\"https:\/\/www.linofleks.com\/ru\/alt-yapi-sistemleri\/\"><\/a>\r\n<\/figure>\r\n<\/div>\r\n\r\n\r\n\r\n\t\t<\/div><\/div><\/div><div class=\"wpb_column vc_column_container vc_col-sm-4\"><div class=\"vc_column-inner\"><div class=\"wpb_wrapper\"  >        <style type=\"text\/css\">\r\n            .ih-item.circle .img:before {\r\n                box-shadow:             }\r\n            .title-w-des h2{\r\n             font-family: inherit;\r\n            }\r\n        <\/style>\r\n\r\n\t\t\r\n<style>\r\n.ct-hover1595.ct_icon_effect13 {\r\n  background-color:;\r\n}\r\n.ct-hover1595.ct_icon_effect13 figcaption {\r\n  background-color:rgba(192,10,39,0.62);\r\n}\r\n<\/style>\r\n\r\n<div class=\"\" data-wow-duration=\"\" >\r\n<figure class=\"ct-hover1595 ct_icon_effect13\">\r\n<img decoding=\"async\" src=\"https:\/\/www.linofleks.com\/wp-content\/uploads\/2021\/02\/sismik-768x768.jpg\" \/>\r\n  <figcaption>\r\n    <h3 style=\"        font-size:px;        color: ;        \">\u0421\u0438\u0441\u0442\u0435\u043c\u044b \u0441\u0435\u0439\u0441\u043c\u0438\u0447\u0435\u0441\u043a\u043e\u0439 \u0438\u043d\u0444\u0440\u0430\u0441\u0442\u0440\u0443\u043a\u0442\u0443\u0440\u044b<\/h3>\r\n    <h5 style=\"        font-size:px;        color: ;        \">\u0421\u0438\u0441\u0442\u0435\u043c\u044b \u0444\u0430\u043b\u044c\u0448\u043f\u043e\u043b\u0430<\/h5>\r\n  <\/figcaption>\r\n  <a href=\"https:\/\/www.linofleks.com\/ru\/alt-yapi-sistemleri\/\"><\/a>\r\n<\/figure>\r\n<\/div>\r\n\r\n\r\n\r\n\t\t<\/div><\/div><\/div><\/div><\/div><\/section><section class=\"wpb_row vc_row-fluid\"><div class=\"container\"><div class=\"row\"><div class=\"wpb_column vc_column_container vc_col-sm-4\"><div class=\"vc_column-inner\"><div class=\"wpb_wrapper\"  >        <style type=\"text\/css\">\r\n            .ih-item.circle .img:before {\r\n                box-shadow:             }\r\n            .title-w-des h2{\r\n             font-family: inherit;\r\n            }\r\n        <\/style>\r\n\r\n\t\t\r\n<style>\r\n.ct-hover9609.ct_icon_effect13 {\r\n  background-color:;\r\n}\r\n.ct-hover9609.ct_icon_effect13 figcaption {\r\n  background-color:rgba(192,10,39,0.62);\r\n}\r\n<\/style>\r\n\r\n<div class=\"\" data-wow-duration=\"\" >\r\n<figure class=\"ct-hover9609 ct_icon_effect13\">\r\n<img decoding=\"async\" src=\"https:\/\/www.linofleks.com\/wp-content\/uploads\/2021\/02\/ENca_LF30-768x768.jpg\" \/>\r\n  <figcaption>\r\n    <h3 style=\"        font-size:px;        color: ;        \">\u0418\u043d\u043a\u0430\u043f\u0441\u0443\u043b\u0438\u0440\u043e\u0432\u0430\u043d\u043d\u044b\u0439 \u0441\u0443\u043b\u044c\u0444\u0430\u0442 \u043a\u0430\u043b\u044c\u0446\u0438\u044f<\/h3>\r\n    <h5 style=\"        font-size:px;        color: ;        \">\u0421\u0438\u0441\u0442\u0435\u043c\u044b \u0444\u0430\u043b\u044c\u0448\u043f\u043e\u043b\u0430<\/h5>\r\n  <\/figcaption>\r\n  <a href=\"https:\/\/www.linofleks.com\/ru\/alt-yapi-sistemleri\/\"><\/a>\r\n<\/figure>\r\n<\/div>\r\n\r\n\r\n\r\n\t\t<\/div><\/div><\/div><div class=\"wpb_column vc_column_container vc_col-sm-4\"><div class=\"vc_column-inner\"><div class=\"wpb_wrapper\"  >        <style type=\"text\/css\">\r\n            .ih-item.circle .img:before {\r\n                box-shadow:             }\r\n            .title-w-des h2{\r\n             font-family: inherit;\r\n            }\r\n        <\/style>\r\n\r\n\t\t\r\n<style>\r\n.ct-hover4971.ct_icon_effect13 {\r\n  background-color:;\r\n}\r\n.ct-hover4971.ct_icon_effect13 figcaption {\r\n  background-color:rgba(192,10,39,0.62);\r\n}\r\n<\/style>\r\n\r\n<div class=\"\" data-wow-duration=\"\" >\r\n<figure class=\"ct-hover4971 ct_icon_effect13\">\r\n<img decoding=\"async\" src=\"https:\/\/www.linofleks.com\/wp-content\/uploads\/2021\/02\/PPF_LF40-768x768.jpg\" \/>\r\n  <figcaption>\r\n    <h3 style=\"        font-size:px;        color: ;        \">\u041f\u0430\u043d\u0435\u043b\u044c \u041f\u0412\u0425 \u0438\u0437 \u0441\u0443\u043b\u044c\u0444\u0430\u0442\u0430 \u043a\u0430\u043b\u044c\u0446\u0438\u044f<\/h3>\r\n    <h5 style=\"        font-size:px;        color: ;        \">\u0421\u0438\u0441\u0442\u0435\u043c\u044b \u0444\u0430\u043b\u044c\u0448\u043f\u043e\u043b\u0430<\/h5>\r\n  <\/figcaption>\r\n  <a href=\"https:\/\/www.linofleks.com\/ru\/alt-yapi-sistemleri\/\"><\/a>\r\n<\/figure>\r\n<\/div>\r\n\r\n\r\n\r\n\t\t<\/div><\/div><\/div><div class=\"wpb_column vc_column_container vc_col-sm-4\"><div class=\"vc_column-inner\"><div class=\"wpb_wrapper\"  >        <style type=\"text\/css\">\r\n            .ih-item.circle .img:before {\r\n                box-shadow:             }\r\n            .title-w-des h2{\r\n             font-family: inherit;\r\n            }\r\n        <\/style>\r\n\r\n\t\t\r\n<style>\r\n.ct-hover1884.ct_icon_effect13 {\r\n  background-color:;\r\n}\r\n.ct-hover1884.ct_icon_effect13 figcaption {\r\n  background-color:rgba(192,10,39,0.62);\r\n}\r\n<\/style>\r\n\r\n<div class=\"\" data-wow-duration=\"\" >\r\n<figure class=\"ct-hover1884 ct_icon_effect13\">\r\n<img decoding=\"async\" src=\"https:\/\/www.linofleks.com\/wp-content\/uploads\/2021\/02\/Beton-Panel0-768x768.jpg\" \/>\r\n  <figcaption>\r\n    <h3 style=\"        font-size:px;        color: ;        \">\u0411\u0435\u0442\u043e\u043d\u043d\u0430\u044f \u043f\u0430\u043d\u0435\u043b\u044c<\/h3>\r\n    <h5 style=\"        font-size:px;        color: ;        \">\u0421\u0438\u0441\u0442\u0435\u043c\u044b \u0444\u0430\u043b\u044c\u0448\u043f\u043e\u043b\u0430<\/h5>\r\n  <\/figcaption>\r\n  <a href=\"https:\/\/www.linofleks.com\/ru\/alt-yapi-sistemleri\/\"><\/a>\r\n<\/figure>\r\n<\/div>\r\n\r\n\r\n\r\n\t\t<\/div><\/div><\/div><\/div><\/div><\/section><section class=\"wpb_row vc_row-fluid\"><div class=\"container\"><div class=\"row\"><div class=\"wpb_column vc_column_container vc_col-sm-12\"><div class=\"vc_column-inner\"><div class=\"wpb_wrapper\"  ><div class=\"vc_empty_space\"\n\t  style=\"height: 92px\"><span class=\"vc_empty_space_inner\"><\/span><\/div>\n<\/div><\/div><\/div><\/div><\/div><\/section>","protected":false},"excerpt":{"rendered":"Y\u00fckseltilmi\u015f D\u00f6\u015feme Sistemleri Y\u00fckseltilmi\u015f D\u00f6\u015feme panelleri ana maddesi y\u00fcksek yo\u011funluklu ve a\u011f\u0131r y\u00fcklere dayan\u0131kl\u0131 \u00f6zel \u00fcretim yonga levhalard\u0131r. Kullan\u0131m ama\u00e7lar\u0131na g\u00f6re 30 veya 38 mm kal\u0131nl\u0131kta yonga plakalar ile \u00fcretimi sa\u011flan\u0131r. Panellerin standart boyutlar\u0131 600 x 600 mm\u2019dir. Ku\u015fakl\u0131\/ ku\u015faks\u0131z\u00a0altyap\u0131s\u0131\u00a0ile birlikte \u00fcretilebilmektedir. Panellerin kenarlar\u0131nda yer alan a\u00e7\u0131, yaln\u0131zca montaj kolayl\u0131\u011f\u0131 sa\u011flamakla kalmay\u0131p, d\u00f6\u015feme alt\u0131ndaki sisteme [...]","protected":false},"author":1,"featured_media":0,"parent":0,"menu_order":0,"comment_status":"closed","ping_status":"closed","template":"page-templates\/template-fullwidth.php","meta":{"footnotes":""},"class_list":["post-4897","page","type-page","status-publish","hentry"],"_links":{"self":[{"href":"https:\/\/www.linofleks.com\/ru\/wp-json\/wp\/v2\/pages\/4897","targetHints":{"allow":["GET"]}}],"collection":[{"href":"https:\/\/www.linofleks.com\/ru\/wp-json\/wp\/v2\/pages"}],"about":[{"href":"https:\/\/www.linofleks.com\/ru\/wp-json\/wp\/v2\/types\/page"}],"author":[{"embeddable":true,"href":"https:\/\/www.linofleks.com\/ru\/wp-json\/wp\/v2\/users\/1"}],"replies":[{"embeddable":true,"href":"https:\/\/www.linofleks.com\/ru\/wp-json\/wp\/v2\/comments?post=4897"}],"version-history":[{"count":40,"href":"https:\/\/www.linofleks.com\/ru\/wp-json\/wp\/v2\/pages\/4897\/revisions"}],"predecessor-version":[{"id":5932,"href":"https:\/\/www.linofleks.com\/ru\/wp-json\/wp\/v2\/pages\/4897\/revisions\/5932"}],"wp:attachment":[{"href":"https:\/\/www.linofleks.com\/ru\/wp-json\/wp\/v2\/media?parent=4897"}],"curies":[{"name":"wp","href":"https:\/\/api.w.org\/{rel}","templated":true}]}}