{"id":4876,"date":"2019-05-20T19:05:56","date_gmt":"2019-05-20T16:05:56","guid":{"rendered":"https:\/\/www.linofleks.com\/?page_id=4876"},"modified":"2024-12-17T11:14:48","modified_gmt":"2024-12-17T08:14:48","slug":"karo-hali","status":"publish","type":"page","link":"https:\/\/www.linofleks.com\/ru\/karo-hali\/","title":{"rendered":"\u041a\u043e\u0432\u0440\u043e\u0432\u0430\u044f \u043f\u043b\u0438\u0442\u043a\u0430"},"content":{"rendered":"<section class=\"wpb_row vc_row-fluid\"><div class=\"container\"><div class=\"row\"><div class=\"wpb_column vc_column_container vc_col-sm-12\"><div class=\"vc_column-inner\"><div class=\"wpb_wrapper\"  ><div class=\"vc_empty_space\"\n\t  style=\"height: 32px\"><span class=\"vc_empty_space_inner\"><\/span><\/div>\n<h1 style=\"color: #848484;text-align: center;font-family:Roboto;font-weight:400;font-style:normal\" class=\"vc_custom_heading vc_custom_1598040246298\" >\u041a\u043e\u0432\u0440\u043e\u0432\u0430\u044f \u043f\u043b\u0438\u0442\u043a\u0430<\/h1>\n\t<div class=\"wpb_text_column wpb_content_element\" >\n\t\t<div class=\"wpb_wrapper\">\n\t\t\t<p>\u041e\u0441\u043e\u0431\u0435\u043d\u043d\u043e \u0440\u0435\u043a\u043e\u043c\u0435\u043d\u0434\u0443\u0435\u0442\u0441\u044f \u0434\u043b\u044f \u043e\u0444\u0438\u0441\u043e\u0432, \u0433\u043e\u0441\u0442\u0438\u043d\u0438\u0446 \u0438 \u043a\u043e\u043d\u0444\u0435\u0440\u0435\u043d\u0446-\u0437\u0430\u043b\u043e\u0432. <strong>\u043a\u043e\u0432\u0440\u043e\u0432\u0430\u044f \u043f\u043b\u0438\u0442\u043a\u0430<\/strong> \u0411\u043b\u0430\u0433\u043e\u0434\u0430\u0440\u044f \u0441\u0442\u0440\u0443\u043a\u0442\u0443\u0440\u0435 \u0432\u043e\u0440\u0441\u043e\u0432\u043e\u0439 \u043f\u043e\u0432\u0435\u0440\u0445\u043d\u043e\u0441\u0442\u0438, \u043e\u043d \u0432\u0445\u043e\u0434\u0438\u0442 \u0432 \u043a\u0430\u0442\u0435\u0433\u043e\u0440\u0438\u044e \u043f\u0440\u043e\u0434\u0443\u043a\u0442\u043e\u0432, \u043f\u0440\u0435\u0434\u043b\u0430\u0433\u0430\u044e\u0449\u0438\u0445 \u043c\u043e\u0434\u0443\u043b\u044c\u043d\u043e\u0435 \u0440\u0435\u0448\u0435\u043d\u0438\u0435 \u0441\u0440\u0435\u0434\u0438 \u043d\u0430\u043f\u043e\u043b\u044c\u043d\u044b\u0445 \u043f\u043e\u043a\u0440\u044b\u0442\u0438\u0439. \u041a\u043e\u0432\u0440\u043e\u0432\u0430\u044f \u043f\u043b\u0438\u0442\u043a\u0430, \u0440\u0430\u0437\u043c\u0435\u0440 \u043a\u043e\u0442\u043e\u0440\u043e\u0439 \u0441\u043e\u0441\u0442\u0430\u0432\u043b\u044f\u0435\u0442 50 \u00d7 50 \u0441\u043c \u0432 \u0441\u043e\u043e\u0442\u0432\u0435\u0442\u0441\u0442\u0432\u0438\u0438 \u0441 \u0435\u0432\u0440\u043e\u043f\u0435\u0439\u0441\u043a\u0438\u043c \u0441\u0442\u0430\u043d\u0434\u0430\u0440\u0442\u043e\u043c, \u043a\u043e\u0442\u043e\u0440\u0443\u044e \u043b\u0435\u0433\u043a\u043e \u043f\u0435\u0440\u0435\u043d\u043e\u0441\u0438\u0442\u044c \u0438 \u0443\u043a\u043b\u0430\u0434\u044b\u0432\u0430\u0442\u044c, \u043f\u0440\u0435\u0434\u043b\u0430\u0433\u0430\u0435\u0442 \u0432\u0441\u0435 \u0430\u043a\u0443\u0441\u0442\u0438\u0447\u0435\u0441\u043a\u0438\u0435 \u0438 \u0442\u0435\u043f\u043b\u043e\u0438\u0437\u043e\u043b\u044f\u0446\u0438\u043e\u043d\u043d\u044b\u0435 \u043f\u0440\u0435\u0438\u043c\u0443\u0449\u0435\u0441\u0442\u0432\u0430 \u0440\u0443\u043b\u043e\u043d\u043d\u044b\u0445 \u043a\u043e\u0432\u0440\u043e\u0432\u044b\u0445 \u043f\u043e\u043a\u0440\u044b\u0442\u0438\u0439 \u043d\u0430 \u043a\u043e\u043c\u043c\u0435\u0440\u0447\u0435\u0441\u043a\u0438\u0445 \u043f\u043e\u043b\u0430\u0445 \u0438 \u0434\u0430\u0436\u0435 \u0431\u043e\u043b\u044c\u0448\u0435. \u0412 \u043a\u0430\u0442\u0435\u0433\u043e\u0440\u0438\u0438 \u043a\u043e\u0432\u0440\u043e\u0432\u043e\u0439 \u043f\u043b\u0438\u0442\u043a\u0438, \u043a\u043e\u0442\u043e\u0440\u0430\u044f \u043f\u0440\u0435\u0434\u043b\u0430\u0433\u0430\u0435\u0442 \u0448\u0438\u0440\u043e\u043a\u0438\u0435 \u0432\u043e\u0437\u043c\u043e\u0436\u043d\u043e\u0441\u0442\u0438 \u0434\u0438\u0437\u0430\u0439\u043d\u0430 \u0432 \u043a\u043e\u043c\u043c\u0435\u0440\u0447\u0435\u0441\u043a\u0438\u0445 \u043f\u043e\u043c\u0435\u0449\u0435\u043d\u0438\u044f\u0445, \u043f\u0440\u0435\u0434\u043b\u0430\u0433\u0430\u044e\u0442\u0441\u044f \u043f\u0440\u043e\u0434\u0443\u043a\u0442\u044b \u0432 \u0440\u0430\u0437\u043b\u0438\u0447\u043d\u044b\u0445 \u0434\u0438\u0430\u043f\u0430\u0437\u043e\u043d\u0430\u0445 \u0432 \u0437\u0430\u0432\u0438\u0441\u0438\u043c\u043e\u0441\u0442\u0438 \u043e\u0442 \u043f\u0440\u044f\u0436\u0438, \u0442\u043e\u0432\u0430\u0440\u043d\u043e\u0439 \u043f\u0440\u043e\u0447\u043d\u043e\u0441\u0442\u0438 \u0438 \u0440\u0430\u0437\u043c\u0435\u0440\u043e\u0432. \u041a\u0430\u043a \u043a\u043e\u043c\u043f\u0430\u043d\u0438\u0438 \u041b\u0438\u043d\u043e\u0444\u043b\u0435\u043a\u0441, \u0434\u043e\u0441\u0442\u0430\u0442\u043e\u0447\u043d\u043e \u0438\u0437\u0443\u0447\u0438\u0442\u044c \u0433\u0440\u0443\u043f\u043f\u044b \u043f\u0440\u043e\u0434\u0443\u043a\u0442\u043e\u0432 \u0432 \u043a\u0430\u0442\u0435\u0433\u043e\u0440\u0438\u0438, \u0447\u0442\u043e\u0431\u044b \u0438\u0437\u0443\u0447\u0438\u0442\u044c \u043a\u043e\u0432\u0440\u043e\u0432\u0443\u044e \u043f\u043b\u0438\u0442\u043a\u0443 \u0438 \u0440\u0430\u0437\u0440\u0430\u0431\u043e\u0442\u0430\u0442\u044c \u043f\u0440\u043e\u0434\u0443\u043a\u0442\u044b, \u043f\u043e\u0434\u0445\u043e\u0434\u044f\u0449\u0438\u0435 \u0434\u043b\u044f \u0432\u0441\u0435\u0445 \u0432\u0438\u0434\u043e\u0432 \u043f\u043e\u0442\u0440\u0435\u0431\u043d\u043e\u0441\u0442\u0435\u0439 \u0438 \u0431\u044e\u0434\u0436\u0435\u0442\u043e\u0432. \u0412\u044b \u043c\u043e\u0436\u0435\u0442\u0435 \u0441\u0432\u044f\u0437\u0430\u0442\u044c\u0441\u044f \u0441 \u043d\u0430\u043c\u0438 \u043f\u043e \u043b\u044e\u0431\u044b\u043c \u0432\u043e\u043f\u0440\u043e\u0441\u0430\u043c, \u043e\u0431\u0440\u0430\u0437\u0446\u0430\u043c \u0438\u043b\u0438 \u0431\u0435\u0441\u043f\u043b\u0430\u0442\u043d\u043e\u043c\u0443 \u0438\u0441\u0441\u043b\u0435\u0434\u043e\u0432\u0430\u043d\u0438\u044e.<\/p>\n\n\t\t<\/div>\n\t<\/div>\n<h2 style=\"color: #848484;text-align: center;font-family:Roboto;font-weight:400;font-style:normal\" class=\"vc_custom_heading\" >\u041c\u043e\u0434\u0435\u043b\u0438 \u043a\u043e\u0432\u0440\u043e\u0432\u043e\u0439 \u043f\u043b\u0438\u0442\u043a\u0438<\/h2><div class=\"vc_empty_space\"\n\t  style=\"height: 32px\"><span class=\"vc_empty_space_inner\"><\/span><\/div>\n<\/div><\/div><\/div><div class=\"wpb_column vc_column_container vc_col-sm-12\"><div class=\"vc_column-inner\"><div class=\"wpb_wrapper\"  ><div class=\"vc_row wpb_row vc_inner vc_row-fluid\"><div class=\"wpb_column vc_column_container vc_col-sm-6\"><div class=\"vc_column-inner\"><div class=\"wpb_wrapper\"  >        <style type=\"text\/css\">\r\n            .ih-item.circle .img:before {\r\n                box-shadow:             }\r\n            .title-w-des h2{\r\n             font-family: inherit;\r\n            }\r\n        <\/style>\r\n\r\n\t\t\r\n<style>\r\n.ct-hover2976.ct_icon_effect13 {\r\n  background-color:;\r\n}\r\n.ct-hover2976.ct_icon_effect13 figcaption {\r\n  background-color:rgba(192,10,39,0.62);\r\n}\r\n<\/style>\r\n\r\n<div class=\"\" data-wow-duration=\"\" >\r\n<figure class=\"ct-hover2976 ct_icon_effect13\">\r\n<img decoding=\"async\" src=\"https:\/\/www.linofleks.com\/wp-content\/uploads\/2019\/04\/GRAND-TOUR-775-Brick-.jpg\" \/>\r\n  <figcaption>\r\n    <h3 style=\"        font-size:px;        color: ;        \">\u0130ndex<\/h3>\r\n    <h5 style=\"        font-size:px;        color: ;        \">\u041c\u043e\u0434\u0435\u043b\u0438 \u043a\u043e\u0432\u0440\u043e\u0432\u043e\u0439 \u043f\u043b\u0438\u0442\u043a\u0438<\/h5>\r\n  <\/figcaption>\r\n  <a href=\"https:\/\/www.linofleks.com\/ru\/index\/\"><\/a>\r\n<\/figure>\r\n<\/div>\r\n\r\n\r\n\r\n\t\t<\/div><\/div><\/div><div class=\"wpb_column vc_column_container vc_col-sm-6\"><div class=\"vc_column-inner\"><div class=\"wpb_wrapper\"  >        <style type=\"text\/css\">\r\n            .ih-item.circle .img:before {\r\n                box-shadow:             }\r\n            .title-w-des h2{\r\n             font-family: inherit;\r\n            }\r\n        <\/style>\r\n\r\n\t\t\r\n<style>\r\n.ct-hover3166.ct_icon_effect13 {\r\n  background-color:;\r\n}\r\n.ct-hover3166.ct_icon_effect13 figcaption {\r\n  background-color:rgba(192,10,39,0.62);\r\n}\r\n<\/style>\r\n\r\n<div class=\"\" data-wow-duration=\"\" >\r\n<figure class=\"ct-hover3166 ct_icon_effect13\">\r\n<img decoding=\"async\" src=\"https:\/\/www.linofleks.com\/wp-content\/uploads\/2019\/03\/VULCAN-771-Brick.jpg\" \/>\r\n  <figcaption>\r\n    <h3 style=\"        font-size:px;        color: ;        \">Standard Carpets<\/h3>\r\n    <h5 style=\"        font-size:px;        color: ;        \">\u041c\u043e\u0434\u0435\u043b\u0438 \u043a\u043e\u0432\u0440\u043e\u0432\u043e\u0439 \u043f\u043b\u0438\u0442\u043a\u0438<\/h5>\r\n  <\/figcaption>\r\n  <a href=\"https:\/\/www.linofleks.com\/ru\/karo-hali-kaplamalari\/\"><\/a>\r\n<\/figure>\r\n<\/div>\r\n\r\n\r\n\r\n\t\t<\/div><\/div><\/div><\/div><\/div><\/div><\/div><\/div><\/div><\/section><section class=\"wpb_row vc_row-fluid\"><div class=\"container\"><div class=\"row\"><div class=\"wpb_column vc_column_container vc_col-sm-12\"><div class=\"vc_column-inner\"><div class=\"wpb_wrapper\"  ><div class=\"vc_empty_space\"\n\t  style=\"height: 92px\"><span class=\"vc_empty_space_inner\"><\/span><\/div>\n<\/div><\/div><\/div><\/div><\/div><\/section>","protected":false},"excerpt":{"rendered":"Karo Hal\u0131 \u00d6zellikle ofis, otel ve konferans salonlar\u0131 i\u00e7in tercih edilen karo hal\u0131lar havl\u0131 y\u00fczey yap\u0131s\u0131 sayesinde zemin kaplamalar\u0131 aras\u0131nda mod\u00fcler \u00e7\u00f6z\u00fcm sunan bir \u00fcr\u00fcn kategorisinde bulunur. Avrupa standard\u0131 olarak 50\u00d750 cm\u2019lik ebatlar halinde \u00fcretilen, ta\u015f\u0131mas\u0131 ve d\u00f6\u015femesi kolay olan karo hal\u0131lar ticari zeminlerde rulo hal\u0131lar\u0131n b\u00fct\u00fcn akustik ve \u0131s\u0131 yal\u0131t\u0131m avantajlar\u0131n\u0131, hatta daha fazlas\u0131n\u0131 [...]","protected":false},"author":1,"featured_media":0,"parent":0,"menu_order":0,"comment_status":"closed","ping_status":"closed","template":"page-templates\/template-fullwidth.php","meta":{"footnotes":""},"class_list":["post-4876","page","type-page","status-publish","hentry"],"_links":{"self":[{"href":"https:\/\/www.linofleks.com\/ru\/wp-json\/wp\/v2\/pages\/4876","targetHints":{"allow":["GET"]}}],"collection":[{"href":"https:\/\/www.linofleks.com\/ru\/wp-json\/wp\/v2\/pages"}],"about":[{"href":"https:\/\/www.linofleks.com\/ru\/wp-json\/wp\/v2\/types\/page"}],"author":[{"embeddable":true,"href":"https:\/\/www.linofleks.com\/ru\/wp-json\/wp\/v2\/users\/1"}],"replies":[{"embeddable":true,"href":"https:\/\/www.linofleks.com\/ru\/wp-json\/wp\/v2\/comments?post=4876"}],"version-history":[{"count":4,"href":"https:\/\/www.linofleks.com\/ru\/wp-json\/wp\/v2\/pages\/4876\/revisions"}],"predecessor-version":[{"id":5931,"href":"https:\/\/www.linofleks.com\/ru\/wp-json\/wp\/v2\/pages\/4876\/revisions\/5931"}],"wp:attachment":[{"href":"https:\/\/www.linofleks.com\/ru\/wp-json\/wp\/v2\/media?parent=4876"}],"curies":[{"name":"wp","href":"https:\/\/api.w.org\/{rel}","templated":true}]}}