{"id":229,"date":"2015-07-27T03:29:01","date_gmt":"2015-07-27T03:29:01","guid":{"rendered":"http:\/\/demo.oceanthemes.net\/archi\/?page_id=229"},"modified":"2019-05-29T13:43:47","modified_gmt":"2019-05-29T10:43:47","slug":"hakkimizda","status":"publish","type":"page","link":"https:\/\/www.linofleks.com\/ru\/hakkimizda\/","title":{"rendered":"\u043e \u043d\u0430\u0441"},"content":{"rendered":"<section class=\"wpb_row vc_row-fluid side-bg no-padding vc_custom_1474447060420 vc_row-has-fill no-padding\"><div class=\"row\"><div class=\"wpb_column vc_column_container vc_col-sm-12\"><div class=\"vc_column-inner\"><div class=\"wpb_wrapper\"  >\t<!-- Element: OT Quick Office -->\r\n\t<div class=\"side-bg\">\r\n\t\t<div class=\"image-container pull-left col-md-5\" style=\"background-image:url(https:\/\/www.linofleks.com\/wp-content\/uploads\/2019\/03\/carpet.jpg); ?>\" data-delay=\"0\"><\/div>\r\n        <div class=\"container\">\r\n            <div class=\"row\">\r\n                <div class=\"inner-padding\">\r\n                    <div class=\"col-md-6 col-md-offset-6 wow fadeInRight\" data-wow-delay=\".2s\">\r\n                        <h2>\u0418\u043d\u043d\u043e\u0432\u0430\u0446\u0438\u043e\u043d\u043d\u044b\u0435 \u0440\u0435\u0448\u0435\u043d\u0438\u044f \u0434\u043b\u044f \u043d\u0430\u043f\u043e\u043b\u044c\u043d\u044b\u0445 \u043f\u043e\u043a\u0440\u044b\u0442\u0438\u0439<\/h2><br\/>\r\n                        \u041d\u0430\u0448\u0430 \u043a\u043e\u043c\u043f\u0430\u043d\u0438\u044f \u043f\u0440\u0435\u0434\u043e\u0441\u0442\u0430\u0432\u043b\u044f\u0435\u0442 \u0443\u0441\u043b\u0443\u0433\u0438 \u043f\u043e \u0434\u0438\u0437\u0430\u0439\u043d\u0443 \u0438\u043d\u0442\u0435\u0440\u044c\u0435\u0440\u0430 \u0438 \u0434\u0435\u043b\u0430\u0435\u0442 \u0441\u0442\u0430\u0432\u043a\u0443 \u043d\u0430 \u0441\u043e\u0432\u0440\u0435\u043c\u0435\u043d\u043d\u044b\u0435 \u0440\u0435\u0448\u0435\u043d\u0438\u044f, \u043f\u0440\u0435\u0434\u043b\u0430\u0433\u0430\u044f \u043f\u0440\u0435\u0432\u043e\u0441\u0445\u043e\u0434\u043d\u044b\u0435 \u043f\u0440\u043e\u0434\u0443\u043a\u0442\u044b \u0434\u043b\u044f \u0432\u0441\u0435\u0445 \u0440\u0430\u0437\u043c\u0435\u0440\u043e\u0432, \u0441\u043e\u0441\u0442\u0430\u0432\u043b\u044f\u044e\u0449\u0438\u0445 \u043f\u0440\u043e\u0441\u0442\u0440\u0430\u043d\u0441\u0442\u0432\u043e. \u041c\u0438\u0441\u0441\u0438\u044f \u0441\u0442\u0440\u043e\u0438\u0442\u0435\u043b\u044c\u043d\u043e\u0439 \u043e\u0442\u0440\u0430\u0441\u043b\u0438 - \u043f\u0440\u043e\u0438\u0437\u0432\u043e\u0434\u0441\u0442\u0432\u043e \u0440\u0435\u0448\u0435\u043d\u0438\u0439 \u0434\u043b\u044f \u043f\u043e\u043b\u043e\u0432 \u0432\u043d\u0443\u0442\u0440\u0438 \u0438 \u0441\u043d\u0430\u0440\u0443\u0436\u0438 \u043f\u043e\u043c\u0435\u0449\u0435\u043d\u0438\u0439 \u0441 \u043f\u043e\u043c\u043e\u0449\u044c\u044e \u0441\u0432\u043e\u0438\u0445 \u043f\u0430\u0440\u0442\u043d\u0435\u0440\u043e\u0432 \u043f\u043e \u044d\u043a\u0441\u043f\u0435\u0440\u0442\u043d\u044b\u043c \u0440\u0435\u0448\u0435\u043d\u0438\u044f\u043c, \u043a\u043e\u0442\u043e\u0440\u0430\u044f \u0431\u044b\u043b\u0430 \u0441\u043e\u0437\u0434\u0430\u043d\u0430 \u0434\u043b\u044f \u0440\u0430\u0431\u043e\u0442\u044b \u0432 \u043e\u0431\u043b\u0430\u0441\u0442\u044f\u0445 \u043a\u043e\u0432\u0440\u043e\u0432\u043e\u0439 \u043f\u043b\u0438\u0442\u043a\u0438, \u0432\u043d\u0443\u0442\u0440\u0435\u043d\u043d\u0438\u0445 \u0438 \u043d\u0430\u0440\u0443\u0436\u043d\u044b\u0445 \u0441\u0438\u0441\u0442\u0435\u043c \u0444\u0430\u043b\u044c\u0448\u043f\u043e\u043b\u0430, \u0434\u0435\u043a\u043e\u0440\u0430\u0442\u0438\u0432\u043d\u044b\u0445 \u0441\u0442\u044f\u0436\u0435\u043a, \u0441\u0430\u043c\u043e\u0432\u044b\u0440\u0430\u0432\u043d\u0438\u0432\u0430\u043d\u0438\u044f, \u0438 \u041f\u0412\u0425 \u043c\u0430\u0442\u0435\u0440\u0438\u0430\u043b\u044b \u0434\u043b\u044f \u043f\u043e\u043b\u043e\u0432. \u0411\u043b\u0430\u0433\u043e\u0434\u0430\u0440\u044f \u0441\u0432\u043e\u0438\u043c \u0434\u0438\u043b\u0435\u0440\u0441\u043a\u0438\u043c \u0446\u0435\u043d\u0442\u0440\u0430\u043c \u0438 \u043f\u0440\u0435\u0434\u0441\u0442\u0430\u0432\u0438\u0442\u0435\u043b\u044c\u0441\u0442\u0432\u0430\u043c \u0441 \u0432\u0435\u0434\u0443\u0449\u0438\u043c\u0438 \u043c\u0438\u0440\u043e\u0432\u044b\u043c\u0438 \u043f\u0440\u043e\u0438\u0437\u0432\u043e\u0434\u0438\u0442\u0435\u043b\u044f\u043c\u0438 \u0438 \u0431\u0440\u0435\u043d\u0434\u0430\u043c\u0438 \u0432 \u043e\u0431\u043b\u0430\u0441\u0442\u0438 \u043a\u043e\u0432\u0440\u043e\u0432\u043e\u0439 \u043f\u043b\u0438\u0442\u043a\u0438, \u0432\u043d\u0443\u0442\u0440\u0435\u043d\u043d\u0438\u0445 \u0438 \u043d\u0430\u0440\u0443\u0436\u043d\u044b\u0445 \u0441\u0438\u0441\u0442\u0435\u043c \u0444\u0430\u043b\u044c\u0448\u043f\u043e\u043b\u043e\u0432, \u0434\u0435\u043a\u043e\u0440\u0430\u0442\u0438\u0432\u043d\u044b\u0445 \u0441\u0442\u044f\u0436\u0435\u043a, \u0441\u0430\u043c\u043e\u0432\u044b\u0440\u0430\u0432\u043d\u0438\u0432\u0430\u044e\u0449\u0438\u0445\u0441\u044f \u043f\u043e\u043b\u043e\u0432 \u0438 \u043c\u0430\u0442\u0435\u0440\u0438\u0430\u043b\u043e\u0432 \u0434\u043b\u044f \u043f\u043e\u043b\u043e\u0432 \u0438\u0437 \u041f\u0412\u0425, \u043f\u0440\u0438\u044f\u0442\u043d\u044b\u0435, \u0444\u0443\u043d\u043a\u0446\u0438\u043e\u043d\u0430\u043b\u044c\u043d\u044b\u0435, \u043d\u0430\u0438\u0431\u043e\u043b\u0435\u0435 \u043f\u043e\u0434\u0445\u043e\u0434\u044f\u0449\u0438\u0435 \u0438 \u0430\u0440\u0445\u0438\u0442\u0435\u043a\u0442\u0443\u0440\u043d\u043e-\u044d\u0441\u0442\u0435\u0442\u0438\u0447\u0435\u0441\u043a\u0438\u0435 \u0440\u0435\u0448\u0435\u043d\u0438\u044f, \u043f\u0440\u0438\u043c\u0435\u043d\u044f\u0435\u043c\u044b\u0435 \u0432 \u043f\u0440\u043e\u0431\u0435\u043b\u044b. \u043f\u0440\u043e\u0438\u0437\u0432\u043e\u0434\u0438\u0442. \u041b\u0438\u043d\u043e\u0444\u043b\u0435\u043a\u0441 \u0441\u043e \u0441\u0432\u043e\u0438\u043c \u043a\u0432\u0430\u043b\u0438\u0444\u0438\u0446\u0438\u0440\u043e\u0432\u0430\u043d\u043d\u044b\u043c \u043f\u0435\u0440\u0441\u043e\u043d\u0430\u043b\u043e\u043c, \u043e\u0431\u043b\u0430\u0434\u0430\u044e\u0449\u0438\u043c \u0442\u0435\u0445\u043d\u0438\u0447\u0435\u0441\u043a\u0438\u043c\u0438 \u0437\u043d\u0430\u043d\u0438\u044f\u043c\u0438 \u0438 \u043e\u043f\u044b\u0442\u043e\u043c, \u0441\u043e\u0447\u0435\u0442\u0430\u0435\u0442 \u0432 \u0441\u0435\u0431\u0435 \u0440\u0435\u0448\u0435\u043d\u0438\u044f, \u043d\u0435\u043e\u0431\u0445\u043e\u0434\u0438\u043c\u044b\u0435 \u0441\u0442\u0440\u043e\u0438\u0442\u0435\u043b\u044c\u043d\u043e\u0439 \u043e\u0442\u0440\u0430\u0441\u043b\u0438 \u0422\u0443\u0440\u0446\u0438\u0438, \u0441 \u043f\u0440\u043e\u0444\u0435\u0441\u0441\u0438\u043e\u043d\u0430\u043b\u044c\u043d\u044b\u043c \u043f\u043e\u0434\u0445\u043e\u0434\u043e\u043c \u043a \u043e\u0431\u0441\u043b\u0443\u0436\u0438\u0432\u0430\u043d\u0438\u044e. \u041b\u0438\u043d\u043e\u0444\u043b\u0435\u043a\u0441, \u043a\u043e\u0442\u043e\u0440\u0430\u044f \u043e\u0441\u0432\u043e\u0438\u043b\u0430 \u0440\u0435\u0448\u0435\u043d\u0438\u044f, \u043a\u043e\u0442\u043e\u0440\u044b\u0435 \u043f\u0440\u0435\u0434\u043b\u0430\u0433\u0430\u0435\u0442 \u0441\u0432\u043e\u0438\u043c \u043a\u043b\u0438\u0435\u043d\u0442\u0430\u043c, \u0432\u043f\u043b\u043e\u0442\u044c \u0434\u043e \u0441\u0442\u0430\u0434\u0438\u0438 \u043f\u0440\u043e\u0435\u043a\u0442\u0438\u0440\u043e\u0432\u0430\u043d\u0438\u044f \u0438 \u0434\u0435\u0442\u0430\u043b\u044c\u043d\u043e\u0433\u043e \u0430\u043d\u0430\u043b\u0438\u0437\u0430, \u0433\u043e\u0440\u0434\u0438\u0442\u0441\u044f \u043e\u0442\u0440\u0430\u0436\u0435\u043d\u0438\u0435\u043c \u0441\u0432\u043e\u0435\u0433\u043e \u0430\u0440\u0445\u0438\u0442\u0435\u043a\u0442\u0443\u0440\u043d\u043e\u0433\u043e \u043f\u043e\u043d\u0438\u043c\u0430\u043d\u0438\u044f \u0432 \u043f\u043e\u0438\u0441\u043a\u0430\u0445 \u0444\u0443\u043d\u043a\u0446\u0438\u043e\u043d\u0430\u043b\u044c\u043d\u043e\u0441\u0442\u0438 \u0438 \u044d\u0441\u0442\u0435\u0442\u0438\u043a\u0438, \u0430 \u0442\u0430\u043a\u0436\u0435 \u043e\u0442\u0440\u0430\u0436\u0435\u043d\u0438\u0435\u043c \u0441\u0432\u043e\u0438\u0445 \u0440\u0435\u0448\u0435\u043d\u0438\u0439, \u043a\u043e\u0442\u043e\u0440\u044b\u0435 \u0434\u0435\u043b\u0430\u044e\u0442 \u0436\u0438\u0437\u043d\u044c \u043f\u0440\u043e\u0449\u0435 \u0432 \u043f\u043e\u0441\u0442\u043e\u044f\u043d\u043d\u043e\u0439 \u0420\u0430\u0431\u043e\u0442\u044b \u0440\u0430\u0441\u043f\u043e\u043b\u043e\u0436\u0435\u043d\u044b \u043f\u043e \u0432\u0441\u0435\u0439 \u0422\u0443\u0440\u0446\u0438\u0438. \u041f\u043e \u0441\u0443\u0442\u0438, \u043e\u043d \u043c\u043e\u0436\u0435\u0442 \u043e\u0431\u0441\u043b\u0443\u0436\u0438\u0432\u0430\u0442\u044c \u0441\u0432\u043e\u0438\u0445 \u043a\u043b\u0438\u0435\u043d\u0442\u043e\u0432 \u043d\u0430 \u0432\u0441\u0435\u0445 \u044d\u0442\u0430\u043f\u0430\u0445 \u0440\u0430\u0437\u0440\u0430\u0431\u043e\u0442\u043a\u0438 \u043e\u0442 \u043f\u0440\u043e\u0435\u043a\u0442\u0438\u0440\u043e\u0432\u0430\u043d\u0438\u044f \u0438 \u043f\u0440\u043e\u0435\u043a\u0442\u0430 \u0434\u043e \u0440\u0435\u0430\u043b\u0438\u0437\u0430\u0446\u0438\u0438. \u041a\u043e\u043c\u043f\u0430\u043d\u0438\u044f \u00ab\u041b\u0438\u043d\u043e\u0444\u043b\u0435\u043a\u0441\u00bb, \u043a\u043e\u0442\u043e\u0440\u0430\u044f \u0441\u0442\u0440\u043e\u0438\u0442 \u0441\u0432\u043e\u0435 \u043e\u0441\u043d\u043e\u0432\u043d\u043e\u0435 \u043f\u043e\u043d\u0438\u043c\u0430\u043d\u0438\u0435 \u0443\u0441\u0442\u0430\u043d\u043e\u0432\u043a\u0438 \u043d\u0430 \u0443\u0434\u043e\u0432\u043b\u0435\u0442\u0432\u043e\u0440\u0435\u043d\u0438\u0438 \u043f\u043e\u0442\u0440\u0435\u0431\u043d\u043e\u0441\u0442\u0435\u0439 \u043a\u043b\u0438\u0435\u043d\u0442\u043e\u0432, \u0432\u043d\u0438\u043c\u0430\u0442\u0435\u043b\u044c\u043d\u043e \u043f\u0440\u0435\u0434\u0441\u0442\u0430\u0432\u043b\u044f\u0435\u0442 \u0441\u0432\u043e\u0438\u043c \u043a\u043b\u0438\u0435\u043d\u0442\u0430\u043c \u0441\u0432\u043e\u0435 \u043a\u0430\u0447\u0435\u0441\u0442\u0432\u043e.                    <\/div>\r\n                    <div class=\"clearfix\"><\/div>\r\n                <\/div>\r\n            <\/div>\r\n        <\/div>\r\n\t<\/div>\r\n\r\n<\/div><\/div><\/div><\/div><\/section>","protected":false},"excerpt":{"rendered":"Yenilik\u00e7i Yer Kaplama \u00c7\u00f6z\u00fcmleri Firmam\u0131z i\u00e7 tasar\u0131m hizmeti veren tasar\u0131m ve mek\u00e2n\u0131 olu\u015fturan t\u00fcm boyutlar i\u00e7in sundu\u011fu m\u00fckemmel \u00fcr\u00fcnleriyle \u00e7a\u011fda\u015f \u00e7\u00f6z\u00fcmlere imzas\u0131n\u0131 atan bir firmad\u0131r. Yap\u0131 sekt\u00f6r\u00fcn\u00fcn Zemin i\u00e7 ve d\u0131\u015f mekan zemin sistemleri konusunda \u00e7\u00f6z\u00fcm \u00fcretme misyonunu, uzmanl\u0131k alan\u0131 olan Karo Hal\u0131, \u0130\u00e7 ve D\u0131\u015f Mekan Y\u00fckseltilmi\u015f D\u00f6\u015feme Sistemleri, Dekoratif \u015eap Uygulamalar\u0131, Self Leveling, [...]","protected":false},"author":1,"featured_media":0,"parent":0,"menu_order":0,"comment_status":"open","ping_status":"open","template":"page-templates\/template-fullwidth.php","meta":{"footnotes":""},"class_list":["post-229","page","type-page","status-publish","hentry"],"_links":{"self":[{"href":"https:\/\/www.linofleks.com\/ru\/wp-json\/wp\/v2\/pages\/229","targetHints":{"allow":["GET"]}}],"collection":[{"href":"https:\/\/www.linofleks.com\/ru\/wp-json\/wp\/v2\/pages"}],"about":[{"href":"https:\/\/www.linofleks.com\/ru\/wp-json\/wp\/v2\/types\/page"}],"author":[{"embeddable":true,"href":"https:\/\/www.linofleks.com\/ru\/wp-json\/wp\/v2\/users\/1"}],"replies":[{"embeddable":true,"href":"https:\/\/www.linofleks.com\/ru\/wp-json\/wp\/v2\/comments?post=229"}],"version-history":[{"count":0,"href":"https:\/\/www.linofleks.com\/ru\/wp-json\/wp\/v2\/pages\/229\/revisions"}],"wp:attachment":[{"href":"https:\/\/www.linofleks.com\/ru\/wp-json\/wp\/v2\/media?parent=229"}],"curies":[{"name":"wp","href":"https:\/\/api.w.org\/{rel}","templated":true}]}}