{"id":5440,"date":"2020-08-18T11:16:12","date_gmt":"2020-08-18T08:16:12","guid":{"rendered":"https:\/\/www.linofleks.com\/?page_id=5440"},"modified":"2020-08-18T11:16:47","modified_gmt":"2020-08-18T08:16:47","slug":"onlysport-flex","status":"publish","type":"page","link":"https:\/\/www.linofleks.com\/en\/onlysport-flex\/","title":{"rendered":"Onlysport Flex"},"content":{"rendered":"<section class=\"wpb_row vc_row-fluid\"><div class=\"container\"><div class=\"row\"><div class=\"wpb_column vc_column_container vc_col-sm-12\"><div class=\"vc_column-inner\"><div class=\"wpb_wrapper\"  ><div class=\"vc_empty_space\"\n\t  style=\"height: 32px\"><span class=\"vc_empty_space_inner\"><\/span><\/div>\n<\/div><\/div><\/div><\/div><\/div><\/section><section class=\"wpb_row vc_row-fluid\"><div class=\"container\"><div class=\"row\"><div class=\"wpb_column vc_column_container vc_col-sm-6\"><div class=\"vc_column-inner\"><div class=\"wpb_wrapper\"  ><div class=\"avt_masterslider_el\" >\n\t\t<!-- MasterSlider -->\n\t\t<div id=\"P_MS69f118628d1d7\" class=\"master-slider-parent ms-thumbs-template ms-parent-id-121\" style=\"max-width:1000px;\"  >\n\n\t\t\t\n\t\t\t<!-- MasterSlider Main -->\n\t\t\t<div id=\"MS69f118628d1d7\" class=\"master-slider ms-skin-default\" >\n\t\t\t\t \t\t\t\t \n\t\t\t<div  class=\"ms-slide\" data-delay=\"3\" data-fill-mode=\"fill\"  data-id=\"1\"  >\n\t\t\t\t\t<img decoding=\"async\" src=\"https:\/\/www.linofleks.com\/wp-content\/plugins\/masterslider\/public\/assets\/css\/blank.gif\" alt=\"\" title=\"Above-One-743-Brick-\" data-src=\"https:\/\/www.linofleks.com\/wp-content\/uploads\/2019\/05\/4011-006.jpg\" \/>\n\n\t\t\t\t\t<div class=\"ms-info\"><h3><span style=\"color: #ffffff;\"><br \/>4011-006<\/span><\/h3><\/div>\n\n\n\t<img decoding=\"async\" class=\"ms-thumb\" src=\"https:\/\/www.linofleks.com\/wp-content\/uploads\/2019\/05\/4011-006.jpg\" alt=\"\" \/>\n\t\t\t\t<\/div>\n\t\t\t<div  class=\"ms-slide\" data-delay=\"3\" data-fill-mode=\"fill\"  data-id=\"745\"  >\n\t\t\t\t\t<img decoding=\"async\" src=\"https:\/\/www.linofleks.com\/wp-content\/plugins\/masterslider\/public\/assets\/css\/blank.gif\" alt=\"\" title=\"Above-One-743-Brick-\" data-src=\"https:\/\/www.linofleks.com\/wp-content\/uploads\/2019\/05\/4011-008.jpg\" \/>\n\n\t\t\t\t\t<div class=\"ms-info\"><h3><span style=\"color: #ffffff;\"><br \/>4011-008<\/span><\/h3><\/div>\n\n\n\t<img decoding=\"async\" class=\"ms-thumb\" src=\"https:\/\/www.linofleks.com\/wp-content\/uploads\/2019\/05\/4011-008.jpg\" alt=\"\" \/>\n\t\t\t\t<\/div>\n\t\t\t<div  class=\"ms-slide\" data-delay=\"3\" data-fill-mode=\"fill\"  data-id=\"746\"  >\n\t\t\t\t\t<img decoding=\"async\" src=\"https:\/\/www.linofleks.com\/wp-content\/plugins\/masterslider\/public\/assets\/css\/blank.gif\" alt=\"\" title=\"Above-One-755-Brick-\" data-src=\"https:\/\/www.linofleks.com\/wp-content\/uploads\/2019\/05\/4011-016.jpg\" \/>\n\n\t\t\t\t\t<div class=\"ms-info\"><h3><span style=\"color: #ffffff;\"><br \/>4011-016<\/span><\/h3><\/div>\n\n\n\t<img decoding=\"async\" class=\"ms-thumb\" src=\"https:\/\/www.linofleks.com\/wp-content\/uploads\/2019\/05\/4011-016.jpg\" alt=\"\" \/>\n\t\t\t\t<\/div>\n\t\t\t<div  class=\"ms-slide\" data-delay=\"3\" data-fill-mode=\"fill\"  data-id=\"747\"  >\n\t\t\t\t\t<img decoding=\"async\" src=\"https:\/\/www.linofleks.com\/wp-content\/plugins\/masterslider\/public\/assets\/css\/blank.gif\" alt=\"\" title=\"Above-One-777-Brick-\" data-src=\"https:\/\/www.linofleks.com\/wp-content\/uploads\/2019\/05\/4011-012.jpg\" \/>\n\n\t\t\t\t\t<div class=\"ms-info\"><h3><span style=\"color: #ffffff;\"><br \/>4011-012<\/span><\/h3><\/div>\n\n\n\t<img decoding=\"async\" class=\"ms-thumb\" src=\"https:\/\/www.linofleks.com\/wp-content\/uploads\/2019\/05\/4011-012.jpg\" alt=\"\" \/>\n\t\t\t\t<\/div>\n\t\t\t<div  class=\"ms-slide\" data-delay=\"3\" data-fill-mode=\"fill\"  data-id=\"776\"  >\n\t\t\t\t\t<img decoding=\"async\" src=\"https:\/\/www.linofleks.com\/wp-content\/plugins\/masterslider\/public\/assets\/css\/blank.gif\" alt=\"\" title=\"Above-one-749-Brick-\" data-src=\"https:\/\/www.linofleks.com\/wp-content\/uploads\/2019\/05\/4011-014.jpg\" \/>\n\n\t\t\t\t\t<div class=\"ms-info\"><h3><span style=\"color: #ffffff;\"><br \/>4011-014<\/span><\/h3><\/div>\n\n\n\t<img decoding=\"async\" class=\"ms-thumb\" src=\"https:\/\/www.linofleks.com\/wp-content\/uploads\/2019\/05\/4011-014.jpg\" alt=\"\" \/>\n\t\t\t\t<\/div>\n\t\t\t<div  class=\"ms-slide\" data-delay=\"3\" data-fill-mode=\"fill\"  data-id=\"776\"  >\n\t\t\t\t\t<img decoding=\"async\" src=\"https:\/\/www.linofleks.com\/wp-content\/plugins\/masterslider\/public\/assets\/css\/blank.gif\" alt=\"\" title=\"Above-one-749-Brick-\" data-src=\"https:\/\/www.linofleks.com\/wp-content\/uploads\/2019\/05\/4011-010.jpg\" \/>\n\n\t\t\t\t\t<div class=\"ms-info\"><h3><span style=\"color: #ffffff;\"><br \/>4011-010<\/span><\/h3><\/div>\n\n\n\t<img decoding=\"async\" class=\"ms-thumb\" src=\"https:\/\/www.linofleks.com\/wp-content\/uploads\/2019\/05\/4011-010.jpg\" alt=\"\" \/>\n\t\t\t\t<\/div>\n\t\t\t<div  class=\"ms-slide\" data-delay=\"3\" data-fill-mode=\"fill\"  data-id=\"776\"  >\n\t\t\t\t\t<img decoding=\"async\" src=\"https:\/\/www.linofleks.com\/wp-content\/plugins\/masterslider\/public\/assets\/css\/blank.gif\" alt=\"\" title=\"Above-one-749-Brick-\" data-src=\"https:\/\/www.linofleks.com\/wp-content\/uploads\/2019\/05\/4011-018.jpg\" \/>\n\n\t\t\t\t\t<div class=\"ms-info\"><h3><span style=\"color: #ffffff;\"><br \/>4011-018<\/span><\/h3><\/div>\n\n\n\t<img decoding=\"async\" class=\"ms-thumb\" src=\"https:\/\/www.linofleks.com\/wp-content\/uploads\/2019\/05\/4011-018.jpg\" alt=\"\" \/>\n\t\t\t\t<\/div>\n\t\t\t<div  class=\"ms-slide\" data-delay=\"3\" data-fill-mode=\"fill\"  data-id=\"776\"  >\n\t\t\t\t\t<img decoding=\"async\" src=\"https:\/\/www.linofleks.com\/wp-content\/plugins\/masterslider\/public\/assets\/css\/blank.gif\" alt=\"\" title=\"Above-one-749-Brick-\" data-src=\"https:\/\/www.linofleks.com\/wp-content\/uploads\/2019\/05\/4011-024.jpg\" \/>\n\n\t\t\t\t\t<div class=\"ms-info\"><h3><span style=\"color: #ffffff;\"><br \/>4011-024<\/span><\/h3><\/div>\n\n\n\t<img decoding=\"async\" class=\"ms-thumb\" src=\"https:\/\/www.linofleks.com\/wp-content\/uploads\/2019\/05\/4011-024.jpg\" alt=\"\" \/>\n\t\t\t\t<\/div>\n\t\t\t<div  class=\"ms-slide\" data-delay=\"3\" data-fill-mode=\"fill\"  data-id=\"776\"  >\n\t\t\t\t\t<img decoding=\"async\" src=\"https:\/\/www.linofleks.com\/wp-content\/plugins\/masterslider\/public\/assets\/css\/blank.gif\" alt=\"\" title=\"Above-one-749-Brick-\" data-src=\"https:\/\/www.linofleks.com\/wp-content\/uploads\/2019\/05\/4011-022.jpg\" \/>\n\n\t\t\t\t\t<div class=\"ms-info\"><h3><span style=\"color: #ffffff;\"><br \/>4011-022<\/span><\/h3><\/div>\n\n\n\t<img decoding=\"async\" class=\"ms-thumb\" src=\"https:\/\/www.linofleks.com\/wp-content\/uploads\/2019\/05\/4011-022.jpg\" alt=\"\" \/>\n\t\t\t\t<\/div>\n\t\t\t<div  class=\"ms-slide\" data-delay=\"3\" data-fill-mode=\"fill\"  data-id=\"776\"  >\n\t\t\t\t\t<img decoding=\"async\" src=\"https:\/\/www.linofleks.com\/wp-content\/plugins\/masterslider\/public\/assets\/css\/blank.gif\" alt=\"\" title=\"Above-one-749-Brick-\" data-src=\"https:\/\/www.linofleks.com\/wp-content\/uploads\/2019\/05\/4011-020.jpg\" \/>\n\n\t\t\t\t\t<div class=\"ms-info\"><h3><span style=\"color: #ffffff;\"><br \/>4011-020<\/span><\/h3><\/div>\n\n\n\t<img decoding=\"async\" class=\"ms-thumb\" src=\"https:\/\/www.linofleks.com\/wp-content\/uploads\/2019\/05\/4011-020.jpg\" alt=\"\" \/>\n\t\t\t\t<\/div>\n\n\t\t\t<\/div>\n\t\t\t<!-- END MasterSlider Main -->\n\n\t\t\t \n\t\t<\/div>\n\t\t<!-- END MasterSlider -->\n\n\t\t<script>\n\t\t( window.MSReady = window.MSReady || [] ).push( function( $ ) {\n\n\t\t\t\"use strict\";\n\t\t\tvar masterslider_d1d7 = new MasterSlider();\n\n\t\t\t\/\/ slider controls\n\t\t\tmasterslider_d1d7.control('arrows'     ,{ autohide:true, overVideo:true  });\n\t\t\tmasterslider_d1d7.control('thumblist'  ,{ autohide:false, overVideo:false, dir:'h', speed:17, inset:false, arrows:true, hover:false, customClass:'', align:'bottom',type:'thumbs', margin:5, width:127, height:130, space:5, fillMode:'fill'  });\n\t\t\tmasterslider_d1d7.control('slideinfo'  ,{ autohide:false, overVideo:false, dir:'v', align:'right',inset:true , margin:10   });\n\t\t\t\/\/ slider setup\n\t\t\tmasterslider_d1d7.setup(\"MS69f118628d1d7\", {\n\t\t\t\twidth           : 1000,\n\t\t\t\theight          : 500,\n\t\t\t\tminHeight       : 0,\n\t\t\t\tspace           : 0,\n\t\t\t\tstart           : 1,\n\t\t\t\tgrabCursor      : true,\n\t\t\t\tswipe           : true,\n\t\t\t\tmouse           : true,\n\t\t\t\tkeyboard        : false,\n\t\t\t\tlayout          : \"boxed\",\n\t\t\t\twheel           : false,\n\t\t\t\tautoplay        : true,\n                instantStartLayers:false,\n\t\t\t\tmobileBGVideo:false,\n\t\t\t\tloop            : false,\n\t\t\t\tshuffle         : false,\n\t\t\t\tpreload         : 0,\n\t\t\t\theightLimit     : true,\n\t\t\t\tautoHeight      : false,\n\t\t\t\tsmoothHeight    : true,\n\t\t\t\tendPause        : false,\n\t\t\t\toverPause       : false,\n\t\t\t\tfillMode        : \"fill\",\n\t\t\t\tcenterControls  : true,\n\t\t\t\tstartOnAppear   : false,\n\t\t\t\tlayersMode      : \"center\",\n\t\t\t\tautofillTarget  : \"\",\n\t\t\t\thideLayers      : false,\n\t\t\t\tfullscreenMargin: 0,\n\t\t\t\tspeed           : 20,\n\t\t\t\tdir             : \"h\",\n\t\t\t\tview            : \"mask\"\n\t\t\t});\n\n\t\t\t\n\t\t\twindow.masterslider_instances = window.masterslider_instances || [];\n\t\t\twindow.masterslider_instances.push( masterslider_d1d7 );\n\t\t});\n\t\t<\/script>\n\n<\/div>\n\t<div  class=\"wpb_single_image wpb_content_element vc_align_left\">\n\t\t\n\t\t<figure class=\"wpb_wrapper vc_figure\">\n\t\t\t<div class=\"vc_single_image-wrapper   vc_box_border_grey\"><img loading=\"lazy\" decoding=\"async\" width=\"1761\" height=\"678\" src=\"https:\/\/www.linofleks.com\/wp-content\/uploads\/2019\/05\/aasprt.png\" class=\"vc_single_image-img attachment-full\" alt=\"\" srcset=\"https:\/\/www.linofleks.com\/wp-content\/uploads\/2019\/05\/aasprt.png 1761w, https:\/\/www.linofleks.com\/wp-content\/uploads\/2019\/05\/aasprt-300x116.png 300w, https:\/\/www.linofleks.com\/wp-content\/uploads\/2019\/05\/aasprt-768x296.png 768w, https:\/\/www.linofleks.com\/wp-content\/uploads\/2019\/05\/aasprt-1024x394.png 1024w\" sizes=\"auto, (max-width: 1761px) 100vw, 1761px\" \/><\/div>\n\t\t<\/figure>\n\t<\/div>\n<\/div><\/div><\/div><div class=\"wpb_column vc_column_container vc_col-sm-6\"><div class=\"vc_column-inner\"><div class=\"wpb_wrapper\"  ><h2 style=\"text-align: center;font-family:Roboto;font-weight:500;font-style:normal\" class=\"vc_custom_heading\" >Technical Specifications<\/h2>\n\t<div class=\"wpb_text_column wpb_content_element\" >\n\t\t<div class=\"wpb_wrapper\">\n\t\t\t<p>Onlysport Fit \u2013 Onlysport Range \u2013 Onlysport Flex \u2013 Onlysport Extreme<\/p>\n\n\t\t<\/div>\n\t<\/div>\n\n\t<div  class=\"wpb_single_image wpb_content_element vc_align_left\">\n\t\t\n\t\t<figure class=\"wpb_wrapper vc_figure\">\n\t\t\t<div class=\"vc_single_image-wrapper   vc_box_border_grey\"><img loading=\"lazy\" decoding=\"async\" width=\"1499\" height=\"1265\" src=\"https:\/\/www.linofleks.com\/wp-content\/uploads\/2019\/05\/spr5.jpg\" class=\"vc_single_image-img attachment-full\" alt=\"\" srcset=\"https:\/\/www.linofleks.com\/wp-content\/uploads\/2019\/05\/spr5.jpg 1499w, https:\/\/www.linofleks.com\/wp-content\/uploads\/2019\/05\/spr5-300x253.jpg 300w, https:\/\/www.linofleks.com\/wp-content\/uploads\/2019\/05\/spr5-768x648.jpg 768w, https:\/\/www.linofleks.com\/wp-content\/uploads\/2019\/05\/spr5-1024x864.jpg 1024w\" sizes=\"auto, (max-width: 1499px) 100vw, 1499px\" \/><\/div>\n\t\t<\/figure>\n\t<\/div>\n<\/div><\/div><\/div><\/div><\/div><\/section><section class=\"wpb_row vc_row-fluid\"><div class=\"container\"><div class=\"row\"><div class=\"wpb_column vc_column_container vc_col-sm-12\"><div class=\"vc_column-inner\"><div class=\"wpb_wrapper\"  >\n\t<div class=\"wpb_text_column wpb_content_element\" >\n\t\t<div class=\"wpb_wrapper\">\n\t\t\t<p><strong>Onlysport Flex<\/strong> (Onlysport Flex 9.5mm) is a P2 compatible Sports PVC Coating floor that provides the best comfort and performance, with the latest, modern colors and all DOMESTIC MADE. It provides extreme protection and best safety for high performance multi-sport use (especially handball, basketball and volleyball) by sports federations in secondary school, high school and municipal gymnasiums. It is cost-effective thanks to its extra strength. Treated with our minimal surface protection which reduces maintenance cost. The application can be freely tiled.)<\/p>\n\n\t\t<\/div>\n\t<\/div>\n<\/div><\/div><\/div><\/div><\/div><\/section>","protected":false},"excerpt":{"rendered":"4011-006 4011-008 4011-016 4011-012 4011-014 4011-010 4011-018 4011-024 4011-022 4011-020 Technical Specifications Onlysport Fit \u2013 Onlysport Range \u2013 Onlysport Flex \u2013 Onlysport Extreme Onlysport Flex ( Onlysport Flex 9.5mm), En yeni, modern renkleri ve t\u00fcm\u00fc YERL\u0130 \u00dcRET\u0130M olan en iyi konfor ve performans sa\u011flayan P2 uyumlu bir Spor PVC Kaplama zeminidir. Spor federasyonlar\u0131 taraf\u0131ndan, ortaokul, [...]","protected":false},"author":1,"featured_media":0,"parent":0,"menu_order":0,"comment_status":"closed","ping_status":"closed","template":"page-templates\/template-fullwidth.php","meta":{"footnotes":""},"class_list":["post-5440","page","type-page","status-publish","hentry"],"_links":{"self":[{"href":"https:\/\/www.linofleks.com\/en\/wp-json\/wp\/v2\/pages\/5440","targetHints":{"allow":["GET"]}}],"collection":[{"href":"https:\/\/www.linofleks.com\/en\/wp-json\/wp\/v2\/pages"}],"about":[{"href":"https:\/\/www.linofleks.com\/en\/wp-json\/wp\/v2\/types\/page"}],"author":[{"embeddable":true,"href":"https:\/\/www.linofleks.com\/en\/wp-json\/wp\/v2\/users\/1"}],"replies":[{"embeddable":true,"href":"https:\/\/www.linofleks.com\/en\/wp-json\/wp\/v2\/comments?post=5440"}],"version-history":[{"count":1,"href":"https:\/\/www.linofleks.com\/en\/wp-json\/wp\/v2\/pages\/5440\/revisions"}],"predecessor-version":[{"id":5441,"href":"https:\/\/www.linofleks.com\/en\/wp-json\/wp\/v2\/pages\/5440\/revisions\/5441"}],"wp:attachment":[{"href":"https:\/\/www.linofleks.com\/en\/wp-json\/wp\/v2\/media?parent=5440"}],"curies":[{"name":"wp","href":"https:\/\/api.w.org\/{rel}","templated":true}]}}