{"id":5374,"date":"2019-10-30T16:23:59","date_gmt":"2019-10-30T13:23:59","guid":{"rendered":"https:\/\/www.linofleks.com\/?page_id=5374"},"modified":"2021-02-04T14:46:03","modified_gmt":"2021-02-04T11:46:03","slug":"folyo-kapli-paneller","status":"publish","type":"page","link":"https:\/\/www.linofleks.com\/en\/folyo-kapli-paneller\/","title":{"rendered":"Foil Covered Panels"},"content":{"rendered":"<section class=\"wpb_row vc_row-fluid\"><div class=\"container\"><div class=\"row\"><div class=\"wpb_column vc_column_container vc_col-sm-2\"><div class=\"vc_column-inner\"><div class=\"wpb_wrapper\"  ><\/div><\/div><\/div><div class=\"wpb_column vc_column_container vc_col-sm-8\"><div class=\"vc_column-inner\"><div class=\"wpb_wrapper\"  >\n\t<div class=\"wpb_text_column wpb_content_element\" >\n\t\t<div class=\"wpb_wrapper\">\n\t\t\t<h2>Foil Covered Panels<\/h2>\n<p><strong><img loading=\"lazy\" decoding=\"async\" class=\"alignnone wp-image-5782 size-medium\" src=\"https:\/\/www.linofleks.com\/wp-content\/uploads\/2021\/02\/FPF_LF30-patlamis-300x300.jpg\" alt=\"\" width=\"300\" height=\"300\" srcset=\"https:\/\/www.linofleks.com\/wp-content\/uploads\/2021\/02\/FPF_LF30-patlamis-300x300.jpg 300w, https:\/\/www.linofleks.com\/wp-content\/uploads\/2021\/02\/FPF_LF30-patlamis-1024x1024.jpg 1024w, https:\/\/www.linofleks.com\/wp-content\/uploads\/2021\/02\/FPF_LF30-patlamis-150x150.jpg 150w, https:\/\/www.linofleks.com\/wp-content\/uploads\/2021\/02\/FPF_LF30-patlamis-768x768.jpg 768w, https:\/\/www.linofleks.com\/wp-content\/uploads\/2021\/02\/FPF_LF30-patlamis-1536x1536.jpg 1536w, https:\/\/www.linofleks.com\/wp-content\/uploads\/2021\/02\/FPF_LF30-patlamis-2048x2048.jpg 2048w\" sizes=\"auto, (max-width: 300px) 100vw, 300px\" \/><\/strong><\/p>\n<p><strong>FPF-LF30<\/strong><\/p>\n<p>High Density Particleboard core panels with dimensions of 600x600x30 mm are covered with 0.1 mm aluminum foil from the bottom and 0.1 mm from the top, and rigid PVC from the sides.<\/p>\n<p><strong>FPF-LF30 PANEL FEATURES<\/strong><\/p>\n<table width=\"100%\">\n<tbody>\n<tr>\n<td>Panel Dimensions<\/td>\n<td>: 600X600X30MM<\/td>\n<\/tr>\n<tr>\n<td>Top Surface<\/td>\n<td>: 0.1MM Aluminum Foil<\/td>\n<\/tr>\n<tr>\n<td>Sub Surface<\/td>\n<td>: 0.1MM Aluminum Foil<\/td>\n<\/tr>\n<tr>\n<td>Edge Coating<\/td>\n<td>: Rigid PVC Edge Band<\/td>\n<\/tr>\n<tr>\n<td>Panel Weight<\/td>\n<td>: 6.8 Kg\/ Panel<\/td>\n<\/tr>\n<tr>\n<td>Panel Extract<\/td>\n<td>: High Density Particle Board Board<\/td>\n<\/tr>\n<tr>\n<td>Working Load<\/td>\n<td>: 2 kN<\/td>\n<\/tr>\n<tr>\n<td>Maximum Load<\/td>\n<td>: 6 kN<\/td>\n<\/tr>\n<tr>\n<td>Fire Class<\/td>\n<td>: Bfl-S1<\/td>\n<\/tr>\n<tr>\n<td>Panel Load Deflection Class<\/td>\n<td>: 2C<\/td>\n<\/tr>\n<\/tbody>\n<\/table>\n<p>High Density Particleboard core panels with dimensions of 600x600x40 mm are covered with 0.1 mm aluminum foil from the bottom and 0.1 mm from the top, and rigid PVC from the sides.<\/p>\n<p><strong>FPF-LF40 PANEL FEATURES<\/strong><\/p>\n<table width=\"100%\">\n<tbody>\n<tr>\n<td><strong>Panel Dimensions<\/strong><\/td>\n<td>: 600X600X40MM<\/td>\n<\/tr>\n<tr>\n<td><strong>Top Surface<\/strong><\/td>\n<td>: 0.1MM Aluminum Foil<\/td>\n<\/tr>\n<tr>\n<td><strong>Sub Surface<\/strong><\/td>\n<td>: 0.1MM Aluminum Foil<\/td>\n<\/tr>\n<tr>\n<td><strong>Edge Coating<\/strong><\/td>\n<td>: Rigid PVC Edge Band<\/td>\n<\/tr>\n<tr>\n<td><strong>Panel Weight<\/strong><\/td>\n<td>: 9 Kg\/ Panel<\/td>\n<\/tr>\n<tr>\n<td><strong>Panel Extract<\/strong><\/td>\n<td>: High Density Particle Board Board<\/td>\n<\/tr>\n<tr>\n<td><strong>Working Load<\/strong><\/td>\n<td>: 3 kN<\/td>\n<\/tr>\n<tr>\n<td><strong>Maximum Load<\/strong><\/td>\n<td>: 9 kN<\/td>\n<\/tr>\n<tr>\n<td><strong>Fire Class<\/strong><\/td>\n<td>: Bfl-S1<\/td>\n<\/tr>\n<tr>\n<td><strong>Panel Load Deflection Class<\/strong><\/td>\n<td>: 4B<\/td>\n<\/tr>\n<\/tbody>\n<\/table>\n\n\t\t<\/div>\n\t<\/div>\n<\/div><\/div><\/div><div class=\"wpb_column vc_column_container vc_col-sm-2\"><div class=\"vc_column-inner\"><div class=\"wpb_wrapper\"  ><\/div><\/div><\/div><\/div><\/div><\/section>","protected":false},"excerpt":{"rendered":"Folyo Kapl\u0131 Paneller FPF-LF30 600x600x30 mm ebatlar\u0131ndaki Y\u00fcksek Yo\u011funluklu Yonga Levha \u00f6zl\u00fc paneller alttan 0,1 mm ve \u00fcstten 0,1 mm al\u00fcminyum folyo ile yanlardan sert PVC ile kaplanmaktad\u0131r. FPF-LF30 PANEL \u00d6ZELL\u0130KLER\u0130 Panel Boyutlar\u0131 : 600X600X30MM \u00dcst Y\u00fczey : 0,1MM Al\u00fcminyum Folyo Alt Y\u00fczey : 0,1MM Al\u00fcminyum Folyo Kenar Kaplama : Sert PVC Kenar Band\u0131 Panel [...]","protected":false},"author":1,"featured_media":0,"parent":0,"menu_order":0,"comment_status":"closed","ping_status":"closed","template":"page-templates\/template-fullwidth.php","meta":{"footnotes":""},"class_list":["post-5374","page","type-page","status-publish","hentry"],"_links":{"self":[{"href":"https:\/\/www.linofleks.com\/en\/wp-json\/wp\/v2\/pages\/5374","targetHints":{"allow":["GET"]}}],"collection":[{"href":"https:\/\/www.linofleks.com\/en\/wp-json\/wp\/v2\/pages"}],"about":[{"href":"https:\/\/www.linofleks.com\/en\/wp-json\/wp\/v2\/types\/page"}],"author":[{"embeddable":true,"href":"https:\/\/www.linofleks.com\/en\/wp-json\/wp\/v2\/users\/1"}],"replies":[{"embeddable":true,"href":"https:\/\/www.linofleks.com\/en\/wp-json\/wp\/v2\/comments?post=5374"}],"version-history":[{"count":5,"href":"https:\/\/www.linofleks.com\/en\/wp-json\/wp\/v2\/pages\/5374\/revisions"}],"predecessor-version":[{"id":5813,"href":"https:\/\/www.linofleks.com\/en\/wp-json\/wp\/v2\/pages\/5374\/revisions\/5813"}],"wp:attachment":[{"href":"https:\/\/www.linofleks.com\/en\/wp-json\/wp\/v2\/media?parent=5374"}],"curies":[{"name":"wp","href":"https:\/\/api.w.org\/{rel}","templated":true}]}}