{"id":5369,"date":"2019-10-30T16:18:54","date_gmt":"2019-10-30T13:18:54","guid":{"rendered":"https:\/\/www.linofleks.com\/?page_id=5369"},"modified":"2021-02-04T14:49:05","modified_gmt":"2021-02-04T11:49:05","slug":"pvc-paneller","status":"publish","type":"page","link":"https:\/\/www.linofleks.com\/en\/pvc-paneller\/","title":{"rendered":"PVC Panels"},"content":{"rendered":"<section class=\"wpb_row vc_row-fluid\"><div class=\"container\"><div class=\"row\"><div class=\"wpb_column vc_column_container vc_col-sm-2\"><div class=\"vc_column-inner\"><div class=\"wpb_wrapper\"  ><\/div><\/div><\/div><div class=\"wpb_column vc_column_container vc_col-sm-8\"><div class=\"vc_column-inner\"><div class=\"wpb_wrapper\"  >\n\t<div class=\"wpb_text_column wpb_content_element\" >\n\t\t<div class=\"wpb_wrapper\">\n\t\t\t<h2>PVC Panels<\/h2>\n<p><strong><img loading=\"lazy\" decoding=\"async\" class=\"alignnone wp-image-5793 size-medium\" src=\"https:\/\/www.linofleks.com\/wp-content\/uploads\/2021\/02\/PPG_LF30_patlamis-300x300.jpg\" alt=\"\" width=\"300\" height=\"300\" srcset=\"https:\/\/www.linofleks.com\/wp-content\/uploads\/2021\/02\/PPG_LF30_patlamis-300x300.jpg 300w, https:\/\/www.linofleks.com\/wp-content\/uploads\/2021\/02\/PPG_LF30_patlamis-1024x1024.jpg 1024w, https:\/\/www.linofleks.com\/wp-content\/uploads\/2021\/02\/PPG_LF30_patlamis-150x150.jpg 150w, https:\/\/www.linofleks.com\/wp-content\/uploads\/2021\/02\/PPG_LF30_patlamis-768x768.jpg 768w, https:\/\/www.linofleks.com\/wp-content\/uploads\/2021\/02\/PPG_LF30_patlamis-1536x1536.jpg 1536w, https:\/\/www.linofleks.com\/wp-content\/uploads\/2021\/02\/PPG_LF30_patlamis-2048x2048.jpg 2048w\" sizes=\"auto, (max-width: 300px) 100vw, 300px\" \/><\/strong><\/p>\n<p><strong>PPF-LF30<\/strong><\/p>\n<p>600x600x30 mm High Density Particleboard core panels are covered with 0.1 mm aluminum from the bottom, 2mm Antistatic Compact PVC from the top and hard PVC edge bands on the side surfaces of the panel.<\/p>\n<p><strong>PPF-LF30 PANEL FEATURES<\/strong><\/p>\n<table width=\"100%\">\n<tbody>\n<tr>\n<td>Panel Dimensions<\/td>\n<td>: 600X600X30MM<\/td>\n<\/tr>\n<tr>\n<td>Top Surface<\/td>\n<td>: 2 mm Compact PVC<\/td>\n<\/tr>\n<tr>\n<td>Sub Surface<\/td>\n<td>: Aluminium foil<\/td>\n<\/tr>\n<tr>\n<td>Edge Coating<\/td>\n<td>: Rigid PVC Edge Band<\/td>\n<\/tr>\n<tr>\n<td>Panel Weight<\/td>\n<td>: 7.6 Kg\/ Panel<\/td>\n<\/tr>\n<tr>\n<td>Panel Extract<\/td>\n<td>: High Density Particle Board<\/td>\n<\/tr>\n<tr>\n<td>Working Load<\/td>\n<td>: 2,06 kN<\/td>\n<\/tr>\n<tr>\n<td>Maximum Load<\/td>\n<td>: 6,2 kN<\/td>\n<\/tr>\n<tr>\n<td>Fire Class<\/td>\n<td>: Bfl-S1<\/td>\n<\/tr>\n<tr>\n<td>Panel Load Deflection Class<\/td>\n<td>: 2C<\/td>\n<\/tr>\n<\/tbody>\n<\/table>\n\n\t\t<\/div>\n\t<\/div>\n\n\t<div class=\"wpb_text_column wpb_content_element\" >\n\t\t<div class=\"wpb_wrapper\">\n\t\t\t<p><strong>PPG-LF40<\/strong><\/p>\n<p>600x600x40 mm High Density Particleboard core panels are covered with 0.05 mm galvanized steel from the bottom, 2mm Antistatic Compact PVC from the top and hard PVC edge bands on the side surfaces of the panel.<\/p>\n<p><strong>PPG-LF40 PANEL FEATURES<\/strong><\/p>\n<table width=\"100%\">\n<tbody>\n<tr>\n<td><strong>Panel Dimensions<\/strong><\/td>\n<td>: 600X600X40MM<\/td>\n<\/tr>\n<tr>\n<td><strong>Top Surface<\/strong><\/td>\n<td>: 2 mm Compact PVC<\/td>\n<\/tr>\n<tr>\n<td><strong>Sub Surface<\/strong><\/td>\n<td>: Galvanized Steel<\/td>\n<\/tr>\n<tr>\n<td><strong>Edge Coating<\/strong><\/td>\n<td>: Rigid PVC Edge Band<\/td>\n<\/tr>\n<tr>\n<td><strong>Panel Weight<\/strong><\/td>\n<td>: 10.8 Kg\/ Panel<\/td>\n<\/tr>\n<tr>\n<td><strong>Panel Extract<\/strong><\/td>\n<td>: High Density Particle Board<\/td>\n<\/tr>\n<tr>\n<td><strong>Working Load<\/strong><\/td>\n<td>: 4 kN<\/td>\n<\/tr>\n<tr>\n<td><strong>Maximum Load<\/strong><\/td>\n<td>: 12 kN<\/td>\n<\/tr>\n<tr>\n<td><strong>Fire Class<\/strong><\/td>\n<td>: Bfl-S1<\/td>\n<\/tr>\n<tr>\n<td><strong>Panel Load Deflection Class<\/strong><\/td>\n<td>: 6C<\/td>\n<\/tr>\n<\/tbody>\n<\/table>\n\n\t\t<\/div>\n\t<\/div>\n<\/div><\/div><\/div><div class=\"wpb_column vc_column_container vc_col-sm-2\"><div class=\"vc_column-inner\"><div class=\"wpb_wrapper\"  ><\/div><\/div><\/div><\/div><\/div><\/section>","protected":false},"excerpt":{"rendered":"PVC Paneller PPF-LF30 600x600x30 mm ebatlar\u0131nda Y\u00fcksek Yo\u011funluklu Yonga levha \u00f6zl\u00fc paneller, alttan 0,1 mm al\u00fcminyum, \u00fcstten 2mm Antistatik Kompakt PVC ve panel yan y\u00fczeyleri sert PVC kenar band\u0131 ile kaplanmaktad\u0131r. PPF-LF30 PANEL \u00d6ZELL\u0130KLER\u0130 Panel Boyutlar\u0131 : 600X600X30MM \u00dcst Y\u00fczey : 2 mm Kompakt PVC Alt Y\u00fczey : Al\u00fcminyum Folyo Kenar Kaplama : Sert PVC [...]","protected":false},"author":1,"featured_media":0,"parent":0,"menu_order":0,"comment_status":"closed","ping_status":"closed","template":"page-templates\/template-fullwidth.php","meta":{"footnotes":""},"class_list":["post-5369","page","type-page","status-publish","hentry"],"_links":{"self":[{"href":"https:\/\/www.linofleks.com\/en\/wp-json\/wp\/v2\/pages\/5369","targetHints":{"allow":["GET"]}}],"collection":[{"href":"https:\/\/www.linofleks.com\/en\/wp-json\/wp\/v2\/pages"}],"about":[{"href":"https:\/\/www.linofleks.com\/en\/wp-json\/wp\/v2\/types\/page"}],"author":[{"embeddable":true,"href":"https:\/\/www.linofleks.com\/en\/wp-json\/wp\/v2\/users\/1"}],"replies":[{"embeddable":true,"href":"https:\/\/www.linofleks.com\/en\/wp-json\/wp\/v2\/comments?post=5369"}],"version-history":[{"count":4,"href":"https:\/\/www.linofleks.com\/en\/wp-json\/wp\/v2\/pages\/5369\/revisions"}],"predecessor-version":[{"id":5816,"href":"https:\/\/www.linofleks.com\/en\/wp-json\/wp\/v2\/pages\/5369\/revisions\/5816"}],"wp:attachment":[{"href":"https:\/\/www.linofleks.com\/en\/wp-json\/wp\/v2\/media?parent=5369"}],"curies":[{"name":"wp","href":"https:\/\/api.w.org\/{rel}","templated":true}]}}