{"id":5361,"date":"2019-10-30T14:34:50","date_gmt":"2019-10-30T11:34:50","guid":{"rendered":"https:\/\/www.linofleks.com\/?page_id=5361"},"modified":"2022-02-16T00:16:33","modified_gmt":"2022-02-15T21:16:33","slug":"enkapsul-paneller","status":"publish","type":"page","link":"https:\/\/www.linofleks.com\/en\/enkapsul-paneller\/","title":{"rendered":"Encapsule Panels"},"content":{"rendered":"<section class=\"wpb_row vc_row-fluid\"><div class=\"container\"><div class=\"row\"><div class=\"wpb_column vc_column_container vc_col-sm-2\"><div class=\"vc_column-inner\"><div class=\"wpb_wrapper\"  ><\/div><\/div><\/div><div class=\"wpb_column vc_column_container vc_col-sm-8\"><div class=\"vc_column-inner\"><div class=\"wpb_wrapper\"  >\n\t<div class=\"wpb_text_column wpb_content_element\" >\n\t\t<div class=\"wpb_wrapper\">\n\t\t\t<h2>Encapsule Panels<\/h2>\n<p><strong><img loading=\"lazy\" decoding=\"async\" class=\"alignnone wp-image-5809 size-medium\" src=\"https:\/\/www.linofleks.com\/wp-content\/uploads\/2021\/02\/EN_LF30_patlamis-300x300.jpg\" alt=\"\" width=\"300\" height=\"300\" srcset=\"https:\/\/www.linofleks.com\/wp-content\/uploads\/2021\/02\/EN_LF30_patlamis-300x300.jpg 300w, https:\/\/www.linofleks.com\/wp-content\/uploads\/2021\/02\/EN_LF30_patlamis-1024x1024.jpg 1024w, https:\/\/www.linofleks.com\/wp-content\/uploads\/2021\/02\/EN_LF30_patlamis-150x150.jpg 150w, https:\/\/www.linofleks.com\/wp-content\/uploads\/2021\/02\/EN_LF30_patlamis-768x768.jpg 768w, https:\/\/www.linofleks.com\/wp-content\/uploads\/2021\/02\/EN_LF30_patlamis-1536x1536.jpg 1536w, https:\/\/www.linofleks.com\/wp-content\/uploads\/2021\/02\/EN_LF30_patlamis-2048x2048.jpg 2048w\" sizes=\"auto, (max-width: 300px) 100vw, 300px\" \/><\/strong><\/p>\n<p><strong>EN-LF30<\/strong><\/p>\n<p>600x600x30 mm sized chipboard core panels are covered with 0.5 mm galvanized steel from the bottom, top and sides.<\/p>\n<p><strong>EN-LF30 PANEL FEATURES<\/strong><\/p>\n<table width=\"100%\">\n<tbody>\n<tr>\n<td>Panel Dimensions<\/td>\n<td>: 600X600X30MM<\/td>\n<\/tr>\n<tr>\n<td>Top Surface<\/td>\n<td>: Galvanized Steel<\/td>\n<\/tr>\n<tr>\n<td>Sub Surface<\/td>\n<td>: Galvanized Steel<\/td>\n<\/tr>\n<tr>\n<td>Edge Coating<\/td>\n<td>: Galvanized Steel<\/td>\n<\/tr>\n<tr>\n<td>Panel Weight<\/td>\n<td>: 8.9 Kg\/ Panel<\/td>\n<\/tr>\n<tr>\n<td>Panel Extract<\/td>\n<td>: High Density Particle Board<\/td>\n<\/tr>\n<tr>\n<td>Working Load<\/td>\n<td>: 4,5 kN<\/td>\n<\/tr>\n<tr>\n<td>Maximum Load<\/td>\n<td>: 13,5 kN<\/td>\n<\/tr>\n<tr>\n<td>Fire Class<\/td>\n<td>: Bfl-S1<\/td>\n<\/tr>\n<tr>\n<td>Panel Load Deflection Class<\/td>\n<td>: 6C<\/td>\n<\/tr>\n<\/tbody>\n<\/table>\n\n\t\t<\/div>\n\t<\/div>\n<\/div><\/div><\/div><div class=\"wpb_column vc_column_container vc_col-sm-2\"><div class=\"vc_column-inner\"><div class=\"wpb_wrapper\"  ><\/div><\/div><\/div><\/div><\/div><\/section>","protected":false},"excerpt":{"rendered":"Enkaps\u00fcl Paneller EN-LF30 600x600x30 mm ebatlar\u0131nda sunta \u00f6zl\u00fc paneller, alttan, \u00fcstten ve yanlardan 0,5 mm galvanize \u00e7elik ile kapl\u0131d\u0131r. EN-LF30 PANEL \u00d6ZELL\u0130KLER\u0130 Panel Boyutlar\u0131 : 600X600X30MM \u00dcst Y\u00fczey : Galvanize \u00c7elik Alt Y\u00fczey : Galvanize \u00c7elik Kenar Kaplama : Galvanize \u00c7elik Panel A\u011f\u0131rl\u0131\u011f\u0131 : 8,9 Kg\/ Panel Panel \u00d6z\u00fc : Y\u00fcksek Yo\u011funluklu Yonga Levha \u00c7al\u0131\u015fma [...]","protected":false},"author":1,"featured_media":0,"parent":0,"menu_order":0,"comment_status":"closed","ping_status":"closed","template":"page-templates\/template-fullwidth.php","meta":{"footnotes":""},"class_list":["post-5361","page","type-page","status-publish","hentry"],"_links":{"self":[{"href":"https:\/\/www.linofleks.com\/en\/wp-json\/wp\/v2\/pages\/5361","targetHints":{"allow":["GET"]}}],"collection":[{"href":"https:\/\/www.linofleks.com\/en\/wp-json\/wp\/v2\/pages"}],"about":[{"href":"https:\/\/www.linofleks.com\/en\/wp-json\/wp\/v2\/types\/page"}],"author":[{"embeddable":true,"href":"https:\/\/www.linofleks.com\/en\/wp-json\/wp\/v2\/users\/1"}],"replies":[{"embeddable":true,"href":"https:\/\/www.linofleks.com\/en\/wp-json\/wp\/v2\/comments?post=5361"}],"version-history":[{"count":9,"href":"https:\/\/www.linofleks.com\/en\/wp-json\/wp\/v2\/pages\/5361\/revisions"}],"predecessor-version":[{"id":5874,"href":"https:\/\/www.linofleks.com\/en\/wp-json\/wp\/v2\/pages\/5361\/revisions\/5874"}],"wp:attachment":[{"href":"https:\/\/www.linofleks.com\/en\/wp-json\/wp\/v2\/media?parent=5361"}],"curies":[{"name":"wp","href":"https:\/\/api.w.org\/{rel}","templated":true}]}}