{"id":5025,"date":"2019-05-22T20:15:39","date_gmt":"2019-05-22T17:15:39","guid":{"rendered":"https:\/\/www.linofleks.com\/?page_id=5025"},"modified":"2019-05-23T17:00:32","modified_gmt":"2019-05-23T14:00:32","slug":"marmara-uni","status":"publish","type":"page","link":"https:\/\/www.linofleks.com\/en\/marmara-uni\/","title":{"rendered":"Marmara Uni"},"content":{"rendered":"<section class=\"wpb_row vc_row-fluid\"><div class=\"container\"><div class=\"row\"><div class=\"wpb_column vc_column_container vc_col-sm-12\"><div class=\"vc_column-inner\"><div class=\"wpb_wrapper\"  ><h2 style=\"text-align: center;font-family:Roboto;font-weight:500;font-style:normal\" class=\"vc_custom_heading\" >Commercial PVC Flooring - MARMARA UNI<\/h2><\/div><\/div><\/div><\/div><\/div><\/section><section class=\"wpb_row vc_row-fluid\"><div class=\"container\"><div class=\"row\"><div class=\"wpb_column vc_column_container vc_col-sm-8\"><div class=\"vc_column-inner\"><div class=\"wpb_wrapper\"  ><div class=\"avt_masterslider_el\" >\n\t\t<!-- MasterSlider -->\n\t\t<div id=\"P_MS69e149d6bfec2\" class=\"master-slider-parent ms-thumbs-template ms-parent-id-121\" style=\"max-width:1000px;\"  >\n\n\t\t\t\n\t\t\t<!-- MasterSlider Main -->\n\t\t\t<div id=\"MS69e149d6bfec2\" class=\"master-slider ms-skin-default\" >\n\t\t\t\t \t\t\t\t \n\t\t\t<div  class=\"ms-slide\" data-delay=\"3\" data-fill-mode=\"fill\"  data-id=\"1\"  >\n\t\t\t\t\t<img decoding=\"async\" src=\"https:\/\/www.linofleks.com\/wp-content\/plugins\/masterslider\/public\/assets\/css\/blank.gif\" alt=\"\" title=\"Above-One-743-Brick-\" data-src=\"https:\/\/www.linofleks.com\/wp-content\/uploads\/2019\/05\/4011-006.jpg\" \/>\n\n\t\t\t\t\t<div class=\"ms-info\"><h3><span style=\"color: #ffffff;\"><br \/>4011-006<\/span><\/h3><\/div>\n\n\n\t<img decoding=\"async\" class=\"ms-thumb\" src=\"https:\/\/www.linofleks.com\/wp-content\/uploads\/2019\/05\/4011-006.jpg\" alt=\"\" \/>\n\t\t\t\t<\/div>\n\t\t\t<div  class=\"ms-slide\" data-delay=\"3\" data-fill-mode=\"fill\"  data-id=\"745\"  >\n\t\t\t\t\t<img decoding=\"async\" src=\"https:\/\/www.linofleks.com\/wp-content\/plugins\/masterslider\/public\/assets\/css\/blank.gif\" alt=\"\" title=\"Above-One-743-Brick-\" data-src=\"https:\/\/www.linofleks.com\/wp-content\/uploads\/2019\/05\/4011-008.jpg\" \/>\n\n\t\t\t\t\t<div class=\"ms-info\"><h3><span style=\"color: #ffffff;\"><br \/>4011-008<\/span><\/h3><\/div>\n\n\n\t<img decoding=\"async\" class=\"ms-thumb\" src=\"https:\/\/www.linofleks.com\/wp-content\/uploads\/2019\/05\/4011-008.jpg\" alt=\"\" \/>\n\t\t\t\t<\/div>\n\t\t\t<div  class=\"ms-slide\" data-delay=\"3\" data-fill-mode=\"fill\"  data-id=\"746\"  >\n\t\t\t\t\t<img decoding=\"async\" src=\"https:\/\/www.linofleks.com\/wp-content\/plugins\/masterslider\/public\/assets\/css\/blank.gif\" alt=\"\" title=\"Above-One-755-Brick-\" data-src=\"https:\/\/www.linofleks.com\/wp-content\/uploads\/2019\/05\/4011-016.jpg\" \/>\n\n\t\t\t\t\t<div class=\"ms-info\"><h3><span style=\"color: #ffffff;\"><br \/>4011-016<\/span><\/h3><\/div>\n\n\n\t<img decoding=\"async\" class=\"ms-thumb\" src=\"https:\/\/www.linofleks.com\/wp-content\/uploads\/2019\/05\/4011-016.jpg\" alt=\"\" \/>\n\t\t\t\t<\/div>\n\t\t\t<div  class=\"ms-slide\" data-delay=\"3\" data-fill-mode=\"fill\"  data-id=\"747\"  >\n\t\t\t\t\t<img decoding=\"async\" src=\"https:\/\/www.linofleks.com\/wp-content\/plugins\/masterslider\/public\/assets\/css\/blank.gif\" alt=\"\" title=\"Above-One-777-Brick-\" data-src=\"https:\/\/www.linofleks.com\/wp-content\/uploads\/2019\/05\/4011-012.jpg\" \/>\n\n\t\t\t\t\t<div class=\"ms-info\"><h3><span style=\"color: #ffffff;\"><br \/>4011-012<\/span><\/h3><\/div>\n\n\n\t<img decoding=\"async\" class=\"ms-thumb\" src=\"https:\/\/www.linofleks.com\/wp-content\/uploads\/2019\/05\/4011-012.jpg\" alt=\"\" \/>\n\t\t\t\t<\/div>\n\t\t\t<div  class=\"ms-slide\" data-delay=\"3\" data-fill-mode=\"fill\"  data-id=\"776\"  >\n\t\t\t\t\t<img decoding=\"async\" src=\"https:\/\/www.linofleks.com\/wp-content\/plugins\/masterslider\/public\/assets\/css\/blank.gif\" alt=\"\" title=\"Above-one-749-Brick-\" data-src=\"https:\/\/www.linofleks.com\/wp-content\/uploads\/2019\/05\/4011-014.jpg\" \/>\n\n\t\t\t\t\t<div class=\"ms-info\"><h3><span style=\"color: #ffffff;\"><br \/>4011-014<\/span><\/h3><\/div>\n\n\n\t<img decoding=\"async\" class=\"ms-thumb\" src=\"https:\/\/www.linofleks.com\/wp-content\/uploads\/2019\/05\/4011-014.jpg\" alt=\"\" \/>\n\t\t\t\t<\/div>\n\t\t\t<div  class=\"ms-slide\" data-delay=\"3\" data-fill-mode=\"fill\"  data-id=\"776\"  >\n\t\t\t\t\t<img decoding=\"async\" src=\"https:\/\/www.linofleks.com\/wp-content\/plugins\/masterslider\/public\/assets\/css\/blank.gif\" alt=\"\" title=\"Above-one-749-Brick-\" data-src=\"https:\/\/www.linofleks.com\/wp-content\/uploads\/2019\/05\/4011-010.jpg\" \/>\n\n\t\t\t\t\t<div class=\"ms-info\"><h3><span style=\"color: #ffffff;\"><br \/>4011-010<\/span><\/h3><\/div>\n\n\n\t<img decoding=\"async\" class=\"ms-thumb\" src=\"https:\/\/www.linofleks.com\/wp-content\/uploads\/2019\/05\/4011-010.jpg\" alt=\"\" \/>\n\t\t\t\t<\/div>\n\t\t\t<div  class=\"ms-slide\" data-delay=\"3\" data-fill-mode=\"fill\"  data-id=\"776\"  >\n\t\t\t\t\t<img decoding=\"async\" src=\"https:\/\/www.linofleks.com\/wp-content\/plugins\/masterslider\/public\/assets\/css\/blank.gif\" alt=\"\" title=\"Above-one-749-Brick-\" data-src=\"https:\/\/www.linofleks.com\/wp-content\/uploads\/2019\/05\/4011-018.jpg\" \/>\n\n\t\t\t\t\t<div class=\"ms-info\"><h3><span style=\"color: #ffffff;\"><br \/>4011-018<\/span><\/h3><\/div>\n\n\n\t<img decoding=\"async\" class=\"ms-thumb\" src=\"https:\/\/www.linofleks.com\/wp-content\/uploads\/2019\/05\/4011-018.jpg\" alt=\"\" \/>\n\t\t\t\t<\/div>\n\t\t\t<div  class=\"ms-slide\" data-delay=\"3\" data-fill-mode=\"fill\"  data-id=\"776\"  >\n\t\t\t\t\t<img decoding=\"async\" src=\"https:\/\/www.linofleks.com\/wp-content\/plugins\/masterslider\/public\/assets\/css\/blank.gif\" alt=\"\" title=\"Above-one-749-Brick-\" data-src=\"https:\/\/www.linofleks.com\/wp-content\/uploads\/2019\/05\/4011-024.jpg\" \/>\n\n\t\t\t\t\t<div class=\"ms-info\"><h3><span style=\"color: #ffffff;\"><br \/>4011-024<\/span><\/h3><\/div>\n\n\n\t<img decoding=\"async\" class=\"ms-thumb\" src=\"https:\/\/www.linofleks.com\/wp-content\/uploads\/2019\/05\/4011-024.jpg\" alt=\"\" \/>\n\t\t\t\t<\/div>\n\t\t\t<div  class=\"ms-slide\" data-delay=\"3\" data-fill-mode=\"fill\"  data-id=\"776\"  >\n\t\t\t\t\t<img decoding=\"async\" src=\"https:\/\/www.linofleks.com\/wp-content\/plugins\/masterslider\/public\/assets\/css\/blank.gif\" alt=\"\" title=\"Above-one-749-Brick-\" data-src=\"https:\/\/www.linofleks.com\/wp-content\/uploads\/2019\/05\/4011-022.jpg\" \/>\n\n\t\t\t\t\t<div class=\"ms-info\"><h3><span style=\"color: #ffffff;\"><br \/>4011-022<\/span><\/h3><\/div>\n\n\n\t<img decoding=\"async\" class=\"ms-thumb\" src=\"https:\/\/www.linofleks.com\/wp-content\/uploads\/2019\/05\/4011-022.jpg\" alt=\"\" \/>\n\t\t\t\t<\/div>\n\t\t\t<div  class=\"ms-slide\" data-delay=\"3\" data-fill-mode=\"fill\"  data-id=\"776\"  >\n\t\t\t\t\t<img decoding=\"async\" src=\"https:\/\/www.linofleks.com\/wp-content\/plugins\/masterslider\/public\/assets\/css\/blank.gif\" alt=\"\" title=\"Above-one-749-Brick-\" data-src=\"https:\/\/www.linofleks.com\/wp-content\/uploads\/2019\/05\/4011-020.jpg\" \/>\n\n\t\t\t\t\t<div class=\"ms-info\"><h3><span style=\"color: #ffffff;\"><br \/>4011-020<\/span><\/h3><\/div>\n\n\n\t<img decoding=\"async\" class=\"ms-thumb\" src=\"https:\/\/www.linofleks.com\/wp-content\/uploads\/2019\/05\/4011-020.jpg\" alt=\"\" \/>\n\t\t\t\t<\/div>\n\n\t\t\t<\/div>\n\t\t\t<!-- END MasterSlider Main -->\n\n\t\t\t \n\t\t<\/div>\n\t\t<!-- END MasterSlider -->\n\n\t\t<script>\n\t\t( window.MSReady = window.MSReady || [] ).push( function( $ ) {\n\n\t\t\t\"use strict\";\n\t\t\tvar masterslider_fec2 = new MasterSlider();\n\n\t\t\t\/\/ slider controls\n\t\t\tmasterslider_fec2.control('arrows'     ,{ autohide:true, overVideo:true  });\n\t\t\tmasterslider_fec2.control('thumblist'  ,{ autohide:false, overVideo:false, dir:'h', speed:17, inset:false, arrows:true, hover:false, customClass:'', align:'bottom',type:'thumbs', margin:5, width:127, height:130, space:5, fillMode:'fill'  });\n\t\t\tmasterslider_fec2.control('slideinfo'  ,{ autohide:false, overVideo:false, dir:'v', align:'right',inset:true , margin:10   });\n\t\t\t\/\/ slider setup\n\t\t\tmasterslider_fec2.setup(\"MS69e149d6bfec2\", {\n\t\t\t\twidth           : 1000,\n\t\t\t\theight          : 500,\n\t\t\t\tminHeight       : 0,\n\t\t\t\tspace           : 0,\n\t\t\t\tstart           : 1,\n\t\t\t\tgrabCursor      : true,\n\t\t\t\tswipe           : true,\n\t\t\t\tmouse           : true,\n\t\t\t\tkeyboard        : false,\n\t\t\t\tlayout          : \"boxed\",\n\t\t\t\twheel           : false,\n\t\t\t\tautoplay        : true,\n                instantStartLayers:false,\n\t\t\t\tmobileBGVideo:false,\n\t\t\t\tloop            : false,\n\t\t\t\tshuffle         : false,\n\t\t\t\tpreload         : 0,\n\t\t\t\theightLimit     : true,\n\t\t\t\tautoHeight      : false,\n\t\t\t\tsmoothHeight    : true,\n\t\t\t\tendPause        : false,\n\t\t\t\toverPause       : false,\n\t\t\t\tfillMode        : \"fill\",\n\t\t\t\tcenterControls  : true,\n\t\t\t\tstartOnAppear   : false,\n\t\t\t\tlayersMode      : \"center\",\n\t\t\t\tautofillTarget  : \"\",\n\t\t\t\thideLayers      : false,\n\t\t\t\tfullscreenMargin: 0,\n\t\t\t\tspeed           : 20,\n\t\t\t\tdir             : \"h\",\n\t\t\t\tview            : \"mask\"\n\t\t\t});\n\n\t\t\t\n\t\t\twindow.masterslider_instances = window.masterslider_instances || [];\n\t\t\twindow.masterslider_instances.push( masterslider_fec2 );\n\t\t});\n\t\t<\/script>\n\n<\/div><div class=\"vc_empty_space\"\n\t  style=\"height: 32px\"><span class=\"vc_empty_space_inner\"><\/span><\/div>\n<\/div><\/div><\/div><div class=\"wpb_column vc_column_container vc_col-sm-4\"><div class=\"vc_column-inner\"><div class=\"wpb_wrapper\"  ><h4 style=\"text-align: left;font-family:Roboto;font-weight:500;font-style:normal\" class=\"vc_custom_heading\" >RESISTANT TO HIGH PEDESTRIAN TRAFFIC<\/h4>\n\t<div class=\"wpb_text_column wpb_content_element\" >\n\t\t<div class=\"wpb_wrapper\">\n\t\t\t<p>The Marmara series was designed for foot traffic caused by the heavy workload.<br \/>\nThanks to its extraordinary performance at all times and in daily use, it provides durability for many years.<\/p>\n\n\t\t<\/div>\n\t<\/div>\n\n\t<div class=\"wpb_text_column wpb_content_element\" >\n\t\t<div class=\"wpb_wrapper\">\n\t\t\t<p><img loading=\"lazy\" decoding=\"async\" class=\"size-full wp-image-5016 alignleft\" src=\"https:\/\/www.linofleks.com\/wp-content\/uploads\/2019\/05\/walk.png\" alt=\"\" width=\"64\" height=\"64\" \/>It provides superior resistance to scratches thanks to its wear layer. Resistant to foot traffic, wheelchair, etc.<\/p>\n\n\t\t<\/div>\n\t<\/div>\n\n\t<div class=\"wpb_text_column wpb_content_element\" >\n\t\t<div class=\"wpb_wrapper\">\n\t\t\t<p><img loading=\"lazy\" decoding=\"async\" class=\"size-full wp-image-5019 alignleft\" src=\"https:\/\/www.linofleks.com\/wp-content\/uploads\/2019\/05\/boxes2.png\" alt=\"\" width=\"64\" height=\"64\" \/>Marmara series pure PVC inner layer provides durability for many years thanks to its reinforced high performance.<\/p>\n\n\t\t<\/div>\n\t<\/div>\n\n\t<div class=\"wpb_text_column wpb_content_element\" >\n\t\t<div class=\"wpb_wrapper\">\n\t\t\t<p><img loading=\"lazy\" decoding=\"async\" class=\"size-full wp-image-5021 alignleft\" src=\"https:\/\/www.linofleks.com\/wp-content\/uploads\/2019\/05\/broom.png\" alt=\"\" width=\"64\" height=\"64\" \/>Thanks to the durable upper surface of Marmara, it does not keep stains and dirt on it, is highly resistant to chemicals, does not require polishing, and reduces maintenance costs.<\/p>\n\n\t\t<\/div>\n\t<\/div>\n<\/div><\/div><\/div><\/div><\/div><\/section>","protected":false},"excerpt":{"rendered":"Ticari PVC Zemin Kaplama - MARMARA UNI 4011-006 4011-008 4011-016 4011-012 4011-014 4011-010 4011-018 4011-024 4011-022 4011-020 YO\u011eUN YAYA TRAF\u0130\u011e\u0130NE DAYANIKLI Marmara serisi yo\u011fun i\u015f y\u00fck\u00fcn\u00fcn olu\u015fturdu\u011fu ayak trafi\u011fine g\u00f6re tasarland\u0131. T\u00fcm zamanlarda ve g\u00fcnl\u00fck kullan\u0131mda ola\u011fan\u00fcst\u00fc performans\u0131 sayesinde uzun y\u0131llar dayan\u0131m sa\u011flar. A\u015f\u0131nma tabakas\u0131 sayesinde \u00e7izilmelere kar\u015f\u0131 \u00fcst\u00fcn diren\u00e7 sa\u011flar. Ayak trafi\u011fi, tekerlekli sandalye, [...]","protected":false},"author":1,"featured_media":0,"parent":0,"menu_order":0,"comment_status":"closed","ping_status":"closed","template":"page-templates\/template-fullwidth.php","meta":{"footnotes":""},"class_list":["post-5025","page","type-page","status-publish","hentry"],"_links":{"self":[{"href":"https:\/\/www.linofleks.com\/en\/wp-json\/wp\/v2\/pages\/5025","targetHints":{"allow":["GET"]}}],"collection":[{"href":"https:\/\/www.linofleks.com\/en\/wp-json\/wp\/v2\/pages"}],"about":[{"href":"https:\/\/www.linofleks.com\/en\/wp-json\/wp\/v2\/types\/page"}],"author":[{"embeddable":true,"href":"https:\/\/www.linofleks.com\/en\/wp-json\/wp\/v2\/users\/1"}],"replies":[{"embeddable":true,"href":"https:\/\/www.linofleks.com\/en\/wp-json\/wp\/v2\/comments?post=5025"}],"version-history":[{"count":0,"href":"https:\/\/www.linofleks.com\/en\/wp-json\/wp\/v2\/pages\/5025\/revisions"}],"wp:attachment":[{"href":"https:\/\/www.linofleks.com\/en\/wp-json\/wp\/v2\/media?parent=5025"}],"curies":[{"name":"wp","href":"https:\/\/api.w.org\/{rel}","templated":true}]}}