{"id":4928,"date":"2019-05-20T20:09:29","date_gmt":"2019-05-20T17:09:29","guid":{"rendered":"https:\/\/www.linofleks.com\/?page_id=4928"},"modified":"2024-12-17T11:17:32","modified_gmt":"2024-12-17T08:17:32","slug":"ticari-pvc-zemin-kaplama","status":"publish","type":"page","link":"https:\/\/www.linofleks.com\/en\/ticari-pvc-zemin-kaplama\/","title":{"rendered":"Commercial PVC Flooring"},"content":{"rendered":"<section class=\"wpb_row vc_row-fluid\"><div class=\"container\"><div class=\"row\"><div class=\"wpb_column vc_column_container vc_col-sm-12\"><div class=\"vc_column-inner\"><div class=\"wpb_wrapper\"  ><div class=\"vc_empty_space\"\n\t  style=\"height: 32px\"><span class=\"vc_empty_space_inner\"><\/span><\/div>\n<h1 style=\"color: #848484;text-align: center;font-family:Roboto;font-weight:400;font-style:normal\" class=\"vc_custom_heading vc_custom_1598040673730\" >Commercial PVC Flooring<\/h1>\n\t<div class=\"wpb_text_column wpb_content_element\" >\n\t\t<div class=\"wpb_wrapper\">\n\t\t\t<p>Compact PVC provides a special solution for floors that are both waterproof and comply with many regulations and standards for offices, factories, hospitals, schools, workshops, clinics, industrial kitchens and similar wet areas and high traffic areas. As DOMESTIC PRODUCTION, all of the products offered in rolls with a width of 2 meters are suitable for welding applications. It is an industrial floor solution product not only as a design, but also as a dimensional stability, wear and maintenance-free product.<\/p>\n\n\t\t<\/div>\n\t<\/div>\n<h2 style=\"color: #848484;text-align: center;font-family:Roboto;font-weight:400;font-style:normal\" class=\"vc_custom_heading\" >Commercial PVC Floor Models<\/h2><\/div><\/div><\/div><div class=\"wpb_column vc_column_container vc_col-sm-12\"><div class=\"vc_column-inner\"><div class=\"wpb_wrapper\"  ><div class=\"vc_row wpb_row vc_inner vc_row-fluid\"><div class=\"wpb_column vc_column_container vc_col-sm-3\"><div class=\"vc_column-inner\"><div class=\"wpb_wrapper\"  ><\/div><\/div><\/div><div class=\"wpb_column vc_column_container vc_col-sm-3\"><div class=\"vc_column-inner\"><div class=\"wpb_wrapper\"  >        <style type=\"text\/css\">\r\n            .ih-item.circle .img:before {\r\n                box-shadow:             }\r\n            .title-w-des h2{\r\n             font-family: inherit;\r\n            }\r\n        <\/style>\r\n\r\n\t\t\r\n<style>\r\n.ct-hover1779.ct_icon_effect13 {\r\n  background-color:;\r\n}\r\n.ct-hover1779.ct_icon_effect13 figcaption {\r\n  background-color:rgba(192,10,39,0.62);\r\n}\r\n<\/style>\r\n\r\n<div class=\"\" data-wow-duration=\"\" >\r\n<figure class=\"ct-hover1779 ct_icon_effect13\">\r\n<img decoding=\"async\" src=\"https:\/\/www.linofleks.com\/wp-content\/uploads\/2019\/04\/pvc.jpg\" \/>\r\n  <figcaption>\r\n    <h3 style=\"        font-size:px;        color: ;        \">Marmara<\/h3>\r\n    <h5 style=\"        font-size:px;        color: ;        \">Commercial PVC Flooring<\/h5>\r\n  <\/figcaption>\r\n  <a href=\"https:\/\/www.linofleks.com\/en\/marmara\/\"><\/a>\r\n<\/figure>\r\n<\/div>\r\n\r\n\r\n\r\n\t\t<\/div><\/div><\/div><div class=\"wpb_column vc_column_container vc_col-sm-3\"><div class=\"vc_column-inner\"><div class=\"wpb_wrapper\"  >        <style type=\"text\/css\">\r\n            .ih-item.circle .img:before {\r\n                box-shadow:             }\r\n            .title-w-des h2{\r\n             font-family: inherit;\r\n            }\r\n        <\/style>\r\n\r\n\t\t\r\n<style>\r\n.ct-hover1519.ct_icon_effect13 {\r\n  background-color:;\r\n}\r\n.ct-hover1519.ct_icon_effect13 figcaption {\r\n  background-color:rgba(192,10,39,0.62);\r\n}\r\n<\/style>\r\n\r\n<div class=\"\" data-wow-duration=\"\" >\r\n<figure class=\"ct-hover1519 ct_icon_effect13\">\r\n<img decoding=\"async\" src=\"https:\/\/www.linofleks.com\/wp-content\/uploads\/2019\/04\/pvc.jpg\" \/>\r\n  <figcaption>\r\n    <h3 style=\"        font-size:px;        color: ;        \">Marmara Un\u0131<\/h3>\r\n    <h5 style=\"        font-size:px;        color: ;        \">Commercial PVC Flooring<\/h5>\r\n  <\/figcaption>\r\n  <a href=\"https:\/\/www.linofleks.com\/en\/marmara-uni\/\"><\/a>\r\n<\/figure>\r\n<\/div>\r\n\r\n\r\n\r\n\t\t<\/div><\/div><\/div><div class=\"wpb_column vc_column_container vc_col-sm-3\"><div class=\"vc_column-inner\"><div class=\"wpb_wrapper\"  ><\/div><\/div><\/div><\/div><\/div><\/div><\/div><\/div><\/div><\/section><section class=\"wpb_row vc_row-fluid\"><div class=\"container\"><div class=\"row\"><div class=\"wpb_column vc_column_container vc_col-sm-12\"><div class=\"vc_column-inner\"><div class=\"wpb_wrapper\"  ><div class=\"vc_empty_space\"\n\t  style=\"height: 92px\"><span class=\"vc_empty_space_inner\"><\/span><\/div>\n<\/div><\/div><\/div><\/div><\/div><\/section>","protected":false},"excerpt":{"rendered":"Ticari PVC Zemin Kaplama Kompact PVC ofis, fabrika, hastane, okul, at\u00f6lye, klinik, end\u00fcstriyel mutfak ve benzeri \u0131slak hacim ve y\u00fcksek trafik alanlar i\u00e7in hem su ge\u00e7irmez hem de bir\u00e7ok y\u00f6netmelik ve standartlara uygun zeminler i\u00e7in \u00f6zel bir \u00e7\u00f6z\u00fcm sa\u011flar. YERL\u0130 \u00dcRET\u0130M olarak 2 metre eninde ve rulo halinde sunulan \u00fcr\u00fcnlerin tamam\u0131 kaynak uygulamalar\u0131na uygundur. Sadece [...]","protected":false},"author":1,"featured_media":0,"parent":0,"menu_order":0,"comment_status":"closed","ping_status":"closed","template":"page-templates\/template-fullwidth.php","meta":{"footnotes":""},"class_list":["post-4928","page","type-page","status-publish","hentry"],"_links":{"self":[{"href":"https:\/\/www.linofleks.com\/en\/wp-json\/wp\/v2\/pages\/4928","targetHints":{"allow":["GET"]}}],"collection":[{"href":"https:\/\/www.linofleks.com\/en\/wp-json\/wp\/v2\/pages"}],"about":[{"href":"https:\/\/www.linofleks.com\/en\/wp-json\/wp\/v2\/types\/page"}],"author":[{"embeddable":true,"href":"https:\/\/www.linofleks.com\/en\/wp-json\/wp\/v2\/users\/1"}],"replies":[{"embeddable":true,"href":"https:\/\/www.linofleks.com\/en\/wp-json\/wp\/v2\/comments?post=4928"}],"version-history":[{"count":5,"href":"https:\/\/www.linofleks.com\/en\/wp-json\/wp\/v2\/pages\/4928\/revisions"}],"predecessor-version":[{"id":5934,"href":"https:\/\/www.linofleks.com\/en\/wp-json\/wp\/v2\/pages\/4928\/revisions\/5934"}],"wp:attachment":[{"href":"https:\/\/www.linofleks.com\/en\/wp-json\/wp\/v2\/media?parent=4928"}],"curies":[{"name":"wp","href":"https:\/\/api.w.org\/{rel}","templated":true}]}}